{"id":157155,"date":"2022-09-28T16:44:28","date_gmt":"2022-09-28T16:44:28","guid":{"rendered":"http:\/\/climalife.com\/product\/acitest-unipro-ww\/"},"modified":"2025-04-22T10:05:46","modified_gmt":"2025-04-22T10:05:46","slug":"acitest-unipro-ww","status":"publish","type":"product","link":"https:\/\/climalife.com\/de\/product\/acitest-unipro-ww\/","title":{"rendered":"Acitest Unipro WW"},"content":{"rendered":"<p>Es gibt einen Hinweis auf seinen Zustand: <span >gut<\/span>,<span > grenzwertig<\/span>,<span > sauer.<\/span><\/p>\n<p >Dieser S&auml;uregehaltstest bietet eine schnelle Diagnose, die die Sicherheit und Produktivit&auml;t der Anlage erh&ouml;ht, indem das Risiko von Br&uuml;chen und m&ouml;glichen Ausf&auml;llen aufgrund des S&auml;uregehalts des &Ouml;ls verringert wird.<\/p>\n","protected":false},"excerpt":{"rendered":"<p>Das von Climalife entwickelte Acitest Unipro WW erm\u00f6glicht die sofortige \u00dcberpr\u00fcfung des S\u00e4uregehalts von additiviertem und nicht-additiviertem K\u00e4ltemaschinen\u00f6l, unabh\u00e4ngig von seinem Typ.<\/p>\n","protected":false},"featured_media":132165,"comment_status":"open","ping_status":"closed","template":"","meta":[],"countries":[4674,4709,4756,4813,4831,4862],"product_brand":[],"product_cat":[9983,9974,9947,9938,9965,9992,13057,13092,13126,9364],"product_tag":[],"class_list":{"0":"post-157155","1":"product","2":"type-product","3":"status-publish","4":"has-post-thumbnail","6":"countries-by","7":"countries-cu","8":"countries-ir","9":"countries-kp","10":"countries-ru","11":"countries-sy","12":"product_cat-luftfahrt-raumfahrt-ruestung","13":"product_cat-automobil-transport","14":"product_cat-gebaeude","15":"product_cat-lebensmittel","16":"product_cat-gesundheit-wellness","17":"product_cat-weitere-industrie","18":"product_cat-klimatechnik","19":"product_cat-heizung","20":"product_cat-kaeltetechnik","21":"product_cat-kaeltemaschinenoelanalyse","22":"pa_packaging-box-mit-6-einheiten-de-1","24":"first","25":"instock","26":"shipping-taxable","27":"purchasable","28":"product-type-variable"},"_links":{"self":[{"href":"https:\/\/climalife.com\/de\/wp-json\/wp\/v2\/product\/157155","targetHints":{"allow":["GET"]}}],"collection":[{"href":"https:\/\/climalife.com\/de\/wp-json\/wp\/v2\/product"}],"about":[{"href":"https:\/\/climalife.com\/de\/wp-json\/wp\/v2\/types\/product"}],"replies":[{"embeddable":true,"href":"https:\/\/climalife.com\/de\/wp-json\/wp\/v2\/comments?post=157155"}],"wp:featuredmedia":[{"embeddable":true,"href":"https:\/\/climalife.com\/de\/wp-json\/wp\/v2\/media\/132165"}],"wp:attachment":[{"href":"https:\/\/climalife.com\/de\/wp-json\/wp\/v2\/media?parent=157155"}],"wp:term":[{"taxonomy":"countries","embeddable":true,"href":"https:\/\/climalife.com\/de\/wp-json\/wp\/v2\/countries?post=157155"},{"taxonomy":"product_brand","embeddable":true,"href":"https:\/\/climalife.com\/de\/wp-json\/wp\/v2\/product_brand?post=157155"},{"taxonomy":"product_cat","embeddable":true,"href":"https:\/\/climalife.com\/de\/wp-json\/wp\/v2\/product_cat?post=157155"},{"taxonomy":"product_tag","embeddable":true,"href":"https:\/\/climalife.com\/de\/wp-json\/wp\/v2\/product_tag?post=157155"}],"curies":[{"name":"wp","href":"https:\/\/api.w.org\/{rel}","templated":true}]}}