{"id":157156,"date":"2022-09-28T16:44:33","date_gmt":"2022-09-28T16:44:33","guid":{"rendered":"http:\/\/climalife.com\/product\/mobil-eal-arctic-und-shc-gargoyle\/"},"modified":"2024-09-05T09:39:22","modified_gmt":"2024-09-05T09:39:22","slug":"mobil-eal-arctic-und-shc-gargoyle","status":"publish","type":"product","link":"https:\/\/climalife.com\/de\/product\/mobil-eal-arctic-und-shc-gargoyle\/","title":{"rendered":"Mobil EAL Arctic"},"content":{"rendered":"<p>Ihre Formulierung aus synthetischen POEs und speziell ausgew\u00e4hlten Additiven verleiht ihnen hervorragende Schmiereigenschaften; neben ihrer hervorragenden chemischen, thermischen und Hydrolyse-Stabilit\u00e4t sch\u00fctzen sie das Material sehr effektiv vor Verschlei\u00df.<\/p>\n","protected":false},"excerpt":{"rendered":"<p>Die \u00d6le der Mobil EAL Arctic und Mobil SHC\u2122 Gargoyle 32 Reihe sind vollsynthetische Hochleistungsschmierstoffe, die speziell f\u00fcr die Schmierung von Verdichtern in K\u00e4ltesystemen entwickelt wurden, die mit HFKW, HFO und HFO-Mischungen betrieben werden; insbesondere K\u00e4ltemittel A1 und A2L gem\u00e4\u00df der Sicherheitsspezifikation ASHRAE 34\/ISO 817.<\/p>\n<p>Die Mobil EAL Arctic-Reihe\u00a0Mobil SHC\u2122 Gargoyle 32 sind in den ISO-Viskosit\u00e4tsgraden 15 bis 220 erh\u00e4ltlich.<\/p>\n","protected":false},"featured_media":121860,"comment_status":"open","ping_status":"closed","template":"","meta":[],"countries":[4674,4709,4756,4813,4831,4862],"product_brand":[],"product_cat":[9983,9974,9947,9938,9965,9992,13057,13092,13126,13420],"product_tag":[],"class_list":{"0":"post-157156","1":"product","2":"type-product","3":"status-publish","4":"has-post-thumbnail","6":"countries-by","7":"countries-cu","8":"countries-ir","9":"countries-kp","10":"countries-ru","11":"countries-sy","12":"product_cat-luftfahrt-raumfahrt-ruestung","13":"product_cat-automobil-transport","14":"product_cat-gebaeude","15":"product_cat-lebensmittel","16":"product_cat-gesundheit-wellness","17":"product_cat-weitere-industrie","18":"product_cat-klimatechnik","19":"product_cat-heizung","20":"product_cat-kaeltetechnik","21":"product_cat-poe-de","22":"pa_packaging-kanister-20-l-de-36","23":"pa_packaging-5-l-kanister-de-35","24":"pa_packaging-fass-208-l-de-49","26":"first","27":"instock","28":"shipping-taxable","29":"purchasable","30":"product-type-variable"},"_links":{"self":[{"href":"https:\/\/climalife.com\/de\/wp-json\/wp\/v2\/product\/157156","targetHints":{"allow":["GET"]}}],"collection":[{"href":"https:\/\/climalife.com\/de\/wp-json\/wp\/v2\/product"}],"about":[{"href":"https:\/\/climalife.com\/de\/wp-json\/wp\/v2\/types\/product"}],"replies":[{"embeddable":true,"href":"https:\/\/climalife.com\/de\/wp-json\/wp\/v2\/comments?post=157156"}],"wp:featuredmedia":[{"embeddable":true,"href":"https:\/\/climalife.com\/de\/wp-json\/wp\/v2\/media\/121860"}],"wp:attachment":[{"href":"https:\/\/climalife.com\/de\/wp-json\/wp\/v2\/media?parent=157156"}],"wp:term":[{"taxonomy":"countries","embeddable":true,"href":"https:\/\/climalife.com\/de\/wp-json\/wp\/v2\/countries?post=157156"},{"taxonomy":"product_brand","embeddable":true,"href":"https:\/\/climalife.com\/de\/wp-json\/wp\/v2\/product_brand?post=157156"},{"taxonomy":"product_cat","embeddable":true,"href":"https:\/\/climalife.com\/de\/wp-json\/wp\/v2\/product_cat?post=157156"},{"taxonomy":"product_tag","embeddable":true,"href":"https:\/\/climalife.com\/de\/wp-json\/wp\/v2\/product_tag?post=157156"}],"curies":[{"name":"wp","href":"https:\/\/api.w.org\/{rel}","templated":true}]}}