{"id":160095,"date":"2022-09-28T17:39:23","date_gmt":"2022-09-28T17:39:23","guid":{"rendered":"http:\/\/climalife.com\/product\/controller-mgs-402-mgs-408-lecksuchzentralen\/"},"modified":"2024-01-25T13:53:40","modified_gmt":"2024-01-25T13:53:40","slug":"controller-mgs-402-mgs-408-lecksuchzentralen","status":"publish","type":"product","link":"https:\/\/climalife.com\/de\/product\/controller-mgs-402-mgs-408-lecksuchzentralen\/","title":{"rendered":"Controller MGS-402 | MGS-408: Lecksuchzentralen"},"content":{"rendered":"<p>Die Installation eines Leckageerkennungssystems erf\u00fcllt nicht nur die gesetzlichen Vorschriften, sondern gew\u00e4hrleistet auch die Sicherheit der Personen (Betreiber, Betreiber, Angestellte), den <strong>Schutz der Umwelt und finanzielle Einsparungen<\/strong>.<\/p>\n<p><strong>Der MGS-402 Controller kann bis zu 2\u00a0<a href=\"https:\/\/de.climalife.dehon.com\/gaswarnsystem-mgs-400-serie\" rel=\"noopener\">MGS-410<\/a> Melder anschlie\u00dfen<\/strong>, um eine Zentrale mit 2 Sonden, 2 Erfassungsstufen zu bilden.<\/p>\n<p>Der <strong>MGS-408 Controller kann bis zu 8\u00a0<a href=\"https:\/\/de.climalife.dehon.com\/gaswarnsystem-mgs-400-serie\" target=\"_blank\" rel=\"noopener\">MGS-410, MGS-450, MGS-460<\/a> oder\u00a0<a href=\"https:\/\/de.climalife.dehon.com\/gaswarnsystem-mgs-550\" target=\"_blank\" rel=\"noopener\">MGS-550<\/a> Melder<\/strong> zu einer 8-Sonden-Meldezentrale mit 2 Detektionsebenen verbinden.<\/p>\n<p>Diese Ger\u00e4te k\u00f6nnen an ein zentrales Geb\u00e4udemanagementsystem angeschlossen werden.<\/p>\n<p><em>Sie erf\u00fcllen die Anforderungen der Sicherheitsstandards EN 378 und ASHRAE 15 f\u00fcr die Lecksuche.<\/em><\/p>\n<p>&nbsp;<\/p>\n<p>Video &#8211; Pr\u00e4sentation MGS 402:<\/p>\n<p>&nbsp;<\/p>\n<p>&nbsp;<\/p>\n<p><iframe loading=\"lazy\" src=\"\/\/www.youtube.com\/embed\/6YpxnOo5NPA\" width=\"425\" height=\"350\"><\/iframe><\/p>\n<p>&nbsp;<\/p>\n","protected":false},"excerpt":{"rendered":"<p>Die Bacharach Controller MGS-402 und MGS-408 verbinden die Melder der Serien\u00a0MGS-400 und\u00a0MGS-550 und bilden so Zentralen f\u00fcr die Lecksuche von K\u00e4ltemitteln sowie giftigen und brennbaren Gasen.<\/p>\n","protected":false},"featured_media":132255,"comment_status":"open","ping_status":"closed","template":"","meta":[],"countries":[4674,4709,4756,4813,4831,4862],"product_brand":[],"product_cat":[9983,9947,9938,9965,9992,13057,13092,13126,9270],"product_tag":[],"class_list":{"0":"post-160095","1":"product","2":"type-product","3":"status-publish","4":"has-post-thumbnail","6":"countries-by","7":"countries-cu","8":"countries-ir","9":"countries-kp","10":"countries-ru","11":"countries-sy","12":"product_cat-luftfahrt-raumfahrt-ruestung","13":"product_cat-gebaeude","14":"product_cat-lebensmittel","15":"product_cat-gesundheit-wellness","16":"product_cat-weitere-industrie","17":"product_cat-klimatechnik","18":"product_cat-heizung","19":"product_cat-kaeltetechnik","20":"product_cat-gaswarngeraete","22":"first","23":"instock","24":"shipping-taxable","25":"purchasable","26":"product-type-variable"},"_links":{"self":[{"href":"https:\/\/climalife.com\/de\/wp-json\/wp\/v2\/product\/160095","targetHints":{"allow":["GET"]}}],"collection":[{"href":"https:\/\/climalife.com\/de\/wp-json\/wp\/v2\/product"}],"about":[{"href":"https:\/\/climalife.com\/de\/wp-json\/wp\/v2\/types\/product"}],"replies":[{"embeddable":true,"href":"https:\/\/climalife.com\/de\/wp-json\/wp\/v2\/comments?post=160095"}],"wp:featuredmedia":[{"embeddable":true,"href":"https:\/\/climalife.com\/de\/wp-json\/wp\/v2\/media\/132255"}],"wp:attachment":[{"href":"https:\/\/climalife.com\/de\/wp-json\/wp\/v2\/media?parent=160095"}],"wp:term":[{"taxonomy":"countries","embeddable":true,"href":"https:\/\/climalife.com\/de\/wp-json\/wp\/v2\/countries?post=160095"},{"taxonomy":"product_brand","embeddable":true,"href":"https:\/\/climalife.com\/de\/wp-json\/wp\/v2\/product_brand?post=160095"},{"taxonomy":"product_cat","embeddable":true,"href":"https:\/\/climalife.com\/de\/wp-json\/wp\/v2\/product_cat?post=160095"},{"taxonomy":"product_tag","embeddable":true,"href":"https:\/\/climalife.com\/de\/wp-json\/wp\/v2\/product_tag?post=160095"}],"curies":[{"name":"wp","href":"https:\/\/api.w.org\/{rel}","templated":true}]}}