{"id":160137,"date":"2022-09-28T17:39:45","date_gmt":"2022-09-28T17:39:45","guid":{"rendered":"http:\/\/climalife.com\/product\/gaswarnsystem-mgs-400-serie\/"},"modified":"2024-01-25T13:53:36","modified_gmt":"2024-01-25T13:53:36","slug":"gaswarnsystem-mgs-400-serie","status":"publish","type":"product","link":"https:\/\/climalife.com\/de\/product\/gaswarnsystem-mgs-400-serie\/","title":{"rendered":"Gaswarnsystem MGS 400 Serie"},"content":{"rendered":"<p>&nbsp;<\/p>\n<p>Diese Melder entsprechen den geltenden Normen (ASHRAE 15, EN 378, CSA-B52). Sie sind einfach zu nstallieren und zu konfigurieren, effizient und sparen Zeit und Geld sowohl bei dem Ger\u00e4t als bei der Anlage.<\/p>\n<p class=\"offset-left\"><strong><br \/>\nDie Pluspunkte der MGS 400-Serie:<\/strong><\/p>\n<p class=\"offset-left\"><strong>\u2022<\/strong>\u00a0 <strong>Vernetzte Melder<\/strong>: Die App MGS 400 erm\u00f6glicht die Inbetriebnahme, die Wartung und die Konfiguration des <strong>MGS 410, MGS 450 und MGS 460<\/strong> \u00fcber ein Smartphone. Sie dient auch zur Visualisierung der Messungen in Echtzeit, zum Testen der Austritte und zur Kalibrierung des Detektors.<\/p>\n<p>&nbsp;<\/p>\n<p class=\"offset-left\"><strong>\u2022<\/strong>\u00a0 Eingebauter akustischer und optischer Alarm f\u00fcr die Einhaltung der Sicherheitsvorschriften in der K\u00e4ltetechnik &#8211; keine zus\u00e4tzlichen Ger\u00e4te erforderlich.<\/p>\n<p class=\"offset-left\"><strong>\u2022<\/strong>\u00a0 Erh\u00e4ltlich f\u00fcr <strong>eine Vielzahl von K\u00e4ltemitteln.<\/strong><\/p>\n<p class=\"offset-left\"><strong>\u2022<\/strong>\u00a0\u00a0 Der Sensorwechsel wird durch vorkalibrierte Plug-and-Play-Sensoren <strong>vereinfacht<\/strong>.<\/p>\n<table border=\"1\" width=\"581\">\n<tbody>\n<tr>\n<td><strong>Funktionalit\u00e4ten<\/strong><\/td>\n<td><strong>\u00a0MGS-410<\/strong><\/td>\n<td><strong>MGS-450<\/strong><\/td>\n<td><strong>MGS-460<\/strong><\/td>\n<\/tr>\n<tr>\n<td>IP41<\/td>\n<td><\/td>\n<td>\u00a0<span class=\"ILfuVd\"><span class=\"hgKElc\">\u2714<\/span><\/span><\/td>\n<td><\/td>\n<\/tr>\n<tr>\n<td>IP66<\/td>\n<td>\u00a0<span class=\"ILfuVd\"><span class=\"hgKElc\">\u2714<\/span><\/span><\/td>\n<td>\u00a0<span class=\"ILfuVd\"><span class=\"hgKElc\">\u2714<\/span><\/span><\/td>\n<td>\u00a0<span class=\"ILfuVd\"><span class=\"hgKElc\">\u2714<\/span><\/span><\/td>\n<\/tr>\n<tr>\n<td>Modbus<\/td>\n<td>\u00a0<span class=\"ILfuVd\"><span class=\"hgKElc\">\u2714<\/span><\/span><\/td>\n<td>\u00a0<span class=\"ILfuVd\"><span class=\"hgKElc\">\u2714<\/span><\/span><\/td>\n<td>\u00a0<span class=\"ILfuVd\"><span class=\"hgKElc\">\u2714<\/span><\/span><\/td>\n<\/tr>\n<tr>\n<td>3 Relais<\/td>\n<td><\/td>\n<td>\u00a0<span class=\"ILfuVd\"><span class=\"hgKElc\">\u2714<\/span><\/span><\/td>\n<td>\u00a0<span class=\"ILfuVd\"><span class=\"hgKElc\">\u2714<\/span><\/span><\/td>\n<\/tr>\n<tr>\n<td>Analoger Ausgang<\/td>\n<td><\/td>\n<td>\u00a0<span class=\"ILfuVd\"><span class=\"hgKElc\">\u2714<\/span><\/span><\/td>\n<td>\u00a0<span class=\"ILfuVd\"><span class=\"hgKElc\">\u2714<\/span><\/span><\/td>\n<\/tr>\n<tr>\n<td>Ferngesteuerte Sonde<\/td>\n<td><\/td>\n<td><\/td>\n<td>\u00a0<span class=\"ILfuVd\"><span class=\"hgKElc\">\u2714<\/span><\/span><\/td>\n<\/tr>\n<tr>\n<td>MGS 400 Anwendungskompatibilit\u00e4t (Einstellung)<\/td>\n<td>\u00a0<span class=\"ILfuVd\"><span class=\"hgKElc\">\u2714<\/span><\/span><\/td>\n<td>\u00a0<span class=\"ILfuVd\"><span class=\"hgKElc\">\u2714<\/span><\/span><\/td>\n<td>\u00a0<span class=\"ILfuVd\"><span class=\"hgKElc\">\u2714<\/span><\/span><\/td>\n<\/tr>\n<tr>\n<td>Sonde<\/td>\n<td><strong>\u00a01 integrierter F\u00fchler<\/strong><\/td>\n<td><strong>1 integrierter F\u00fchler<\/strong><\/td>\n<td><strong>1 integrierter F\u00fchler<\/strong><\/td>\n<\/tr>\n<tr>\n<td>Alarmstufe(n)<\/td>\n<td><strong>\u00a01<\/strong><\/td>\n<td><strong>2<\/strong><\/td>\n<td><strong>2<\/strong><\/td>\n<\/tr>\n<tr>\n<td>kompatibel mit MGS-402 und MGS-408<\/td>\n<td>\u00a0<span class=\"ILfuVd\"><span class=\"hgKElc\">\u2714<\/span><\/span><\/td>\n<td>\u00a0<span class=\"ILfuVd\"><span class=\"hgKElc\">\u2714<\/span><\/span><\/td>\n<td>\u00a0<span class=\"ILfuVd\"><span class=\"hgKElc\">\u2714<\/span><\/span><\/td>\n<\/tr>\n<\/tbody>\n<\/table>\n","protected":false},"excerpt":{"rendered":"<p>Die\u00a0Gaswarnger\u00e4te der Serie MGS-400 von Bacharach sind fest installierte K\u00e4ltemittellecksucher, die f\u00fcr alle K\u00e4lteanlagen geeignet sind. Sie wurden f\u00fcr die Detektion von K\u00e4ltemitteln, toxischen und brennbaren Gasen entwickelt und detektieren HFOs \/ Mischungen (HFO-HFCs) \/ HFCs \/ R-290 \/ NH3 \/ CO2 und tragen dazu bei, die Sicherheit von Personen zu gew\u00e4hrleisten und gleichzeitig Leckagen zu reduzieren.<\/p>\n","protected":false},"featured_media":131265,"comment_status":"open","ping_status":"closed","template":"","meta":[],"countries":[4674,4709,4756,4760,4804,4813,4831,4862],"product_brand":[],"product_cat":[9983,9947,9956,9938,9965,9992,13057,13092,13110,13126,9270],"product_tag":[],"class_list":{"0":"post-160137","1":"product","2":"type-product","3":"status-publish","4":"has-post-thumbnail","6":"countries-by","7":"countries-cu","8":"countries-ir","9":"countries-it","10":"countries-nl","11":"countries-kp","12":"countries-ru","13":"countries-sy","14":"product_cat-luftfahrt-raumfahrt-ruestung","15":"product_cat-gebaeude","16":"product_cat-energie","17":"product_cat-lebensmittel","18":"product_cat-gesundheit-wellness","19":"product_cat-weitere-industrie","20":"product_cat-klimatechnik","21":"product_cat-heizung","22":"product_cat-orc-organischer-rankin-zyklus","23":"product_cat-kaeltetechnik","24":"product_cat-gaswarngeraete","25":"pa_packaging-einheit-de-25","27":"first","28":"instock","29":"shipping-taxable","30":"purchasable","31":"product-type-variable"},"_links":{"self":[{"href":"https:\/\/climalife.com\/de\/wp-json\/wp\/v2\/product\/160137","targetHints":{"allow":["GET"]}}],"collection":[{"href":"https:\/\/climalife.com\/de\/wp-json\/wp\/v2\/product"}],"about":[{"href":"https:\/\/climalife.com\/de\/wp-json\/wp\/v2\/types\/product"}],"replies":[{"embeddable":true,"href":"https:\/\/climalife.com\/de\/wp-json\/wp\/v2\/comments?post=160137"}],"wp:featuredmedia":[{"embeddable":true,"href":"https:\/\/climalife.com\/de\/wp-json\/wp\/v2\/media\/131265"}],"wp:attachment":[{"href":"https:\/\/climalife.com\/de\/wp-json\/wp\/v2\/media?parent=160137"}],"wp:term":[{"taxonomy":"countries","embeddable":true,"href":"https:\/\/climalife.com\/de\/wp-json\/wp\/v2\/countries?post=160137"},{"taxonomy":"product_brand","embeddable":true,"href":"https:\/\/climalife.com\/de\/wp-json\/wp\/v2\/product_brand?post=160137"},{"taxonomy":"product_cat","embeddable":true,"href":"https:\/\/climalife.com\/de\/wp-json\/wp\/v2\/product_cat?post=160137"},{"taxonomy":"product_tag","embeddable":true,"href":"https:\/\/climalife.com\/de\/wp-json\/wp\/v2\/product_tag?post=160137"}],"curies":[{"name":"wp","href":"https:\/\/api.w.org\/{rel}","templated":true}]}}