{"id":160188,"date":"2022-09-28T17:40:00","date_gmt":"2022-09-28T17:40:00","guid":{"rendered":"http:\/\/climalife.com\/product\/desoxyclean\/"},"modified":"2024-01-25T13:53:35","modified_gmt":"2024-01-25T13:53:35","slug":"desoxyclean","status":"publish","type":"product","link":"https:\/\/climalife.com\/de\/product\/desoxyclean\/","title":{"rendered":"Desoxyclean"},"content":{"rendered":"<p>Desoxyclean ist f\u00fcr die Anwendung in einer verd\u00fcnnten L\u00f6sung von 5-20% in einem geschlossenen Kreislauf vorgesehen und eignet sich f\u00fcr den Einsatz bei g\u00e4ngigen Materialien wie Kupfer, Aluminium, Stahl, Edelstahl, Messing, Eisen, Gummi, Kunststoff und Keramik.<br \/>\nNach der Verwendung von Desoxyclean muss der Kreislauf zuerst mit Dispersant D und anschlie\u00dfend mit Wasser gesp\u00fclt werden.<\/p>\n","protected":false},"excerpt":{"rendered":"<p>Desoxyclean ist der Nachfolger von Desoxidant P, ein Reinigungsmittel f\u00fcr den professionellen Einsatz. Er ist f\u00fcr die Reinigung und Entfernung von Oberfl\u00e4chenkorrosion, Kesselstein und Schlamm aus Rohren in W\u00e4rme\u00fcbertragungs- oder Wassersystemen bestimmt.<\/p>\n","protected":false},"featured_media":131085,"comment_status":"open","ping_status":"closed","template":"","meta":[],"countries":[4674,4709,4756,4813,4831,4862],"product_brand":[],"product_cat":[9956,13135,9947,9965,13092,13126,13057,9938,9983,9355,9992],"product_tag":[],"class_list":{"0":"post-160188","1":"product","2":"type-product","3":"status-publish","4":"has-post-thumbnail","6":"countries-by","7":"countries-cu","8":"countries-ir","9":"countries-kp","10":"countries-ru","11":"countries-sy","12":"product_cat-energie","13":"product_cat-erneuerbare-energie","14":"product_cat-gebaeude","15":"product_cat-gesundheit-wellness","16":"product_cat-heizung","17":"product_cat-kaeltetechnik","18":"product_cat-klimatechnik","19":"product_cat-lebensmittel","20":"product_cat-luftfahrt-raumfahrt-ruestung","21":"product_cat-reinigung-der-kaelte-waermetraeger-kreislaeufe","22":"product_cat-weitere-industrie","23":"pa_packaging-container-1000-kg-de-139","24":"pa_packaging-fut-200-kg-de-353","25":"pa_packaging-20-kg-kanister-de-38","27":"first","28":"instock","29":"shipping-taxable","30":"purchasable","31":"product-type-variable"},"_links":{"self":[{"href":"https:\/\/climalife.com\/de\/wp-json\/wp\/v2\/product\/160188","targetHints":{"allow":["GET"]}}],"collection":[{"href":"https:\/\/climalife.com\/de\/wp-json\/wp\/v2\/product"}],"about":[{"href":"https:\/\/climalife.com\/de\/wp-json\/wp\/v2\/types\/product"}],"replies":[{"embeddable":true,"href":"https:\/\/climalife.com\/de\/wp-json\/wp\/v2\/comments?post=160188"}],"wp:featuredmedia":[{"embeddable":true,"href":"https:\/\/climalife.com\/de\/wp-json\/wp\/v2\/media\/131085"}],"wp:attachment":[{"href":"https:\/\/climalife.com\/de\/wp-json\/wp\/v2\/media?parent=160188"}],"wp:term":[{"taxonomy":"countries","embeddable":true,"href":"https:\/\/climalife.com\/de\/wp-json\/wp\/v2\/countries?post=160188"},{"taxonomy":"product_brand","embeddable":true,"href":"https:\/\/climalife.com\/de\/wp-json\/wp\/v2\/product_brand?post=160188"},{"taxonomy":"product_cat","embeddable":true,"href":"https:\/\/climalife.com\/de\/wp-json\/wp\/v2\/product_cat?post=160188"},{"taxonomy":"product_tag","embeddable":true,"href":"https:\/\/climalife.com\/de\/wp-json\/wp\/v2\/product_tag?post=160188"}],"curies":[{"name":"wp","href":"https:\/\/api.w.org\/{rel}","templated":true}]}}