{"id":160251,"date":"2022-09-28T17:40:33","date_gmt":"2022-09-28T17:40:33","guid":{"rendered":"http:\/\/climalife.com\/product\/mobil-gargoyle-arctic-68-nh\/"},"modified":"2024-01-25T13:53:32","modified_gmt":"2024-01-25T13:53:32","slug":"mobil-gargoyle-arctic-68-nh","status":"publish","type":"product","link":"https:\/\/climalife.com\/de\/product\/mobil-gargoyle-arctic-68-nh\/","title":{"rendered":"MOBIL GARGOYLE ARCTIC 68 NH"},"content":{"rendered":"<p><strong>Eigenschaften und Vorteile<\/strong><br \/>\n&#8211; Geringe Volatilit\u00e4t zur Reduzierung des \u00d6lverbrauchs (Reduzierung der Anzahl der Nachf\u00fcllvorg\u00e4nge) durch Begrenzung der \u00d6lverfl\u00fcssigung nach der Fraktionierung.<br \/>\n&#8211; Niedrige Brookfield-Viskosit\u00e4t, die zu einem guten \u00d6lfluss und einem guten Verdampferr\u00fccklauf beitr\u00e4gt.<br \/>\n&#8211; Durch den Oberfl\u00e4chenschutz wird die Lebensdauer der Ger\u00e4te verl\u00e4ngert und die Reparaturkosten reduziert.<br \/>\n&#8211; Hoher Viskosit\u00e4tsindex f\u00fcr eine gute Kompressorschmierung bei einem breiten Betriebstemperaturbereich<br \/>\n&#8211; Vertr\u00e4glichkeit des K\u00e4ltemittels, die zu einer guten Trennung beitr\u00e4gt (sehr geringe Mischbarkeit mit NH<sub>3<\/sub>).<\/p>\n","protected":false},"excerpt":{"rendered":"<p>Mobil Gargoyle Arctic 68 NH ist ein Hochleistungs\u00f6l, das speziell f\u00fcr die Schmierung von Kolben- und Schraubenkompressoren die mit Ammoniak (NH<sub>3<\/sub>, R-717) funktionieren, entwickelt wurde. Es ist aus hochwertigem mineralischem paraffinischem Grund\u00f6l formuliert, das eine ausgezeichnete Tieftemperaturleistung, geringe Volatilit\u00e4t und gute thermische Stabilit\u00e4t aufweist.<\/p>\n","protected":false},"featured_media":125010,"comment_status":"open","ping_status":"closed","template":"","meta":[],"countries":[4674,4709,4756,4813,4831,4862],"product_brand":[],"product_cat":[9965,13092,13126,9938,9983,9346,9992],"product_tag":[],"class_list":{"0":"post-160251","1":"product","2":"type-product","3":"status-publish","4":"has-post-thumbnail","6":"countries-by","7":"countries-cu","8":"countries-ir","9":"countries-kp","10":"countries-ru","11":"countries-sy","12":"product_cat-gesundheit-wellness","13":"product_cat-heizung","14":"product_cat-kaeltetechnik","15":"product_cat-lebensmittel","16":"product_cat-luftfahrt-raumfahrt-ruestung","17":"product_cat-mineraloele","18":"product_cat-weitere-industrie","19":"pa_packaging-kanister-20-l-de-36","20":"pa_packaging-fass-208-l-de-49","22":"first","23":"instock","24":"shipping-taxable","25":"purchasable","26":"product-type-variable"},"_links":{"self":[{"href":"https:\/\/climalife.com\/de\/wp-json\/wp\/v2\/product\/160251","targetHints":{"allow":["GET"]}}],"collection":[{"href":"https:\/\/climalife.com\/de\/wp-json\/wp\/v2\/product"}],"about":[{"href":"https:\/\/climalife.com\/de\/wp-json\/wp\/v2\/types\/product"}],"replies":[{"embeddable":true,"href":"https:\/\/climalife.com\/de\/wp-json\/wp\/v2\/comments?post=160251"}],"wp:featuredmedia":[{"embeddable":true,"href":"https:\/\/climalife.com\/de\/wp-json\/wp\/v2\/media\/125010"}],"wp:attachment":[{"href":"https:\/\/climalife.com\/de\/wp-json\/wp\/v2\/media?parent=160251"}],"wp:term":[{"taxonomy":"countries","embeddable":true,"href":"https:\/\/climalife.com\/de\/wp-json\/wp\/v2\/countries?post=160251"},{"taxonomy":"product_brand","embeddable":true,"href":"https:\/\/climalife.com\/de\/wp-json\/wp\/v2\/product_brand?post=160251"},{"taxonomy":"product_cat","embeddable":true,"href":"https:\/\/climalife.com\/de\/wp-json\/wp\/v2\/product_cat?post=160251"},{"taxonomy":"product_tag","embeddable":true,"href":"https:\/\/climalife.com\/de\/wp-json\/wp\/v2\/product_tag?post=160251"}],"curies":[{"name":"wp","href":"https:\/\/api.w.org\/{rel}","templated":true}]}}