{"id":160421,"date":"2022-09-28T17:42:14","date_gmt":"2022-09-28T17:42:14","guid":{"rendered":"http:\/\/climalife.com\/product\/hq-poe-by-climalife\/"},"modified":"2025-11-27T08:26:18","modified_gmt":"2025-11-27T08:26:18","slug":"hq-poe-by-climalife","status":"publish","type":"product","link":"https:\/\/climalife.com\/de\/product\/hq-poe-by-climalife\/","title":{"rendered":"HQ POE Serie"},"content":{"rendered":"<p>Sie sind f\u00fcr K\u00e4lte- und Klimaanlagen bestimmt, die mit HFKW, HFO und HFKW\/HFO-Gemischen betrieben werden.<\/p>\n","protected":false},"excerpt":{"rendered":"<p>Die Climalife HQ POE-\u00d6le sind , die speziell f\u00fcr die Schmierung von K\u00e4ltekompressoren entwickelt wurden. Sie sind in verschiedenen Viskosit\u00e4tsklassen erh\u00e4ltlich.<\/p>\n","protected":false},"featured_media":225235,"comment_status":"open","ping_status":"closed","template":"","meta":[],"countries":[4674,4709,4756,4813,4831,4862],"product_brand":[],"product_cat":[9983,9974,9947,9938,9965,9992,13057,13092,13126,13420],"product_tag":[],"class_list":{"0":"post-160421","1":"product","2":"type-product","3":"status-publish","4":"has-post-thumbnail","6":"countries-by","7":"countries-cu","8":"countries-ir","9":"countries-kp","10":"countries-ru","11":"countries-sy","12":"product_cat-luftfahrt-raumfahrt-ruestung","13":"product_cat-automobil-transport","14":"product_cat-gebaeude","15":"product_cat-lebensmittel","16":"product_cat-gesundheit-wellness","17":"product_cat-weitere-industrie","18":"product_cat-klimatechnik","19":"product_cat-heizung","20":"product_cat-kaeltetechnik","21":"product_cat-poe-de","22":"pa_packaging-kanister-20-l-de-174","23":"pa_packaging-5-l-kanister-de-35","24":"pa_packaging-kanister-1-l-de-63","26":"first","27":"instock","28":"shipping-taxable","29":"purchasable","30":"product-type-variable"},"_links":{"self":[{"href":"https:\/\/climalife.com\/de\/wp-json\/wp\/v2\/product\/160421","targetHints":{"allow":["GET"]}}],"collection":[{"href":"https:\/\/climalife.com\/de\/wp-json\/wp\/v2\/product"}],"about":[{"href":"https:\/\/climalife.com\/de\/wp-json\/wp\/v2\/types\/product"}],"replies":[{"embeddable":true,"href":"https:\/\/climalife.com\/de\/wp-json\/wp\/v2\/comments?post=160421"}],"wp:featuredmedia":[{"embeddable":true,"href":"https:\/\/climalife.com\/de\/wp-json\/wp\/v2\/media\/225235"}],"wp:attachment":[{"href":"https:\/\/climalife.com\/de\/wp-json\/wp\/v2\/media?parent=160421"}],"wp:term":[{"taxonomy":"countries","embeddable":true,"href":"https:\/\/climalife.com\/de\/wp-json\/wp\/v2\/countries?post=160421"},{"taxonomy":"product_brand","embeddable":true,"href":"https:\/\/climalife.com\/de\/wp-json\/wp\/v2\/product_brand?post=160421"},{"taxonomy":"product_cat","embeddable":true,"href":"https:\/\/climalife.com\/de\/wp-json\/wp\/v2\/product_cat?post=160421"},{"taxonomy":"product_tag","embeddable":true,"href":"https:\/\/climalife.com\/de\/wp-json\/wp\/v2\/product_tag?post=160421"}],"curies":[{"name":"wp","href":"https:\/\/api.w.org\/{rel}","templated":true}]}}