{"id":161141,"date":"2022-09-28T17:47:23","date_gmt":"2022-09-28T17:47:23","guid":{"rendered":"http:\/\/climalife.com\/product\/bitzer-b-5-2\/"},"modified":"2024-01-25T13:53:24","modified_gmt":"2024-01-25T13:53:24","slug":"bitzer-b-5-2","status":"publish","type":"product","link":"https:\/\/climalife.com\/de\/product\/bitzer-b-5-2\/","title":{"rendered":"Bitzer B 5.2"},"content":{"rendered":"<div dir=\"ltr\" data-font-name=\"g_font_p0_2\" data-canvas-width=\"35.33160000000001\">BITZER-Scrollverdichter werden f\u00fcr den Einsatz mit HFCKW -K\u00e4ltemitteln (R22) standardm\u00e4\u00dfig mit dem speziellen K\u00e4ltemaschinen\u00f6l BITZER B5.2 bef\u00fcllt.<\/div>\n","protected":false},"excerpt":{"rendered":"<p>Bitzer 5.2 k\u00e4ltemaschinen\u00f6le f\u00fcr Scrollverdichter.<\/p>\n","protected":false},"featured_media":108189,"comment_status":"open","ping_status":"closed","template":"","meta":[],"countries":[4674,4709,4756,4813,4831,4862],"product_brand":[],"product_cat":[13429,9974,9956,9947,9965,13092,13126,13057,9938,9983,9992],"product_tag":[],"class_list":{"0":"post-161141","1":"product","2":"type-product","3":"status-publish","4":"has-post-thumbnail","6":"countries-by","7":"countries-cu","8":"countries-ir","9":"countries-kp","10":"countries-ru","11":"countries-sy","12":"product_cat-ab-de","13":"product_cat-automobil-transport","14":"product_cat-energie","15":"product_cat-gebaeude","16":"product_cat-gesundheit-wellness","17":"product_cat-heizung","18":"product_cat-kaeltetechnik","19":"product_cat-klimatechnik","20":"product_cat-lebensmittel","21":"product_cat-luftfahrt-raumfahrt-ruestung","22":"product_cat-weitere-industrie","23":"pa_packaging-5-l-kanister-de-35","25":"first","26":"instock","27":"shipping-taxable","28":"purchasable","29":"product-type-variable"},"_links":{"self":[{"href":"https:\/\/climalife.com\/de\/wp-json\/wp\/v2\/product\/161141","targetHints":{"allow":["GET"]}}],"collection":[{"href":"https:\/\/climalife.com\/de\/wp-json\/wp\/v2\/product"}],"about":[{"href":"https:\/\/climalife.com\/de\/wp-json\/wp\/v2\/types\/product"}],"replies":[{"embeddable":true,"href":"https:\/\/climalife.com\/de\/wp-json\/wp\/v2\/comments?post=161141"}],"wp:featuredmedia":[{"embeddable":true,"href":"https:\/\/climalife.com\/de\/wp-json\/wp\/v2\/media\/108189"}],"wp:attachment":[{"href":"https:\/\/climalife.com\/de\/wp-json\/wp\/v2\/media?parent=161141"}],"wp:term":[{"taxonomy":"countries","embeddable":true,"href":"https:\/\/climalife.com\/de\/wp-json\/wp\/v2\/countries?post=161141"},{"taxonomy":"product_brand","embeddable":true,"href":"https:\/\/climalife.com\/de\/wp-json\/wp\/v2\/product_brand?post=161141"},{"taxonomy":"product_cat","embeddable":true,"href":"https:\/\/climalife.com\/de\/wp-json\/wp\/v2\/product_cat?post=161141"},{"taxonomy":"product_tag","embeddable":true,"href":"https:\/\/climalife.com\/de\/wp-json\/wp\/v2\/product_tag?post=161141"}],"curies":[{"name":"wp","href":"https:\/\/api.w.org\/{rel}","templated":true}]}}