{"id":161166,"date":"2022-09-28T17:47:38","date_gmt":"2022-09-28T17:47:38","guid":{"rendered":"http:\/\/climalife.com\/product\/fk-5-1-12\/"},"modified":"2026-02-20T12:57:28","modified_gmt":"2026-02-20T12:57:28","slug":"fk-5-1-12","status":"publish","type":"product","link":"https:\/\/climalife.com\/de\/product\/fk-5-1-12\/","title":{"rendered":"FK-5-1-12"},"content":{"rendered":"<p>Nicht brennbar, es bietet viele M\u00f6glichkeiten f\u00fcr den Einsatz in Formulierungen, die Sicherheitsanforderungen erf\u00fcllen m\u00fcssen (beh\u00f6rdliche Vorschriften, gef\u00e4hrliche Umgebung, geschlossene R\u00e4umlichkeiten).<\/p>\n<p>Seine Anwendung erfordert keine besonderen Investitionen in Sicherheitsanlagen (ATEX). Er ist in den empfindlichsten Umgebungen einsetzbar, wie z. B. in Rechenzentren, Banken, Krankenh\u00e4usern, Museen usw., wo wertvolle Werte durch den Spr\u00fchstrahl eines Wasserl\u00f6schers besch\u00e4digt werden k\u00f6nnten.<\/p>\n<p>&nbsp;<\/p>\n<p>FK-5-1-12 hinterl\u00e4sst keine R\u00fcckst\u00e4nde auf den Ger\u00e4ten und hat eine hohe Durchschlagsfestigkeit. Angesichts der allm\u00e4hlichen Reduzierung von HFKW auf dem Markt ist dieses L\u00f6schmittel ein perfekter Nachfolger und Ersatz f\u00fcr R-227ea, wodurch dessen Auswirkungen auf die globale Erw\u00e4rmung erheblich reduziert werden.<\/p>\n","protected":false},"excerpt":{"rendered":"<p>FK-5-1-12 ist ein UL-anerkanntes Inhibitorgas (EX16326), das f\u00fcr Feuerl\u00f6scher und Feuerunterdr\u00fcckungssysteme verwendet wird.Seine Zusammensetzung, ein fluoriertes Keton, ist ein Molek\u00fcl, das es erm\u00f6glicht, die F-Gas-Verordnungen mit einem GWP-Wert von weniger als 1 zu erf\u00fcllen, was es zu einer idealen Wahl f\u00fcr seine Anwender und auf lange Sicht f\u00fcr den Planeten macht.<\/p>\n","protected":false},"featured_media":214669,"comment_status":"open","ping_status":"closed","template":"","meta":[],"countries":[4674,4709,4756,4813,4831,4862],"product_brand":[],"product_cat":[9983,9974,9947,9956,9992,13083,9257],"product_tag":[],"class_list":{"0":"post-161166","1":"product","2":"type-product","3":"status-publish","4":"has-post-thumbnail","6":"countries-by","7":"countries-cu","8":"countries-ir","9":"countries-kp","10":"countries-ru","11":"countries-sy","12":"product_cat-luftfahrt-raumfahrt-ruestung","13":"product_cat-automobil-transport","14":"product_cat-gebaeude","15":"product_cat-energie","16":"product_cat-weitere-industrie","17":"product_cat-feuerschutz","18":"product_cat-fk-feuerloeschmittel","19":"pa_packaging-fass-217-l-de-30","21":"first","22":"instock","23":"shipping-taxable","24":"purchasable","25":"product-type-variable"},"_links":{"self":[{"href":"https:\/\/climalife.com\/de\/wp-json\/wp\/v2\/product\/161166","targetHints":{"allow":["GET"]}}],"collection":[{"href":"https:\/\/climalife.com\/de\/wp-json\/wp\/v2\/product"}],"about":[{"href":"https:\/\/climalife.com\/de\/wp-json\/wp\/v2\/types\/product"}],"replies":[{"embeddable":true,"href":"https:\/\/climalife.com\/de\/wp-json\/wp\/v2\/comments?post=161166"}],"wp:featuredmedia":[{"embeddable":true,"href":"https:\/\/climalife.com\/de\/wp-json\/wp\/v2\/media\/214669"}],"wp:attachment":[{"href":"https:\/\/climalife.com\/de\/wp-json\/wp\/v2\/media?parent=161166"}],"wp:term":[{"taxonomy":"countries","embeddable":true,"href":"https:\/\/climalife.com\/de\/wp-json\/wp\/v2\/countries?post=161166"},{"taxonomy":"product_brand","embeddable":true,"href":"https:\/\/climalife.com\/de\/wp-json\/wp\/v2\/product_brand?post=161166"},{"taxonomy":"product_cat","embeddable":true,"href":"https:\/\/climalife.com\/de\/wp-json\/wp\/v2\/product_cat?post=161166"},{"taxonomy":"product_tag","embeddable":true,"href":"https:\/\/climalife.com\/de\/wp-json\/wp\/v2\/product_tag?post=161166"}],"curies":[{"name":"wp","href":"https:\/\/api.w.org\/{rel}","templated":true}]}}