{"id":161178,"date":"2022-09-28T17:47:46","date_gmt":"2022-09-28T17:47:46","guid":{"rendered":"http:\/\/climalife.com\/product\/greenway-neo-heat-pump-n-gebrauchsfertig\/"},"modified":"2026-04-15T16:12:55","modified_gmt":"2026-04-15T16:12:55","slug":"greenway-neo-heat-pump-n-gebrauchsfertig","status":"publish","type":"product","link":"https:\/\/climalife.com\/de\/product\/greenway-neo-heat-pump-n-gebrauchsfertig\/","title":{"rendered":"Greenway\u00ae Neo Heat Pump N Gebrauchsfertig"},"content":{"rendered":"<p>Der verwendete Rohstoff pflanzlichen Ursprungs 1,3-Propandiol reduziert das Risiko der Boden- und Luftverschmutzung im Falle einer Leckage erheblich.<\/p>\n<p>&nbsp;<\/p>\n<p>Diese W\u00e4rme\u00fcbertragungsfl\u00fcssigkeit ist :<\/p>\n<p><span class=\"wdg-select-all-ok\">\u2022<\/span><span class=\"wdg-select-all-ok\"> \u00a0\u00a0<\/span>biologisch abbaubar<\/p>\n<p><span class=\"wdg-select-all-ok\">\u2022<\/span><span class=\"wdg-select-all-ok\"> \u00a0\u00a0<\/span>bakteriostatisch<\/p>\n<p><span class=\"wdg-select-all-ok\">\u2022<\/span><span class=\"wdg-select-all-ok\"> \u00a0\u00a0<\/span>aus leistungsstarken Hybrid-Inhibitoren.<\/p>\n<p>&nbsp;<\/p>\n<p>Es enth\u00e4lt Bitterstoffe und eignet sich dadurch besonders f\u00fcr Anwendungen, bei denen ein unbeabsichtigtes Verschlucken besteht.<\/p>\n","protected":false},"excerpt":{"rendered":"<p>Greenway<sup>\u00ae<\/sup> Neo Heat Pump N ist ein gebrauchsfertiger W\u00e4rmetr\u00e4ger auf Basis von pflanzlichem 1,3-Propandiol und Korrosionsinhibitoren. Besonders f\u00fcr geothermische W\u00e4rmepumpen (Leitungen mit unterirdischen Sensoren) und aerothermische W\u00e4rmepumpen (Luft\/Wasser) geeignet.<br \/>\nGreenway<sup>\u00ae<\/sup> Neo Heat Pump N sch\u00fctzt vor Frost- und Schlammbildung in den Kreisl\u00e4ufen.<\/p>\n","protected":false},"featured_media":129330,"comment_status":"open","ping_status":"closed","template":"","meta":[],"countries":[4674,4709,4756,4813,4831,4862],"product_brand":[],"product_cat":[9947,9956,9992,13057,13092,13135,13518],"product_tag":[],"class_list":{"0":"post-161178","1":"product","2":"type-product","3":"status-publish","4":"has-post-thumbnail","6":"countries-by","7":"countries-cu","8":"countries-ir","9":"countries-kp","10":"countries-ru","11":"countries-sy","12":"product_cat-gebaeude","13":"product_cat-energie","14":"product_cat-weitere-industrie","15":"product_cat-klimatechnik","16":"product_cat-heizung","17":"product_cat-erneuerbare-energie","18":"product_cat-biobasiert","19":"pa_packaging-kanister-20-l-de-36","20":"pa_packaging-fass-210-l-de-28","21":"pa_protection-18c-de-145","22":"pa_protection-20c-de-146","23":"pa_protection-25c-de-233","25":"first","26":"instock","27":"shipping-taxable","28":"purchasable","29":"product-type-variable"},"_links":{"self":[{"href":"https:\/\/climalife.com\/de\/wp-json\/wp\/v2\/product\/161178","targetHints":{"allow":["GET"]}}],"collection":[{"href":"https:\/\/climalife.com\/de\/wp-json\/wp\/v2\/product"}],"about":[{"href":"https:\/\/climalife.com\/de\/wp-json\/wp\/v2\/types\/product"}],"replies":[{"embeddable":true,"href":"https:\/\/climalife.com\/de\/wp-json\/wp\/v2\/comments?post=161178"}],"wp:featuredmedia":[{"embeddable":true,"href":"https:\/\/climalife.com\/de\/wp-json\/wp\/v2\/media\/129330"}],"wp:attachment":[{"href":"https:\/\/climalife.com\/de\/wp-json\/wp\/v2\/media?parent=161178"}],"wp:term":[{"taxonomy":"countries","embeddable":true,"href":"https:\/\/climalife.com\/de\/wp-json\/wp\/v2\/countries?post=161178"},{"taxonomy":"product_brand","embeddable":true,"href":"https:\/\/climalife.com\/de\/wp-json\/wp\/v2\/product_brand?post=161178"},{"taxonomy":"product_cat","embeddable":true,"href":"https:\/\/climalife.com\/de\/wp-json\/wp\/v2\/product_cat?post=161178"},{"taxonomy":"product_tag","embeddable":true,"href":"https:\/\/climalife.com\/de\/wp-json\/wp\/v2\/product_tag?post=161178"}],"curies":[{"name":"wp","href":"https:\/\/api.w.org\/{rel}","templated":true}]}}