{"id":161184,"date":"2022-09-28T17:47:55","date_gmt":"2022-09-28T17:47:55","guid":{"rendered":"http:\/\/climalife.com\/product\/greenway-neo-solar-n-gebrauchsfertig\/"},"modified":"2024-01-25T13:53:21","modified_gmt":"2024-01-25T13:53:21","slug":"greenway-neo-solar-n-gebrauchsfertig","status":"publish","type":"product","link":"https:\/\/climalife.com\/de\/product\/greenway-neo-solar-n-gebrauchsfertig\/","title":{"rendered":"Greenway\u00ae Neo Solar N Gebrauchsfertig"},"content":{"rendered":"<p>Seine Zusammensetzung verlangsamt die Zersetzung und reduziert die &#8220;Teerung&#8221; der Sensoren w\u00e4hrend der Stillstandszeit der Anlage.<\/p>\n<p>Diese W\u00e4rme\u00fcbertragungsfl\u00fcssigkeit ist :<\/p>\n<p><span class=\"wdg-select-all-ok\">\u2022<\/span><span class=\"wdg-select-all-ok\"> \u00a0\u00a0<\/span>biologisch abbaubar<\/p>\n<p><span class=\"wdg-select-all-ok\">\u2022<\/span><span class=\"wdg-select-all-ok\"> \u00a0\u00a0<\/span>bakteriostatisch<\/p>\n<p><span class=\"wdg-select-all-ok\">\u2022<\/span><span class=\"wdg-select-all-ok\"> \u00a0\u00a0<\/span>aus leistungsstarken Hybrid-Inhibitoren.<\/p>\n<p>Es enth\u00e4lt Bitterstoffe und eignet sich dadurch besonders f\u00fcr Anwendungen, bei denen ein unbeabsichtigtes Verschlucken besteht.<\/p>\n<p>&nbsp;<\/p>\n<p>&nbsp;<\/p>\n","protected":false},"excerpt":{"rendered":"<p>Greenway<sup>\u00ae<\/sup> Neo Solar N ist ein gebrauchsfertiger W\u00e4rmetr\u00e4ger auf Basis von pflanzlichem 1,3-Propandiol und Korrosionsinhibitoren. Es eignet sich \u00a0speziell f\u00fcr Brauchwassererw\u00e4rmungskreisl\u00e4ufe mit flachen oder r\u00f6hrenf\u00f6rmigen Vakuum-Solarkollektoren.<br \/>\nGreenway<sup>\u00ae<\/sup> Neo Solar N sch\u00fctzt vor Frost- und Schlammbildung in den Kreisl\u00e4ufen.<\/p>\n","protected":false},"featured_media":129285,"comment_status":"open","ping_status":"closed","template":"","meta":[],"countries":[4674,4709,4756,4813,4831,4862],"product_brand":[],"product_cat":[9947,9956,9992,13092,13135,13518],"product_tag":[],"class_list":{"0":"post-161184","1":"product","2":"type-product","3":"status-publish","4":"has-post-thumbnail","6":"countries-by","7":"countries-cu","8":"countries-ir","9":"countries-kp","10":"countries-ru","11":"countries-sy","12":"product_cat-gebaeude","13":"product_cat-energie","14":"product_cat-weitere-industrie","15":"product_cat-heizung","16":"product_cat-erneuerbare-energie","17":"product_cat-biobasiert","18":"pa_packaging-kanister-20-l-de-36","19":"pa_packaging-fass-210-l-de-28","20":"pa_protection-20c-de-146","21":"pa_protection-25c-de-233","22":"pa_protection-30c-de-159","24":"first","25":"instock","26":"shipping-taxable","27":"purchasable","28":"product-type-variable"},"_links":{"self":[{"href":"https:\/\/climalife.com\/de\/wp-json\/wp\/v2\/product\/161184","targetHints":{"allow":["GET"]}}],"collection":[{"href":"https:\/\/climalife.com\/de\/wp-json\/wp\/v2\/product"}],"about":[{"href":"https:\/\/climalife.com\/de\/wp-json\/wp\/v2\/types\/product"}],"replies":[{"embeddable":true,"href":"https:\/\/climalife.com\/de\/wp-json\/wp\/v2\/comments?post=161184"}],"wp:featuredmedia":[{"embeddable":true,"href":"https:\/\/climalife.com\/de\/wp-json\/wp\/v2\/media\/129285"}],"wp:attachment":[{"href":"https:\/\/climalife.com\/de\/wp-json\/wp\/v2\/media?parent=161184"}],"wp:term":[{"taxonomy":"countries","embeddable":true,"href":"https:\/\/climalife.com\/de\/wp-json\/wp\/v2\/countries?post=161184"},{"taxonomy":"product_brand","embeddable":true,"href":"https:\/\/climalife.com\/de\/wp-json\/wp\/v2\/product_brand?post=161184"},{"taxonomy":"product_cat","embeddable":true,"href":"https:\/\/climalife.com\/de\/wp-json\/wp\/v2\/product_cat?post=161184"},{"taxonomy":"product_tag","embeddable":true,"href":"https:\/\/climalife.com\/de\/wp-json\/wp\/v2\/product_tag?post=161184"}],"curies":[{"name":"wp","href":"https:\/\/api.w.org\/{rel}","templated":true}]}}