{"id":161196,"date":"2022-09-28T17:48:04","date_gmt":"2022-09-28T17:48:04","guid":{"rendered":"http:\/\/climalife.com\/product\/greenway-neo-n-gebrauchsfertig\/"},"modified":"2026-04-15T16:16:09","modified_gmt":"2026-04-15T16:16:09","slug":"greenway-neo-n-gebrauchsfertig","status":"publish","type":"product","link":"https:\/\/climalife.com\/de\/product\/greenway-neo-n-gebrauchsfertig\/","title":{"rendered":"Greenway\u00ae Neo N Gebrauchsfertig"},"content":{"rendered":"<div class=\"mce-block\">\n<p>Greenway<sup>\u00ae<\/sup> Neo N ist in der Kategorie HT1 auf der offiziellen NSF-Liste registriert und kann als K\u00e4ltetr\u00e4ger in Kreisl\u00e4ufen verwendet werden, bei denen die Gefahr eines unbeabsichtigten Kontakts mit Lebensmitteln besteht.<\/p>\n<p>Diese W\u00e4rme\u00fcbertragungsfl\u00fcssigkeit ist :<\/p>\n<p><span class=\"wdg-select-all-ok\">\u2022<\/span><span class=\"wdg-select-all-ok\"> \u00a0\u00a0<\/span>biologisch abbaubar<\/p>\n<p><span class=\"wdg-select-all-ok\">\u2022<\/span><span class=\"wdg-select-all-ok\"> \u00a0\u00a0<\/span>bakteriostatisch<\/p>\n<p><span class=\"wdg-select-all-ok\">\u2022<\/span><span class=\"wdg-select-all-ok\"> \u00a0\u00a0<\/span>aus leistungsstarken Hybrid-Inhibitoren.<\/p>\n<p>Der Rohstoff pflanzlichen Ursprungs 1,3-Propandiol hat eine niedrigere Viskosit\u00e4t als MPG (Mono Propylene Glycol).<\/p>\n<\/div>\n","protected":false},"excerpt":{"rendered":"<p>Greenway<sup>\u00ae<\/sup> Neo N, ist ein pflanzlicher K\u00e4ltetr\u00e4ger (1,3-Propandiol mit Korrosionsinhibitoren), speziell formuliert f\u00fcr K\u00e4lte-, Klima-, Brandschutz- und W\u00e4rmepumpenanlagen (Fu\u00dfbodenheizung \/-k\u00fchlung).<br \/>\nGreenway<sup>\u00ae<\/sup> Neo N sch\u00fctzt vor Frost- und Schlammbildung in den Kreisl\u00e4ufen.<\/p>\n","protected":false},"featured_media":129267,"comment_status":"open","ping_status":"closed","template":"","meta":[],"countries":[4674,4709,4756,4813,4831,4862],"product_brand":[],"product_cat":[9983,9947,9956,9938,9965,9992,13057,13083,13126,13518],"product_tag":[],"class_list":{"0":"post-161196","1":"product","2":"type-product","3":"status-publish","4":"has-post-thumbnail","6":"countries-by","7":"countries-cu","8":"countries-ir","9":"countries-kp","10":"countries-ru","11":"countries-sy","12":"product_cat-luftfahrt-raumfahrt-ruestung","13":"product_cat-gebaeude","14":"product_cat-energie","15":"product_cat-lebensmittel","16":"product_cat-gesundheit-wellness","17":"product_cat-weitere-industrie","18":"product_cat-klimatechnik","19":"product_cat-feuerschutz","20":"product_cat-kaeltetechnik","21":"product_cat-biobasiert","22":"pa_packaging-kanister-20-l-de-36","23":"pa_packaging-container-1000-kg-de-139","24":"pa_packaging-fass-210-l-de-28","25":"pa_packaging-lose-ware-10-t-de-140","26":"pa_packaging-lose-ware-20-t-de-141","27":"pa_protection-13-c-de-151","28":"pa_protection-18c-de-145","29":"pa_protection-25c-de-233","30":"pa_protection-30c-de-159","31":"pa_protection-35c-de-163","32":"pa_protection-39c-de-155","34":"first","35":"instock","36":"shipping-taxable","37":"purchasable","38":"product-type-variable"},"_links":{"self":[{"href":"https:\/\/climalife.com\/de\/wp-json\/wp\/v2\/product\/161196","targetHints":{"allow":["GET"]}}],"collection":[{"href":"https:\/\/climalife.com\/de\/wp-json\/wp\/v2\/product"}],"about":[{"href":"https:\/\/climalife.com\/de\/wp-json\/wp\/v2\/types\/product"}],"replies":[{"embeddable":true,"href":"https:\/\/climalife.com\/de\/wp-json\/wp\/v2\/comments?post=161196"}],"wp:featuredmedia":[{"embeddable":true,"href":"https:\/\/climalife.com\/de\/wp-json\/wp\/v2\/media\/129267"}],"wp:attachment":[{"href":"https:\/\/climalife.com\/de\/wp-json\/wp\/v2\/media?parent=161196"}],"wp:term":[{"taxonomy":"countries","embeddable":true,"href":"https:\/\/climalife.com\/de\/wp-json\/wp\/v2\/countries?post=161196"},{"taxonomy":"product_brand","embeddable":true,"href":"https:\/\/climalife.com\/de\/wp-json\/wp\/v2\/product_brand?post=161196"},{"taxonomy":"product_cat","embeddable":true,"href":"https:\/\/climalife.com\/de\/wp-json\/wp\/v2\/product_cat?post=161196"},{"taxonomy":"product_tag","embeddable":true,"href":"https:\/\/climalife.com\/de\/wp-json\/wp\/v2\/product_tag?post=161196"}],"curies":[{"name":"wp","href":"https:\/\/api.w.org\/{rel}","templated":true}]}}