{"id":161222,"date":"2022-09-28T17:48:23","date_gmt":"2022-09-28T17:48:23","guid":{"rendered":"http:\/\/climalife.com\/product\/pyrostop-6\/"},"modified":"2024-01-25T13:53:18","modified_gmt":"2024-01-25T13:53:18","slug":"pyrostop-6","status":"publish","type":"product","link":"https:\/\/climalife.com\/de\/product\/pyrostop-6\/","title":{"rendered":"Pyrostop 6 (SF6)"},"content":{"rendered":"<p>PYROSTOP\u2122 6 (SF<sub>6<\/sub>) ist ein stabiles, inertes Gas. Es \u00fcbt keinen aggressiven Einfluss auf die Materialien aus, mit denen es in Kontakt kommt.<br \/>\nPYROSTOP\u2122 6 (SF<sub>6<\/sub>) entspricht dem Standard IEC 60376.<br \/>\nAufgrund seines hohen Erderw\u00e4rmungspotentials ist es notwendig, die Emissionen in die Luft zu reduzieren. Climalife bietet Ihnen Transfer- oder Auffanganlagen sowie ein komplettes Recycling-Angebot f\u00fcr dieses Gas. Die Lieferung von SF6, die Wiederverwertung des gebrauchten Produkts, die Ausr\u00fcstung f\u00fcr den Transfer dieses Gases sowie die Analyseger\u00e4te (Reinheit, S\u00e4uregehalt, Hygrometrie usw.).<\/p>\n","protected":false},"excerpt":{"rendered":"<p>PYROSTOP\u2122 6 (SF<sub>6<\/sub>) ist ein nicht toxisches, nicht entflammbares, dielektrisches inertes Gas, das zum L\u00f6schen elektrischer B\u00f6gen oder zum Vermeiden einer Magnesiumentz\u00fcndung genutzt wird. Es kann auch in den folgenden Bereichen eingesetzt werden: Hochspannungssicherungen, Teilchenbeschleuniger, Metallurgie (Magnesiumabdeckung).<\/p>\n","protected":false},"featured_media":195832,"comment_status":"open","ping_status":"closed","template":"","meta":[],"countries":[4674,4709,4756,4813,4831,4862],"product_brand":[],"product_cat":[13066,9956,9965,9983,9386,9992],"product_tag":[],"class_list":{"0":"post-161222","1":"product","2":"type-product","3":"status-publish","4":"has-post-thumbnail","6":"countries-by","7":"countries-cu","8":"countries-ir","9":"countries-kp","10":"countries-ru","11":"countries-sy","12":"product_cat-dielektrischer-schutz-sf6","13":"product_cat-energie","14":"product_cat-gesundheit-wellness","15":"product_cat-luftfahrt-raumfahrt-ruestung","16":"product_cat-schutzgas","17":"product_cat-weitere-industrie","18":"pa_packaging-container-600-l-de-359","19":"pa_packaging-flasche-23-l-de-357","20":"pa_packaging-flasche-41-l-de-358","21":"pa_packaging-flasche-8-l-de-356","23":"first","24":"instock","25":"shipping-taxable","26":"purchasable","27":"product-type-variable"},"_links":{"self":[{"href":"https:\/\/climalife.com\/de\/wp-json\/wp\/v2\/product\/161222","targetHints":{"allow":["GET"]}}],"collection":[{"href":"https:\/\/climalife.com\/de\/wp-json\/wp\/v2\/product"}],"about":[{"href":"https:\/\/climalife.com\/de\/wp-json\/wp\/v2\/types\/product"}],"replies":[{"embeddable":true,"href":"https:\/\/climalife.com\/de\/wp-json\/wp\/v2\/comments?post=161222"}],"wp:featuredmedia":[{"embeddable":true,"href":"https:\/\/climalife.com\/de\/wp-json\/wp\/v2\/media\/195832"}],"wp:attachment":[{"href":"https:\/\/climalife.com\/de\/wp-json\/wp\/v2\/media?parent=161222"}],"wp:term":[{"taxonomy":"countries","embeddable":true,"href":"https:\/\/climalife.com\/de\/wp-json\/wp\/v2\/countries?post=161222"},{"taxonomy":"product_brand","embeddable":true,"href":"https:\/\/climalife.com\/de\/wp-json\/wp\/v2\/product_brand?post=161222"},{"taxonomy":"product_cat","embeddable":true,"href":"https:\/\/climalife.com\/de\/wp-json\/wp\/v2\/product_cat?post=161222"},{"taxonomy":"product_tag","embeddable":true,"href":"https:\/\/climalife.com\/de\/wp-json\/wp\/v2\/product_tag?post=161222"}],"curies":[{"name":"wp","href":"https:\/\/api.w.org\/{rel}","templated":true}]}}