{"id":161239,"date":"2022-09-28T17:48:34","date_gmt":"2022-09-28T17:48:34","guid":{"rendered":"http:\/\/climalife.com\/product\/novaspray-dme\/"},"modified":"2025-06-17T09:49:01","modified_gmt":"2025-06-17T09:49:01","slug":"novaspray-dme","status":"publish","type":"product","link":"https:\/\/climalife.com\/de\/product\/novaspray-dme\/","title":{"rendered":"NovaSpray\u2122 DME"},"content":{"rendered":"<p>Seine\u00a0ausgezeichnete L\u00f6sungskraft, die\u00a0komplette Mischbarkeit mit Alkohol, \u00fcblichen L\u00f6sungsmitteln und anderen Treibgasen (H-FKW und Kohlenwasserstoffe)\u00a0sowie seine gute Wasserl\u00f6slichkeit bieten vielseitige M\u00f6glichkeiten f\u00fcr die Aerosol-Formulierung\u00a0(Haarlacke, Deodorants, Farben\u2026). Seine\u00a0sehr gute Mischbarkeit mit Wasser\u00a0erm\u00f6glicht\u00a0die Herstellung von schwer entflammbaren\u00a0(sogar nicht-entflammbaren)\u00a0Formeln mit einem reduzierten Anteil an fl\u00fcchtigen organischen Verbindungen. Es hat keinen Einfluss auf die Ozonschicht und nur einen geringen Treibhauseffekt.<\/p>\n","protected":false},"excerpt":{"rendered":"<p>NovaSpray\u2122 DME ist ein Dimethylether in Aerosol-Qualit\u00e4t, auch bekannt als Methylether oder Methyloxid. Mit seiner konstanten Qualit\u00e4t erf\u00fcllt er alle Anforderungen eines Treibgases.<\/p>\n","protected":false},"featured_media":126369,"comment_status":"open","ping_status":"closed","template":"","meta":[],"countries":[4674,4709,4756,4813,4831,4862],"product_brand":[],"product_cat":[9758,9286,9947,9965,9992],"product_tag":[],"class_list":{"0":"post-161239","1":"product","2":"type-product","3":"status-publish","4":"has-post-thumbnail","6":"countries-by","7":"countries-cu","8":"countries-ir","9":"countries-kp","10":"countries-ru","11":"countries-sy","12":"product_cat-aerosole-de","13":"product_cat-dme-aerosole","14":"product_cat-gebaeude","15":"product_cat-gesundheit-wellness","16":"product_cat-weitere-industrie","17":"pa_packaging-container-930-l-de-76","18":"pa_packaging-flasche-26-l-de-32","19":"pa_packaging-flasche-88-l-de-122","20":"pa_packaging-lose-ware-de-168","22":"first","23":"instock","24":"shipping-taxable","25":"purchasable","26":"product-type-variable"},"_links":{"self":[{"href":"https:\/\/climalife.com\/de\/wp-json\/wp\/v2\/product\/161239","targetHints":{"allow":["GET"]}}],"collection":[{"href":"https:\/\/climalife.com\/de\/wp-json\/wp\/v2\/product"}],"about":[{"href":"https:\/\/climalife.com\/de\/wp-json\/wp\/v2\/types\/product"}],"replies":[{"embeddable":true,"href":"https:\/\/climalife.com\/de\/wp-json\/wp\/v2\/comments?post=161239"}],"wp:featuredmedia":[{"embeddable":true,"href":"https:\/\/climalife.com\/de\/wp-json\/wp\/v2\/media\/126369"}],"wp:attachment":[{"href":"https:\/\/climalife.com\/de\/wp-json\/wp\/v2\/media?parent=161239"}],"wp:term":[{"taxonomy":"countries","embeddable":true,"href":"https:\/\/climalife.com\/de\/wp-json\/wp\/v2\/countries?post=161239"},{"taxonomy":"product_brand","embeddable":true,"href":"https:\/\/climalife.com\/de\/wp-json\/wp\/v2\/product_brand?post=161239"},{"taxonomy":"product_cat","embeddable":true,"href":"https:\/\/climalife.com\/de\/wp-json\/wp\/v2\/product_cat?post=161239"},{"taxonomy":"product_tag","embeddable":true,"href":"https:\/\/climalife.com\/de\/wp-json\/wp\/v2\/product_tag?post=161239"}],"curies":[{"name":"wp","href":"https:\/\/api.w.org\/{rel}","templated":true}]}}