{"id":161279,"date":"2022-09-28T17:48:59","date_gmt":"2022-09-28T17:48:59","guid":{"rendered":"http:\/\/climalife.com\/product\/novexpans-hcfo-1233zd-cyclopentane-80-20\/"},"modified":"2025-07-31T09:38:57","modified_gmt":"2025-07-31T09:38:57","slug":"novexpans-hcfo-1233zd-cyclopentane-80-20","status":"publish","type":"product","link":"https:\/\/climalife.com\/de\/product\/novexpans-hcfo-1233zd-cyclopentane-80-20\/","title":{"rendered":"NOVEXPANS\u2122 HCFO 1233zd\/CYCLOPENTANE (80\/20)"},"content":{"rendered":"<p>Mit seinem niedrigen W\u00e4rmekoeffizienten eignet es sich besonders f\u00fcr die Herstellung von Isolierschaum in der K\u00e4ltetechnik.<br \/>\nEs hat keinen Einfluss auf die Ozonschicht und nur eine sehr geringe Auswirkung auf den Treibhauseffekt (GWP &lt; 5). Daher f\u00e4llt es nicht unter das Kyoto-Protokoll, die F-Gas I-Verordnung (Nr. 842\/2006\/EG) und die F-Gas II-Verordnung (Nr. 517\/2014\/EG).<\/p>\n","protected":false},"excerpt":{"rendered":"<p>NOVEXPANSTM HCFO 1233zd\/Cyclopentan (80\/20) ist ein Gemisch aus HCFO 1233zd und Cyclopentan mit garantierten Spezifikationen, das als Treibmittel f\u00fcr die Expansion von Polyurethan-Hartschaumstoffen verwendet wird.<\/p>\n","protected":false},"featured_media":126360,"comment_status":"open","ping_status":"closed","template":"","meta":[],"countries":[4674,4709,4756,4813,4831,4862],"product_brand":[],"product_cat":[9974,9947,9938,9992,13101,9655],"product_tag":[],"class_list":{"0":"post-161279","1":"product","2":"type-product","3":"status-publish","4":"has-post-thumbnail","6":"countries-by","7":"countries-cu","8":"countries-ir","9":"countries-kp","10":"countries-ru","11":"countries-sy","12":"product_cat-automobil-transport","13":"product_cat-gebaeude","14":"product_cat-lebensmittel","15":"product_cat-weitere-industrie","16":"product_cat-daemmung","17":"product_cat-hfo-gemische-de-81","18":"pa_packaging-container-930-l-de-76","19":"pa_packaging-fass-217-l-de-30","20":"pa_packaging-flasche-26-l-de-32","21":"pa_packaging-lose-ware-de-168","23":"first","24":"instock","25":"shipping-taxable","26":"purchasable","27":"product-type-variable"},"_links":{"self":[{"href":"https:\/\/climalife.com\/de\/wp-json\/wp\/v2\/product\/161279","targetHints":{"allow":["GET"]}}],"collection":[{"href":"https:\/\/climalife.com\/de\/wp-json\/wp\/v2\/product"}],"about":[{"href":"https:\/\/climalife.com\/de\/wp-json\/wp\/v2\/types\/product"}],"replies":[{"embeddable":true,"href":"https:\/\/climalife.com\/de\/wp-json\/wp\/v2\/comments?post=161279"}],"wp:featuredmedia":[{"embeddable":true,"href":"https:\/\/climalife.com\/de\/wp-json\/wp\/v2\/media\/126360"}],"wp:attachment":[{"href":"https:\/\/climalife.com\/de\/wp-json\/wp\/v2\/media?parent=161279"}],"wp:term":[{"taxonomy":"countries","embeddable":true,"href":"https:\/\/climalife.com\/de\/wp-json\/wp\/v2\/countries?post=161279"},{"taxonomy":"product_brand","embeddable":true,"href":"https:\/\/climalife.com\/de\/wp-json\/wp\/v2\/product_brand?post=161279"},{"taxonomy":"product_cat","embeddable":true,"href":"https:\/\/climalife.com\/de\/wp-json\/wp\/v2\/product_cat?post=161279"},{"taxonomy":"product_tag","embeddable":true,"href":"https:\/\/climalife.com\/de\/wp-json\/wp\/v2\/product_tag?post=161279"}],"curies":[{"name":"wp","href":"https:\/\/api.w.org\/{rel}","templated":true}]}}