{"id":161316,"date":"2022-09-28T17:49:18","date_gmt":"2022-09-28T17:49:18","guid":{"rendered":"http:\/\/climalife.com\/product\/novaspray-isobutane\/"},"modified":"2024-01-25T13:53:12","modified_gmt":"2024-01-25T13:53:12","slug":"novaspray-isobutane","status":"publish","type":"product","link":"https:\/\/climalife.com\/de\/product\/novaspray-isobutane\/","title":{"rendered":"NovaSpray\u2122 isobutane"},"content":{"rendered":"<p>Es kann mit NovaSpray<sup>\u2122<\/sup> Propan oder NovaSpray<sup>\u2122<\/sup> n-Butan gemischt werden, die in der Kosmetik weit verbreitet sind, und mit NovaSpray<sup>\u2122<\/sup> Isopentan f\u00fcr Styling-Gele und Rasiergele gemischt werden. Es ist besonders f\u00fcr kosmetische Schaumformulierungen geeignet.<br \/>\nAufgrund seiner geringen Dichte ist es wirtschaftlich und erlaubt es, das Gewicht des zu verwendenden Treibstoffs stark zu reduzieren.<br \/>\nSeine ausgezeichnete Mischbarkeit mit den meisten L\u00f6sungsmitteln verleiht ihm eine gro\u00dfe Formulierungsflexibilit\u00e4t. Es hat keine Auswirkungen auf die Ozonschicht und nur einen geringen Einfluss auf den Treibhauseffekt.<\/p>\n","protected":false},"excerpt":{"rendered":"<p>NovaSpray\u2122 Isobutan ist ein speziell desodoriertes Isobutan in Aerosolqualit\u00e4t. Es wird auch als Methylpropan bezeichnet. Mit einer konstanten Qualit\u00e4t erf\u00fcllt es alle Anforderungen an einen Treibstoff.<\/p>\n","protected":false},"featured_media":126369,"comment_status":"open","ping_status":"closed","template":"","meta":[],"countries":[4674,4709,4756,4813,4831,4862],"product_brand":[],"product_cat":[9974,9947,9938,9965,9992,9758,9601],"product_tag":[],"class_list":{"0":"post-161316","1":"product","2":"type-product","3":"status-publish","4":"has-post-thumbnail","6":"countries-by","7":"countries-cu","8":"countries-ir","9":"countries-kp","10":"countries-ru","11":"countries-sy","12":"product_cat-automobil-transport","13":"product_cat-gebaeude","14":"product_cat-lebensmittel","15":"product_cat-gesundheit-wellness","16":"product_cat-weitere-industrie","17":"product_cat-aerosole-de","18":"product_cat-kohlenwasserstoffe-de-83","19":"pa_packaging-container-930-l-de-76","20":"pa_packaging-flasche-26-l-de-32","21":"pa_packaging-flasche-88-l-de-122","22":"pa_packaging-lose-ware-20-t-de-141","24":"first","25":"instock","26":"shipping-taxable","27":"purchasable","28":"product-type-variable"},"_links":{"self":[{"href":"https:\/\/climalife.com\/de\/wp-json\/wp\/v2\/product\/161316","targetHints":{"allow":["GET"]}}],"collection":[{"href":"https:\/\/climalife.com\/de\/wp-json\/wp\/v2\/product"}],"about":[{"href":"https:\/\/climalife.com\/de\/wp-json\/wp\/v2\/types\/product"}],"replies":[{"embeddable":true,"href":"https:\/\/climalife.com\/de\/wp-json\/wp\/v2\/comments?post=161316"}],"wp:featuredmedia":[{"embeddable":true,"href":"https:\/\/climalife.com\/de\/wp-json\/wp\/v2\/media\/126369"}],"wp:attachment":[{"href":"https:\/\/climalife.com\/de\/wp-json\/wp\/v2\/media?parent=161316"}],"wp:term":[{"taxonomy":"countries","embeddable":true,"href":"https:\/\/climalife.com\/de\/wp-json\/wp\/v2\/countries?post=161316"},{"taxonomy":"product_brand","embeddable":true,"href":"https:\/\/climalife.com\/de\/wp-json\/wp\/v2\/product_brand?post=161316"},{"taxonomy":"product_cat","embeddable":true,"href":"https:\/\/climalife.com\/de\/wp-json\/wp\/v2\/product_cat?post=161316"},{"taxonomy":"product_tag","embeddable":true,"href":"https:\/\/climalife.com\/de\/wp-json\/wp\/v2\/product_tag?post=161316"}],"curies":[{"name":"wp","href":"https:\/\/api.w.org\/{rel}","templated":true}]}}