{"id":161325,"date":"2022-09-28T17:49:24","date_gmt":"2022-09-28T17:49:24","guid":{"rendered":"http:\/\/climalife.com\/product\/solstice-propellant-hfo-1234ze\/"},"modified":"2024-01-25T13:53:12","modified_gmt":"2024-01-25T13:53:12","slug":"solstice-propellant-hfo-1234ze","status":"publish","type":"product","link":"https:\/\/climalife.com\/de\/product\/solstice-propellant-hfo-1234ze\/","title":{"rendered":"HFO 1234ze Solstice\u00ae Propellant"},"content":{"rendered":"<p>Durch seine Nicht-Entflammbarkeit kann\u00a0Solstice<sup>\u00ae<\/sup> Propellant HFO 1234ze\u00a0in einer Vielzahl von Formeln eingesetzt werden, die Sicherheitsma\u00dfnahmen erfordern\u00a0(Bestimmungen, gef\u00e4hrliche Umgebungen, geschlossene R\u00e4ume). Seine Verwendung macht eine\u00a0Reduzierung der Entflammbarkeit vieler Formeln m\u00f6glich,\u00a0 bis zu einer Nicht-Entflammbarkeit entsprechend der Richtlinie 2008\/47\/EG.<br \/>\nEs ist keinerlei Schutzausr\u00fcstung oder Schutzsystem f\u00fcr explosionsgef\u00e4hrdete Bereiche (ATEX) n\u00f6tig. Solstice<sup>\u00ae<\/sup> Propellant HFO 1234ze\u00a0wurde speziell als Ersatz f\u00fcr HFC 134a entwickelt. Im Vergleich zu HFC 134a ist sein Hauptvorteil die geringere Umweltbelastung durch den geringen Beitrag zum Treibhauseffekt.<\/p>\n","protected":false},"excerpt":{"rendered":"<p>Solstice<sup>\u00ae<\/sup> Propellant HFO 1234ze ist ein Hydrofluorpropen.\u00a0Mit seiner konstanten Qualit\u00e4t erf\u00fcllt es alle Anforderungen der Aerosol-Industrie.<\/p>\n","protected":false},"featured_media":131319,"comment_status":"open","ping_status":"closed","template":"","meta":[],"countries":[4674,4709,4756,4813,4831,4862],"product_brand":[],"product_cat":[9983,9965,9992,9758,9520],"product_tag":[],"class_list":{"0":"post-161325","1":"product","2":"type-product","3":"status-publish","4":"has-post-thumbnail","6":"countries-by","7":"countries-cu","8":"countries-ir","9":"countries-kp","10":"countries-ru","11":"countries-sy","12":"product_cat-luftfahrt-raumfahrt-ruestung","13":"product_cat-gesundheit-wellness","14":"product_cat-weitere-industrie","15":"product_cat-aerosole-de","16":"product_cat-hfo-de-87","17":"pa_packaging-container-930-l-de-76","18":"pa_packaging-flasche-26-l-de-32","19":"pa_packaging-flasche-88-l-de-122","20":"pa_packaging-lose-ware-20-t-de-141","22":"first","23":"instock","24":"shipping-taxable","25":"purchasable","26":"product-type-variable"},"_links":{"self":[{"href":"https:\/\/climalife.com\/de\/wp-json\/wp\/v2\/product\/161325","targetHints":{"allow":["GET"]}}],"collection":[{"href":"https:\/\/climalife.com\/de\/wp-json\/wp\/v2\/product"}],"about":[{"href":"https:\/\/climalife.com\/de\/wp-json\/wp\/v2\/types\/product"}],"replies":[{"embeddable":true,"href":"https:\/\/climalife.com\/de\/wp-json\/wp\/v2\/comments?post=161325"}],"wp:featuredmedia":[{"embeddable":true,"href":"https:\/\/climalife.com\/de\/wp-json\/wp\/v2\/media\/131319"}],"wp:attachment":[{"href":"https:\/\/climalife.com\/de\/wp-json\/wp\/v2\/media?parent=161325"}],"wp:term":[{"taxonomy":"countries","embeddable":true,"href":"https:\/\/climalife.com\/de\/wp-json\/wp\/v2\/countries?post=161325"},{"taxonomy":"product_brand","embeddable":true,"href":"https:\/\/climalife.com\/de\/wp-json\/wp\/v2\/product_brand?post=161325"},{"taxonomy":"product_cat","embeddable":true,"href":"https:\/\/climalife.com\/de\/wp-json\/wp\/v2\/product_cat?post=161325"},{"taxonomy":"product_tag","embeddable":true,"href":"https:\/\/climalife.com\/de\/wp-json\/wp\/v2\/product_tag?post=161325"}],"curies":[{"name":"wp","href":"https:\/\/api.w.org\/{rel}","templated":true}]}}