{"id":161332,"date":"2022-09-28T17:49:31","date_gmt":"2022-09-28T17:49:31","guid":{"rendered":"http:\/\/climalife.com\/product\/novaspray-hfc-152a\/"},"modified":"2026-02-17T08:24:11","modified_gmt":"2026-02-17T08:24:11","slug":"novaspray-hfc-152a","status":"publish","type":"product","link":"https:\/\/climalife.com\/de\/product\/novaspray-hfc-152a\/","title":{"rendered":"NovaSpray\u2122 HFC 152a"},"content":{"rendered":"<p>Seine gute Mischbarkeit mit Alkohol und den \u00fcblichen L\u00f6sungsmitteln erm\u00f6glicht eine gro\u00dfe Flexibilit\u00e4t bei der Formulierung.Seine F\u00e4higkeit, eine substantielle Menge Wasser aufzunehmen, hilft, den Anteil an VOC in Aerosol-Formulierungen zu reduzieren. Es hat keinen Einfluss auf die Ozonschicht und nur einen geringen Treibhauseffekt.<\/p>\n","protected":false},"excerpt":{"rendered":"<p>NOVASPRAY\u2122 HFC 152a ist ein Difluorethan in Aerosol-Qualit\u00e4t. Mit seiner konstanten Qualit\u00e4t erf\u00fcllt es alle Anforderungen eines Treibgases.<\/p>\n","protected":false},"featured_media":126369,"comment_status":"open","ping_status":"closed","template":"","meta":[],"countries":[4674,4709,4756,4813,4831,4862],"product_brand":[],"product_cat":[9758,9412,9992],"product_tag":[],"class_list":{"0":"post-161332","1":"product","2":"type-product","3":"status-publish","4":"has-post-thumbnail","6":"countries-by","7":"countries-cu","8":"countries-ir","9":"countries-kp","10":"countries-ru","11":"countries-sy","12":"product_cat-aerosole-de","13":"product_cat-h-fkw-de-86","14":"product_cat-weitere-industrie","15":"pa_packaging-container-930-l-de-76","16":"pa_packaging-flasche-26-l-de-32","17":"pa_packaging-flasche-88-l-de-122","18":"pa_packaging-lose-ware-20-t-de-141","20":"first","21":"instock","22":"shipping-taxable","23":"purchasable","24":"product-type-variable"},"_links":{"self":[{"href":"https:\/\/climalife.com\/de\/wp-json\/wp\/v2\/product\/161332","targetHints":{"allow":["GET"]}}],"collection":[{"href":"https:\/\/climalife.com\/de\/wp-json\/wp\/v2\/product"}],"about":[{"href":"https:\/\/climalife.com\/de\/wp-json\/wp\/v2\/types\/product"}],"replies":[{"embeddable":true,"href":"https:\/\/climalife.com\/de\/wp-json\/wp\/v2\/comments?post=161332"}],"wp:featuredmedia":[{"embeddable":true,"href":"https:\/\/climalife.com\/de\/wp-json\/wp\/v2\/media\/126369"}],"wp:attachment":[{"href":"https:\/\/climalife.com\/de\/wp-json\/wp\/v2\/media?parent=161332"}],"wp:term":[{"taxonomy":"countries","embeddable":true,"href":"https:\/\/climalife.com\/de\/wp-json\/wp\/v2\/countries?post=161332"},{"taxonomy":"product_brand","embeddable":true,"href":"https:\/\/climalife.com\/de\/wp-json\/wp\/v2\/product_brand?post=161332"},{"taxonomy":"product_cat","embeddable":true,"href":"https:\/\/climalife.com\/de\/wp-json\/wp\/v2\/product_cat?post=161332"},{"taxonomy":"product_tag","embeddable":true,"href":"https:\/\/climalife.com\/de\/wp-json\/wp\/v2\/product_tag?post=161332"}],"curies":[{"name":"wp","href":"https:\/\/api.w.org\/{rel}","templated":true}]}}