{"id":161350,"date":"2022-09-28T17:49:37","date_gmt":"2022-09-28T17:49:37","guid":{"rendered":"http:\/\/climalife.com\/product\/zerol-rfl-46-ep-zerol-rfl-68-ep\/"},"modified":"2024-01-25T13:53:10","modified_gmt":"2024-01-25T13:53:10","slug":"zerol-rfl-46-ep-zerol-rfl-68-ep","status":"publish","type":"product","link":"https:\/\/climalife.com\/de\/product\/zerol-rfl-46-ep-zerol-rfl-68-ep\/","title":{"rendered":"Zerol RFL Serie EP"},"content":{"rendered":"<p>Das ZEROL RFL-EP Sortiment bietet folgende Vorteile:<br \/>\n&#8211; Reduzierter Viskosit\u00e4tsverlust<br \/>\n&#8211; PAG-\u00d6l =weniger hygroskopisch<br \/>\n&#8211; Hohe chemische, thermische und hydrolytische Stabilit\u00e4t<br \/>\n&#8211; Ausgezeichnete Schmierleistung.<\/p>\n<p>Zerol RFL-EP-\u00d6le sind in 5L- und 20L-Beh\u00e4ltern in den Viskosit\u00e4tsklassen 46 und 68 erh\u00e4ltlich.<\/p>\n","protected":false},"excerpt":{"rendered":"<p>PAG-\u00d6le (Polyalkylenglykol), die speziell f\u00fcr den Einsatz in CO<sub>2<\/sub>-Systemen (R-744) entwickelt wurden. Zerol RFL-EP-\u00d6le haben eine ausgezeichnete thermische Stabilit\u00e4t und sind ideal f\u00fcr Sub- und transkritische Anwendungen.<\/p>\n","protected":false},"featured_media":124326,"comment_status":"open","ping_status":"closed","template":"","meta":[],"countries":[4674,4709,4756,4813,4831,4862],"product_brand":[],"product_cat":[9983,9974,9947,9938,9965,9992,13057,13092,13126,13447],"product_tag":[],"class_list":{"0":"post-161350","1":"product","2":"type-product","3":"status-publish","4":"has-post-thumbnail","6":"countries-by","7":"countries-cu","8":"countries-ir","9":"countries-kp","10":"countries-ru","11":"countries-sy","12":"product_cat-luftfahrt-raumfahrt-ruestung","13":"product_cat-automobil-transport","14":"product_cat-gebaeude","15":"product_cat-lebensmittel","16":"product_cat-gesundheit-wellness","17":"product_cat-weitere-industrie","18":"product_cat-klimatechnik","19":"product_cat-heizung","20":"product_cat-kaeltetechnik","21":"product_cat-pag-de","22":"pa_packaging-kanister-20-l-de-36","23":"pa_packaging-5-l-kanister-de-35","25":"first","26":"instock","27":"shipping-taxable","28":"purchasable","29":"product-type-variable"},"_links":{"self":[{"href":"https:\/\/climalife.com\/de\/wp-json\/wp\/v2\/product\/161350","targetHints":{"allow":["GET"]}}],"collection":[{"href":"https:\/\/climalife.com\/de\/wp-json\/wp\/v2\/product"}],"about":[{"href":"https:\/\/climalife.com\/de\/wp-json\/wp\/v2\/types\/product"}],"replies":[{"embeddable":true,"href":"https:\/\/climalife.com\/de\/wp-json\/wp\/v2\/comments?post=161350"}],"wp:featuredmedia":[{"embeddable":true,"href":"https:\/\/climalife.com\/de\/wp-json\/wp\/v2\/media\/124326"}],"wp:attachment":[{"href":"https:\/\/climalife.com\/de\/wp-json\/wp\/v2\/media?parent=161350"}],"wp:term":[{"taxonomy":"countries","embeddable":true,"href":"https:\/\/climalife.com\/de\/wp-json\/wp\/v2\/countries?post=161350"},{"taxonomy":"product_brand","embeddable":true,"href":"https:\/\/climalife.com\/de\/wp-json\/wp\/v2\/product_brand?post=161350"},{"taxonomy":"product_cat","embeddable":true,"href":"https:\/\/climalife.com\/de\/wp-json\/wp\/v2\/product_cat?post=161350"},{"taxonomy":"product_tag","embeddable":true,"href":"https:\/\/climalife.com\/de\/wp-json\/wp\/v2\/product_tag?post=161350"}],"curies":[{"name":"wp","href":"https:\/\/api.w.org\/{rel}","templated":true}]}}