{"id":161360,"date":"2022-09-28T17:49:45","date_gmt":"2022-09-28T17:49:45","guid":{"rendered":"http:\/\/climalife.com\/product\/r-404a-t\/"},"modified":"2024-12-20T11:41:00","modified_gmt":"2024-12-20T11:41:00","slug":"r-404a-t","status":"publish","type":"product","link":"https:\/\/climalife.com\/de\/product\/r-404a-t\/","title":{"rendered":"R-404AT"},"content":{"rendered":"<div class=\"mce-block\">\n<p>Es wird vorzugsweise bei der Realisierung von Neuanlagen wie etwa K\u00fchlanlagen in Superm\u00e4rkten, K\u00fchlh\u00e4usern, Lebensmitteltieffrieranlagen und K\u00fchlm\u00f6beln f\u00fcr Tiefk\u00fchlkost sowie Tiefk\u00fchllastwagen eingesetzt.<\/p>\n<p>Dieses K\u00e4ltemittel kann bei Einhaltung einer bestimmten Verfahrensweise in vorhandenen Anlagen an Stelle von R-502 verwendet werden.<\/p>\n<\/div>\n","protected":false},"excerpt":{"rendered":"<p>R-404AT ist ein &#8220;quasi-azeotropes&#8221; HFKW-Gemisch, das bei der R\u00fcckgewinnung und Regeneration von R-404A entsteht.Seine Verwendung, die bis zum 01. Januar 2030 gestattet ist, erm\u00f6glicht die Wartung von Ausr\u00fcstungen, die urspr\u00fcnglich mit frischem R-404A betrieben wurden, was seit dem 01. Januar 2020 verboten ist.<\/p>\n","protected":false},"featured_media":123894,"comment_status":"open","ping_status":"closed","template":"","meta":[],"countries":[4674,4709,4756,4813,4831,4862],"product_brand":[],"product_cat":[9983,9974,9956,9938,9965,9992,13126,9530],"product_tag":[],"class_list":{"0":"post-161360","1":"product","2":"type-product","3":"status-publish","4":"has-post-thumbnail","6":"countries-by","7":"countries-cu","8":"countries-ir","9":"countries-kp","10":"countries-ru","11":"countries-sy","12":"product_cat-luftfahrt-raumfahrt-ruestung","13":"product_cat-automobil-transport","14":"product_cat-energie","15":"product_cat-lebensmittel","16":"product_cat-gesundheit-wellness","17":"product_cat-weitere-industrie","18":"product_cat-kaeltetechnik","19":"product_cat-aufbereitete-h-fkw","20":"pa_packaging-container-448-l-de-74","21":"pa_packaging-container-930-l-de-76","22":"pa_packaging-flasche-52-l-de-72","24":"first","25":"instock","26":"shipping-taxable","27":"purchasable","28":"product-type-variable"},"_links":{"self":[{"href":"https:\/\/climalife.com\/de\/wp-json\/wp\/v2\/product\/161360","targetHints":{"allow":["GET"]}}],"collection":[{"href":"https:\/\/climalife.com\/de\/wp-json\/wp\/v2\/product"}],"about":[{"href":"https:\/\/climalife.com\/de\/wp-json\/wp\/v2\/types\/product"}],"replies":[{"embeddable":true,"href":"https:\/\/climalife.com\/de\/wp-json\/wp\/v2\/comments?post=161360"}],"wp:featuredmedia":[{"embeddable":true,"href":"https:\/\/climalife.com\/de\/wp-json\/wp\/v2\/media\/123894"}],"wp:attachment":[{"href":"https:\/\/climalife.com\/de\/wp-json\/wp\/v2\/media?parent=161360"}],"wp:term":[{"taxonomy":"countries","embeddable":true,"href":"https:\/\/climalife.com\/de\/wp-json\/wp\/v2\/countries?post=161360"},{"taxonomy":"product_brand","embeddable":true,"href":"https:\/\/climalife.com\/de\/wp-json\/wp\/v2\/product_brand?post=161360"},{"taxonomy":"product_cat","embeddable":true,"href":"https:\/\/climalife.com\/de\/wp-json\/wp\/v2\/product_cat?post=161360"},{"taxonomy":"product_tag","embeddable":true,"href":"https:\/\/climalife.com\/de\/wp-json\/wp\/v2\/product_tag?post=161360"}],"curies":[{"name":"wp","href":"https:\/\/api.w.org\/{rel}","templated":true}]}}