{"id":161364,"date":"2022-09-28T17:49:54","date_gmt":"2022-09-28T17:49:54","guid":{"rendered":"http:\/\/climalife.com\/product\/prestobul-max\/"},"modified":"2024-05-07T07:20:44","modified_gmt":"2024-05-07T07:20:44","slug":"prestobul-max","status":"publish","type":"product","link":"https:\/\/climalife.com\/de\/product\/prestobul-max\/","title":{"rendered":"Prestobul Max"},"content":{"rendered":"","protected":false},"excerpt":{"rendered":"<p>Das in 400 ml Spr\u00fchdosen erh\u00e4ltliche Prestobul Max, dient zur Erfassung undichter Stellen in K\u00fchl-, Klima- und Luftklimatisierungsanlagen, sowie Systemen, die K\u00e4ltemittel oder unter Druck stehende Gase enthalten.<\/p>\n","protected":false},"featured_media":121509,"comment_status":"open","ping_status":"closed","template":"","meta":[],"countries":[4674,4709,4756,4813,4831,4862],"product_brand":[],"product_cat":[9974,9956,9947,9965,13126,13057,9938,9983,9378,13110,9992],"product_tag":[],"class_list":{"0":"post-161364","1":"product","2":"type-product","3":"status-publish","4":"has-post-thumbnail","6":"countries-by","7":"countries-cu","8":"countries-ir","9":"countries-kp","10":"countries-ru","11":"countries-sy","12":"product_cat-automobil-transport","13":"product_cat-energie","14":"product_cat-gebaeude","15":"product_cat-gesundheit-wellness","16":"product_cat-kaeltetechnik","17":"product_cat-klimatechnik","18":"product_cat-lebensmittel","19":"product_cat-luftfahrt-raumfahrt-ruestung","20":"product_cat-mobile-lecksuche","21":"product_cat-orc-organischer-rankin-zyklus","22":"product_cat-weitere-industrie","23":"pa_packaging-karton-mit-12-spraydosen-a-400-ml-de-311","25":"first","26":"instock","27":"shipping-taxable","28":"purchasable","29":"product-type-variable"},"_links":{"self":[{"href":"https:\/\/climalife.com\/de\/wp-json\/wp\/v2\/product\/161364","targetHints":{"allow":["GET"]}}],"collection":[{"href":"https:\/\/climalife.com\/de\/wp-json\/wp\/v2\/product"}],"about":[{"href":"https:\/\/climalife.com\/de\/wp-json\/wp\/v2\/types\/product"}],"replies":[{"embeddable":true,"href":"https:\/\/climalife.com\/de\/wp-json\/wp\/v2\/comments?post=161364"}],"wp:featuredmedia":[{"embeddable":true,"href":"https:\/\/climalife.com\/de\/wp-json\/wp\/v2\/media\/121509"}],"wp:attachment":[{"href":"https:\/\/climalife.com\/de\/wp-json\/wp\/v2\/media?parent=161364"}],"wp:term":[{"taxonomy":"countries","embeddable":true,"href":"https:\/\/climalife.com\/de\/wp-json\/wp\/v2\/countries?post=161364"},{"taxonomy":"product_brand","embeddable":true,"href":"https:\/\/climalife.com\/de\/wp-json\/wp\/v2\/product_brand?post=161364"},{"taxonomy":"product_cat","embeddable":true,"href":"https:\/\/climalife.com\/de\/wp-json\/wp\/v2\/product_cat?post=161364"},{"taxonomy":"product_tag","embeddable":true,"href":"https:\/\/climalife.com\/de\/wp-json\/wp\/v2\/product_tag?post=161364"}],"curies":[{"name":"wp","href":"https:\/\/api.w.org\/{rel}","templated":true}]}}