{"id":161373,"date":"2022-12-15T10:50:02","date_gmt":"2022-12-15T10:50:02","guid":{"rendered":"http:\/\/climalife.com\/product\/r-455a-solstice-l40x\/"},"modified":"2025-06-26T11:49:31","modified_gmt":"2025-06-26T11:49:31","slug":"r-455a-solstice-l40x","status":"publish","type":"product","link":"https:\/\/climalife.com\/de\/product\/r-455a-solstice-l40x\/","title":{"rendered":"R-455A Solstice\u00ae L40X"},"content":{"rendered":"<p>Durch die thermodynamischen Eigenschaften kann dieses K\u00e4ltemittel bei den gleichen Anwendungsbereichen wie R-22 oder R-404a eingesetzt werden, n\u00e4mlich NK und TK sowie in W\u00e4rmepumpen.<\/p>\n","protected":false},"excerpt":{"rendered":"<p>R-455A ist ein nicht azeotropisches Gemisch vom Typ FKW\/HFO\u00a0(Hydrofluoroolefin) mit einem GWP &lt;150.<\/p>\n","protected":false},"featured_media":199945,"comment_status":"open","ping_status":"closed","template":"","meta":[],"countries":[4674,4709,4756,4813,4831,4862],"product_brand":[],"product_cat":[9974,9605,9947,9965,13126,13057,9938,9992],"product_tag":[],"class_list":{"0":"post-161373","1":"product","2":"type-product","3":"status-publish","4":"has-post-thumbnail","6":"countries-by","7":"countries-cu","8":"countries-ir","9":"countries-kp","10":"countries-ru","11":"countries-sy","12":"product_cat-automobil-transport","13":"product_cat-fkw-hfo-gemische","14":"product_cat-gebaeude","15":"product_cat-gesundheit-wellness","16":"product_cat-kaeltetechnik","17":"product_cat-klimatechnik","18":"product_cat-lebensmittel","19":"product_cat-weitere-industrie","20":"pa_packaging-flasche-52-l-de-72","21":"pa_packaging-friostar-de-69","23":"first","24":"instock","25":"shipping-taxable","26":"purchasable","27":"product-type-variable"},"_links":{"self":[{"href":"https:\/\/climalife.com\/de\/wp-json\/wp\/v2\/product\/161373","targetHints":{"allow":["GET"]}}],"collection":[{"href":"https:\/\/climalife.com\/de\/wp-json\/wp\/v2\/product"}],"about":[{"href":"https:\/\/climalife.com\/de\/wp-json\/wp\/v2\/types\/product"}],"replies":[{"embeddable":true,"href":"https:\/\/climalife.com\/de\/wp-json\/wp\/v2\/comments?post=161373"}],"wp:featuredmedia":[{"embeddable":true,"href":"https:\/\/climalife.com\/de\/wp-json\/wp\/v2\/media\/199945"}],"wp:attachment":[{"href":"https:\/\/climalife.com\/de\/wp-json\/wp\/v2\/media?parent=161373"}],"wp:term":[{"taxonomy":"countries","embeddable":true,"href":"https:\/\/climalife.com\/de\/wp-json\/wp\/v2\/countries?post=161373"},{"taxonomy":"product_brand","embeddable":true,"href":"https:\/\/climalife.com\/de\/wp-json\/wp\/v2\/product_brand?post=161373"},{"taxonomy":"product_cat","embeddable":true,"href":"https:\/\/climalife.com\/de\/wp-json\/wp\/v2\/product_cat?post=161373"},{"taxonomy":"product_tag","embeddable":true,"href":"https:\/\/climalife.com\/de\/wp-json\/wp\/v2\/product_tag?post=161373"}],"curies":[{"name":"wp","href":"https:\/\/api.w.org\/{rel}","templated":true}]}}