{"id":161402,"date":"2022-09-28T17:50:26","date_gmt":"2022-09-28T17:50:26","guid":{"rendered":"http:\/\/climalife.com\/product\/solstice-ze-r-1234ze\/"},"modified":"2025-02-19T12:09:27","modified_gmt":"2025-02-19T12:09:27","slug":"solstice-ze-r-1234ze","status":"publish","type":"product","link":"https:\/\/climalife.com\/de\/product\/solstice-ze-r-1234ze\/","title":{"rendered":"R-1234ze Solstice\u00ae ze"},"content":{"rendered":"<p>Es wird in f\u00fcr dieses K\u00e4ltemittel ausgelegten Anlagen eingesetzt, wie zum Beispiel Kaltwassers\u00e4tze und W\u00e4rmepumpen (auch bei W\u00e4rmepumpen mit hohen Temperaturen). Mit Polyolester (POE) \u00d6l einzusetzen.<\/p>\n","protected":false},"excerpt":{"rendered":"<p>Solstice<sup>\u00ae<\/sup>\u00a0ze\u00a0 (HFO 1234ze) ist ein fluoriertes Gas der Hydrofluoro-Olefine (HFO) Familie mit sehr niedrigem GWP f\u00fcr Anwendungen in der K\u00e4lte und Klimatechnik.<\/p>\n","protected":false},"featured_media":108981,"comment_status":"open","ping_status":"closed","template":"","meta":[],"countries":[4674,4709,4756,4813,4831,4862],"product_brand":[],"product_cat":[9983,9947,9956,9938,9965,9992,13057,13092,13126,9661],"product_tag":[],"class_list":{"0":"post-161402","1":"product","2":"type-product","3":"status-publish","4":"has-post-thumbnail","6":"countries-by","7":"countries-cu","8":"countries-ir","9":"countries-kp","10":"countries-ru","11":"countries-sy","12":"product_cat-luftfahrt-raumfahrt-ruestung","13":"product_cat-gebaeude","14":"product_cat-energie","15":"product_cat-lebensmittel","16":"product_cat-gesundheit-wellness","17":"product_cat-weitere-industrie","18":"product_cat-klimatechnik","19":"product_cat-heizung","20":"product_cat-kaeltetechnik","21":"product_cat-hfo-de-23","22":"pa_packaging-container-448-l-de-74","23":"pa_packaging-container-930-l-de-76","24":"pa_packaging-cubikool","25":"pa_packaging-flasche-52-l-de-72","26":"pa_packaging-friostar-de-69","28":"first","29":"instock","30":"shipping-taxable","31":"purchasable","32":"product-type-variable"},"_links":{"self":[{"href":"https:\/\/climalife.com\/de\/wp-json\/wp\/v2\/product\/161402","targetHints":{"allow":["GET"]}}],"collection":[{"href":"https:\/\/climalife.com\/de\/wp-json\/wp\/v2\/product"}],"about":[{"href":"https:\/\/climalife.com\/de\/wp-json\/wp\/v2\/types\/product"}],"replies":[{"embeddable":true,"href":"https:\/\/climalife.com\/de\/wp-json\/wp\/v2\/comments?post=161402"}],"wp:featuredmedia":[{"embeddable":true,"href":"https:\/\/climalife.com\/de\/wp-json\/wp\/v2\/media\/108981"}],"wp:attachment":[{"href":"https:\/\/climalife.com\/de\/wp-json\/wp\/v2\/media?parent=161402"}],"wp:term":[{"taxonomy":"countries","embeddable":true,"href":"https:\/\/climalife.com\/de\/wp-json\/wp\/v2\/countries?post=161402"},{"taxonomy":"product_brand","embeddable":true,"href":"https:\/\/climalife.com\/de\/wp-json\/wp\/v2\/product_brand?post=161402"},{"taxonomy":"product_cat","embeddable":true,"href":"https:\/\/climalife.com\/de\/wp-json\/wp\/v2\/product_cat?post=161402"},{"taxonomy":"product_tag","embeddable":true,"href":"https:\/\/climalife.com\/de\/wp-json\/wp\/v2\/product_tag?post=161402"}],"curies":[{"name":"wp","href":"https:\/\/api.w.org\/{rel}","templated":true}]}}