{"id":161411,"date":"2022-09-28T17:50:35","date_gmt":"2022-09-28T17:50:35","guid":{"rendered":"http:\/\/climalife.com\/product\/solrnett\/"},"modified":"2024-09-12T08:41:44","modified_gmt":"2024-09-12T08:41:44","slug":"solrnett","status":"publish","type":"product","link":"https:\/\/climalife.com\/de\/product\/solrnett\/","title":{"rendered":"SolRnett"},"content":{"rendered":"<p>Gebrauchsfertig. Teerentferner, auf der Basis organischer benetzender L\u00f6semittel und alkalischer Stoffe, zur inneren Reinigung von Solarkreisl\u00e4ufen mit Leistungsverluste aufgrund einer &#8220;Karamelisierung&#8221; des W\u00e4rmetr\u00e4gers. Kann Durchfluss wiederherstellen und der Ersatz von Solarkollektoren vermeiden. Wirksam bei Raumtemperatur.<\/p>\n","protected":false},"excerpt":{"rendered":"<p>Teerentferner f\u00fcr Solarw\u00e4rmesysteme<\/p>\n","protected":false},"featured_media":109179,"comment_status":"open","ping_status":"closed","template":"","meta":[],"countries":[4674,4709,4756,4813,4831,4862],"product_brand":[],"product_cat":[9947,9956,9992,13092,13135,9355],"product_tag":[],"class_list":{"0":"post-161411","1":"product","2":"type-product","3":"status-publish","4":"has-post-thumbnail","6":"countries-by","7":"countries-cu","8":"countries-ir","9":"countries-kp","10":"countries-ru","11":"countries-sy","12":"product_cat-gebaeude","13":"product_cat-energie","14":"product_cat-weitere-industrie","15":"product_cat-heizung","16":"product_cat-erneuerbare-energie","17":"product_cat-reinigung-der-kaelte-waermetraeger-kreislaeufe","18":"pa_packaging-kanister-20-l-de-36","19":"pa_packaging-fass-210-l-de-28","21":"first","22":"instock","23":"shipping-taxable","24":"purchasable","25":"product-type-variable"},"_links":{"self":[{"href":"https:\/\/climalife.com\/de\/wp-json\/wp\/v2\/product\/161411","targetHints":{"allow":["GET"]}}],"collection":[{"href":"https:\/\/climalife.com\/de\/wp-json\/wp\/v2\/product"}],"about":[{"href":"https:\/\/climalife.com\/de\/wp-json\/wp\/v2\/types\/product"}],"replies":[{"embeddable":true,"href":"https:\/\/climalife.com\/de\/wp-json\/wp\/v2\/comments?post=161411"}],"wp:featuredmedia":[{"embeddable":true,"href":"https:\/\/climalife.com\/de\/wp-json\/wp\/v2\/media\/109179"}],"wp:attachment":[{"href":"https:\/\/climalife.com\/de\/wp-json\/wp\/v2\/media?parent=161411"}],"wp:term":[{"taxonomy":"countries","embeddable":true,"href":"https:\/\/climalife.com\/de\/wp-json\/wp\/v2\/countries?post=161411"},{"taxonomy":"product_brand","embeddable":true,"href":"https:\/\/climalife.com\/de\/wp-json\/wp\/v2\/product_brand?post=161411"},{"taxonomy":"product_cat","embeddable":true,"href":"https:\/\/climalife.com\/de\/wp-json\/wp\/v2\/product_cat?post=161411"},{"taxonomy":"product_tag","embeddable":true,"href":"https:\/\/climalife.com\/de\/wp-json\/wp\/v2\/product_tag?post=161411"}],"curies":[{"name":"wp","href":"https:\/\/api.w.org\/{rel}","templated":true}]}}