{"id":161421,"date":"2022-09-28T17:50:43","date_gmt":"2022-09-28T17:50:43","guid":{"rendered":"http:\/\/climalife.com\/product\/r-407f-performax-lt\/"},"modified":"2024-12-20T09:29:01","modified_gmt":"2024-12-20T09:29:01","slug":"r-407f-performax-lt","status":"publish","type":"product","link":"https:\/\/climalife.com\/de\/product\/r-407f-performax-lt\/","title":{"rendered":"R-407F (Performax LT)"},"content":{"rendered":"<p>Performax LT steigert die Energieeffizienz des Systems und erm\u00f6glicht eine Senkung des Energieverbrauchs, was sich wiederum positiv auf die Umwelt auswirkt.<\/p>\n","protected":false},"excerpt":{"rendered":"<p>Performax LT ist eine Kombination aus Hydrofluorcarbonat (HFC) f\u00fcr Anwendungen im TK und NK Temperaturbereich in der gewerblichen K\u00e4lte. Es ist ein Ersatz f\u00fcr R-404A in neuen und bestehenden Anlagen.<\/p>\n","protected":false},"featured_media":108108,"comment_status":"open","ping_status":"closed","template":"","meta":[],"countries":[4674,4709,4756,4813,4831,4862],"product_brand":[],"product_cat":[9974,9956,9965,9445,13126,9938,9983,9992],"product_tag":[],"class_list":{"0":"post-161421","1":"product","2":"type-product","3":"status-publish","4":"has-post-thumbnail","6":"countries-by","7":"countries-cu","8":"countries-ir","9":"countries-kp","10":"countries-ru","11":"countries-sy","12":"product_cat-automobil-transport","13":"product_cat-energie","14":"product_cat-gesundheit-wellness","15":"product_cat-h-fkw-de-33","16":"product_cat-kaeltetechnik","17":"product_cat-lebensmittel","18":"product_cat-luftfahrt-raumfahrt-ruestung","19":"product_cat-weitere-industrie","20":"pa_packaging-container-448-l-de-74","21":"pa_packaging-container-930-l-de-76","22":"pa_packaging-cubikool","23":"pa_packaging-flasche-52-l-de-72","24":"pa_packaging-friostar-de-69","26":"first","27":"instock","28":"shipping-taxable","29":"purchasable","30":"product-type-variable"},"_links":{"self":[{"href":"https:\/\/climalife.com\/de\/wp-json\/wp\/v2\/product\/161421","targetHints":{"allow":["GET"]}}],"collection":[{"href":"https:\/\/climalife.com\/de\/wp-json\/wp\/v2\/product"}],"about":[{"href":"https:\/\/climalife.com\/de\/wp-json\/wp\/v2\/types\/product"}],"replies":[{"embeddable":true,"href":"https:\/\/climalife.com\/de\/wp-json\/wp\/v2\/comments?post=161421"}],"wp:featuredmedia":[{"embeddable":true,"href":"https:\/\/climalife.com\/de\/wp-json\/wp\/v2\/media\/108108"}],"wp:attachment":[{"href":"https:\/\/climalife.com\/de\/wp-json\/wp\/v2\/media?parent=161421"}],"wp:term":[{"taxonomy":"countries","embeddable":true,"href":"https:\/\/climalife.com\/de\/wp-json\/wp\/v2\/countries?post=161421"},{"taxonomy":"product_brand","embeddable":true,"href":"https:\/\/climalife.com\/de\/wp-json\/wp\/v2\/product_brand?post=161421"},{"taxonomy":"product_cat","embeddable":true,"href":"https:\/\/climalife.com\/de\/wp-json\/wp\/v2\/product_cat?post=161421"},{"taxonomy":"product_tag","embeddable":true,"href":"https:\/\/climalife.com\/de\/wp-json\/wp\/v2\/product_tag?post=161421"}],"curies":[{"name":"wp","href":"https:\/\/api.w.org\/{rel}","templated":true}]}}