{"id":161454,"date":"2022-09-28T17:51:07","date_gmt":"2022-09-28T17:51:07","guid":{"rendered":"http:\/\/climalife.com\/product\/anlagenaufkleber\/"},"modified":"2024-01-25T13:53:04","modified_gmt":"2024-01-25T13:53:04","slug":"anlagenaufkleber","status":"publish","type":"product","link":"https:\/\/climalife.com\/de\/product\/anlagenaufkleber\/","title":{"rendered":"Anlagenaufkleber"},"content":{"rendered":"<p>Dieses Etikett gibt die Art des K\u00e4ltemittels und die F\u00fcllmenge in kg an, aber auch die Art des \u00d6ls und die Menge mit der Absicht, die Wartung der Anlagen zu erleichtern.<\/p>\n<p>Au\u00dferdem ist ein Feld vorgesehen, in dem der Name des Wartungsunternehmens und eine Telefonnummer angegeben werden k\u00f6nnen.<\/p>\n<p>Dieses Etikett ist in 2 Teilen aufgebaut:<br \/>\n&#8211; Eine Basis, auf der die Informationen ausgef\u00fcllt werden. Auf der R\u00fcckseite wird ein sehr starker Klebstoff verwendet, um das Abrei\u00dfen der Etiketten zu verhindern.<br \/>\n&#8211; Eine durchsichtige Lasche (mit spezieller UV-Beschichtung) wird auf diese Basis gelegt und stellt sicher, dass die Informationen nicht ver\u00e4ndert oder durchgestrichen werden. Es wird empfohlen, einen dokumentenechten Filzstift zu verwenden.<\/p>\n","protected":false},"excerpt":{"rendered":"<p>Dieser Aufkleber erf\u00fcllt die Anforderungen der Verordnung n\u00b0 1494\/2007 der Kommission vom 17.12.2007, die die Kennzeichung der Anlagen, die mehr al 2 Kg K\u00e4ltemittel enthalten, vorgibt.<\/p>\n","protected":false},"featured_media":108927,"comment_status":"open","ping_status":"closed","template":"","meta":[],"countries":[4674,4709,4756,4813,4831,4862],"product_brand":[],"product_cat":[9974,9947,9938,9992,13057,13126,13588],"product_tag":[],"class_list":{"0":"post-161454","1":"product","2":"type-product","3":"status-publish","4":"has-post-thumbnail","6":"countries-by","7":"countries-cu","8":"countries-ir","9":"countries-kp","10":"countries-ru","11":"countries-sy","12":"product_cat-automobil-transport","13":"product_cat-gebaeude","14":"product_cat-lebensmittel","15":"product_cat-weitere-industrie","16":"product_cat-klimatechnik","17":"product_cat-kaeltetechnik","18":"product_cat-wartung","19":"pa_packaging-packung-mit-25-stueck-de-210","21":"first","22":"instock","23":"shipping-taxable","24":"purchasable","25":"product-type-variable"},"_links":{"self":[{"href":"https:\/\/climalife.com\/de\/wp-json\/wp\/v2\/product\/161454","targetHints":{"allow":["GET"]}}],"collection":[{"href":"https:\/\/climalife.com\/de\/wp-json\/wp\/v2\/product"}],"about":[{"href":"https:\/\/climalife.com\/de\/wp-json\/wp\/v2\/types\/product"}],"replies":[{"embeddable":true,"href":"https:\/\/climalife.com\/de\/wp-json\/wp\/v2\/comments?post=161454"}],"wp:featuredmedia":[{"embeddable":true,"href":"https:\/\/climalife.com\/de\/wp-json\/wp\/v2\/media\/108927"}],"wp:attachment":[{"href":"https:\/\/climalife.com\/de\/wp-json\/wp\/v2\/media?parent=161454"}],"wp:term":[{"taxonomy":"countries","embeddable":true,"href":"https:\/\/climalife.com\/de\/wp-json\/wp\/v2\/countries?post=161454"},{"taxonomy":"product_brand","embeddable":true,"href":"https:\/\/climalife.com\/de\/wp-json\/wp\/v2\/product_brand?post=161454"},{"taxonomy":"product_cat","embeddable":true,"href":"https:\/\/climalife.com\/de\/wp-json\/wp\/v2\/product_cat?post=161454"},{"taxonomy":"product_tag","embeddable":true,"href":"https:\/\/climalife.com\/de\/wp-json\/wp\/v2\/product_tag?post=161454"}],"curies":[{"name":"wp","href":"https:\/\/api.w.org\/{rel}","templated":true}]}}