{"id":161485,"date":"2022-09-28T17:51:32","date_gmt":"2022-09-28T17:51:32","guid":{"rendered":"http:\/\/climalife.com\/product\/fertiggemischtes-friogel-neo\/"},"modified":"2026-04-15T16:10:09","modified_gmt":"2026-04-15T16:10:09","slug":"fertiggemischtes-friogel-neo","status":"publish","type":"product","link":"https:\/\/climalife.com\/de\/product\/fertiggemischtes-friogel-neo\/","title":{"rendered":"Fertiggemischtes Friogel\u00ae Neo"},"content":{"rendered":"<p>Nach der Verd\u00fcnnung mit Wasser bietet <strong>FRIOGEL<sup>\u00ae<\/sup> NEO<\/strong> einen hervorragenden Schutz gegen Frost und einen zunehmenden Schutz gegen Metallkorrosion in alten oder neuen Heizkreisl\u00e4ufen (Stahl, Aluminium, Kupfer etc..). Dieser Schutz wurde in verschiedenen statischen oder dynamischen W\u00e4rmetests best\u00e4tigt.<\/p>\n<p>Die Formel von <strong>FRIOGEL<\/strong><strong><sup> \u00ae<\/sup><\/strong><strong> NEO<\/strong> enth\u00e4lt kein Borax, ein gem\u00e4\u00df der 30. europ\u00e4ischen ATP (Adaptation to Technical Progress) als toxisch eingestuftes Additiv.<\/p>\n<p>Die f\u00fcr <strong>FRIOGEL<\/strong><strong><sup> \u00ae<\/sup><\/strong><strong> NEO<\/strong> verwendete Technologie zum Schutz vor Korrosion ist organisch, basiert auf neutralisierter Carbons\u00e4ure und ist frei von Phosphat, Nitrit und Aminen. Die Antikorrosionsmittel sch\u00fctzen langanhaltend vor Korrosion.<\/p>\n<p>Die exklusive Formel garantiert hervorragende Kompatibilit\u00e4t mit Kalkwasser ohne Risiko von Niederschlag im System. Verd\u00fcnnung mit demineralisiertem Wasser wird jedoch empfohlen, um Kalkablagerungen zu vermeiden.<\/p>\n<p>&nbsp;<\/p>\n<p>Die mittelfristigen Niederschlagsrisiken durch Korrosion in der Anlage, aber auch durch die Ver\u00e4nderung der chemischen Zusammensetzungen, werden durch die Stabilit\u00e4t der Hemmformel betr\u00e4chtlich vermindert.<\/p>\n<p>Eine Kontrolle der Konzentration von <strong>FRIOGEL<\/strong><strong><sup> \u00ae<\/sup><\/strong><strong> NEO<\/strong> wird bei der Wartung empfohlen (mindestens jedes Jahr), um jedes Risiko auf Verschlammung zu vermeiden.<\/p>\n<p>Dank der roten Farbe von <strong>FRIOGEL<\/strong><strong><sup> \u00ae<\/sup><\/strong><strong> NEO<\/strong> ist das Produkt schnell zu erkennen.<\/p>\n","protected":false},"excerpt":{"rendered":"<p>FRIOGEL<sup>\u00ae<\/sup> NEO, auf Basis von Monopropylenglykol und Inhibitoren, ist ein konzentrierter frostsch\u00fctzender W\u00e4rmetr\u00e4ger. Dieses Produkt ist besonders geeignet f\u00fcr Niedrigtemperaturk\u00e4ltekreisl\u00e4ufe und f\u00fcr die Lebensmittelindustrie.<\/p>\n","protected":false},"featured_media":215682,"comment_status":"open","ping_status":"closed","template":"","meta":[],"countries":[4674,4709,4756,4813,4831,4862],"product_brand":[],"product_cat":[9983,9947,9938,9965,9992,13057,13083,13092,13126,13534],"product_tag":[],"class_list":{"0":"post-161485","1":"product","2":"type-product","3":"status-publish","4":"has-post-thumbnail","6":"countries-by","7":"countries-cu","8":"countries-ir","9":"countries-kp","10":"countries-ru","11":"countries-sy","12":"product_cat-luftfahrt-raumfahrt-ruestung","13":"product_cat-gebaeude","14":"product_cat-lebensmittel","15":"product_cat-gesundheit-wellness","16":"product_cat-weitere-industrie","17":"product_cat-klimatechnik","18":"product_cat-feuerschutz","19":"product_cat-heizung","20":"product_cat-kaeltetechnik","21":"product_cat-mpg-de","22":"pa_packaging-container-1000-kg-de-139","23":"pa_packaging-fass-210-l-de-28","24":"pa_packaging-lose-ware-10-t-de-140","25":"pa_packaging-lose-ware-20-t-de-141","26":"pa_packaging-lose-ware-5-t-de-144","27":"pa_protection-13-c-de-151","28":"pa_protection-18c-de-145","29":"pa_protection-20c-de-146","30":"pa_protection-23c-de-148","31":"pa_protection-29c-de-149","32":"pa_protection-34c-de-150","34":"first","35":"instock","36":"shipping-taxable","37":"purchasable","38":"product-type-variable"},"_links":{"self":[{"href":"https:\/\/climalife.com\/de\/wp-json\/wp\/v2\/product\/161485","targetHints":{"allow":["GET"]}}],"collection":[{"href":"https:\/\/climalife.com\/de\/wp-json\/wp\/v2\/product"}],"about":[{"href":"https:\/\/climalife.com\/de\/wp-json\/wp\/v2\/types\/product"}],"replies":[{"embeddable":true,"href":"https:\/\/climalife.com\/de\/wp-json\/wp\/v2\/comments?post=161485"}],"wp:featuredmedia":[{"embeddable":true,"href":"https:\/\/climalife.com\/de\/wp-json\/wp\/v2\/media\/215682"}],"wp:attachment":[{"href":"https:\/\/climalife.com\/de\/wp-json\/wp\/v2\/media?parent=161485"}],"wp:term":[{"taxonomy":"countries","embeddable":true,"href":"https:\/\/climalife.com\/de\/wp-json\/wp\/v2\/countries?post=161485"},{"taxonomy":"product_brand","embeddable":true,"href":"https:\/\/climalife.com\/de\/wp-json\/wp\/v2\/product_brand?post=161485"},{"taxonomy":"product_cat","embeddable":true,"href":"https:\/\/climalife.com\/de\/wp-json\/wp\/v2\/product_cat?post=161485"},{"taxonomy":"product_tag","embeddable":true,"href":"https:\/\/climalife.com\/de\/wp-json\/wp\/v2\/product_tag?post=161485"}],"curies":[{"name":"wp","href":"https:\/\/api.w.org\/{rel}","templated":true}]}}