{"id":161496,"date":"2022-09-28T17:51:40","date_gmt":"2022-09-28T17:51:40","guid":{"rendered":"http:\/\/climalife.com\/product\/entsorgungsflasche-2\/"},"modified":"2024-01-25T13:53:01","modified_gmt":"2024-01-25T13:53:01","slug":"entsorgungsflasche-2","status":"publish","type":"product","link":"https:\/\/climalife.com\/de\/product\/entsorgungsflasche-2\/","title":{"rendered":"Entsorgungsflasche"},"content":{"rendered":"<p>&nbsp;<\/p>\n<div>Ref. 796 und 799: F\u00fcr R-22.<\/div>\n<div><\/div>\n<div>Ref. 6566 und 6246: ND + MD<\/div>\n<div><\/div>\n<p>Ref. 795: HD (R-13, R-23, R-503).<\/p>\n<p>Verpackungsgr\u00f6\u00dfen sowie Verf\u00fcgbarkeiten k\u00f6nnen je nach Land abweichen.<\/p>\n","protected":false},"excerpt":{"rendered":"<p>Bereitstellung.<br \/>\nVerpackungen f\u00fcr zur\u00fcckgewonnnene halogenierte K\u00e4ltemittel zwecks Aufarbeitung oder Zerst\u00f6rung dieser Mittel.<\/p>\n","protected":false},"featured_media":108135,"comment_status":"open","ping_status":"closed","template":"","meta":[],"countries":[4674,4709,4756,4813,4831,4862],"product_brand":[],"product_cat":[13126,13256],"product_tag":[],"class_list":{"0":"post-161496","1":"product","2":"type-product","3":"status-publish","4":"has-post-thumbnail","6":"countries-by","7":"countries-cu","8":"countries-ir","9":"countries-kp","10":"countries-ru","11":"countries-sy","12":"product_cat-kaeltetechnik","13":"product_cat-ruckgewinnung-kaltemittel","14":"pa_packaging-12-l-en-132","15":"pa_packaging-88-l-en-126","16":"pa_packaging-flasche-134-l-de-115","17":"pa_packaging-flasche-27-l-de-34","18":"pa_pressure-200-bar-de-137","19":"pa_pressure-33-bar-de-135","20":"pa_pressure-42-bar-de-242","21":"pa_pressure-45-bar-de-133","23":"first","24":"instock","25":"shipping-taxable","26":"purchasable","27":"product-type-variable"},"_links":{"self":[{"href":"https:\/\/climalife.com\/de\/wp-json\/wp\/v2\/product\/161496","targetHints":{"allow":["GET"]}}],"collection":[{"href":"https:\/\/climalife.com\/de\/wp-json\/wp\/v2\/product"}],"about":[{"href":"https:\/\/climalife.com\/de\/wp-json\/wp\/v2\/types\/product"}],"replies":[{"embeddable":true,"href":"https:\/\/climalife.com\/de\/wp-json\/wp\/v2\/comments?post=161496"}],"wp:featuredmedia":[{"embeddable":true,"href":"https:\/\/climalife.com\/de\/wp-json\/wp\/v2\/media\/108135"}],"wp:attachment":[{"href":"https:\/\/climalife.com\/de\/wp-json\/wp\/v2\/media?parent=161496"}],"wp:term":[{"taxonomy":"countries","embeddable":true,"href":"https:\/\/climalife.com\/de\/wp-json\/wp\/v2\/countries?post=161496"},{"taxonomy":"product_brand","embeddable":true,"href":"https:\/\/climalife.com\/de\/wp-json\/wp\/v2\/product_brand?post=161496"},{"taxonomy":"product_cat","embeddable":true,"href":"https:\/\/climalife.com\/de\/wp-json\/wp\/v2\/product_cat?post=161496"},{"taxonomy":"product_tag","embeddable":true,"href":"https:\/\/climalife.com\/de\/wp-json\/wp\/v2\/product_tag?post=161496"}],"curies":[{"name":"wp","href":"https:\/\/api.w.org\/{rel}","templated":true}]}}