{"id":161517,"date":"2022-09-28T17:51:57","date_gmt":"2022-09-28T17:51:57","guid":{"rendered":"http:\/\/climalife.com\/product\/nettogaz-gc\/"},"modified":"2024-05-28T15:18:45","modified_gmt":"2024-05-28T15:18:45","slug":"nettogaz-gc","status":"publish","type":"product","link":"https:\/\/climalife.com\/de\/product\/nettogaz-gc\/","title":{"rendered":"Nettogaz GC+"},"content":{"rendered":"<p>Es wurde von Climalife entwickelt zur Beseitigung von Calamine, Wasser oder Ablagerungen in K\u00e4ltekreisl\u00e4ufe. Die ausgezeichnete Reinigungskraft des GC+ macht dieses Produkt sehr effizient mit allen \u00fcblichen Schmierstoffen der K\u00e4ltetechnik.<\/p>\n<p>Die Eigenschaften des Reinigungsproduktes GC+ erm\u00f6glichen eine einfache Anwendung.<\/p>\n","protected":false},"excerpt":{"rendered":"<p>NETTOGAZ GC+ ist f\u00fcr die interne Reinigung von kleineren K\u00e4lte- und Klimakreisl\u00e4ufe bestimmt. (F\u00fcr industrielle Volumen: siehe Facilisolv<sup>\u00ae<\/sup>).<\/p>\n","protected":false},"featured_media":108072,"comment_status":"open","ping_status":"closed","template":"","meta":[],"countries":[4674,4709,4756,4813,4831,4862],"product_brand":[],"product_cat":[9983,9974,9947,9938,9965,9992,13057,13092,13126,9229],"product_tag":[],"class_list":{"0":"post-161517","1":"product","2":"type-product","3":"status-publish","4":"has-post-thumbnail","6":"countries-by","7":"countries-cu","8":"countries-ir","9":"countries-kp","10":"countries-ru","11":"countries-sy","12":"product_cat-luftfahrt-raumfahrt-ruestung","13":"product_cat-automobil-transport","14":"product_cat-gebaeude","15":"product_cat-lebensmittel","16":"product_cat-gesundheit-wellness","17":"product_cat-weitere-industrie","18":"product_cat-klimatechnik","19":"product_cat-heizung","20":"product_cat-kaeltetechnik","21":"product_cat-interne-reinigung-der-kaelteanlagen","22":"pa_packaging-friocatch-de-86","24":"first","25":"instock","26":"shipping-taxable","27":"purchasable","28":"product-type-variable"},"_links":{"self":[{"href":"https:\/\/climalife.com\/de\/wp-json\/wp\/v2\/product\/161517","targetHints":{"allow":["GET"]}}],"collection":[{"href":"https:\/\/climalife.com\/de\/wp-json\/wp\/v2\/product"}],"about":[{"href":"https:\/\/climalife.com\/de\/wp-json\/wp\/v2\/types\/product"}],"replies":[{"embeddable":true,"href":"https:\/\/climalife.com\/de\/wp-json\/wp\/v2\/comments?post=161517"}],"wp:featuredmedia":[{"embeddable":true,"href":"https:\/\/climalife.com\/de\/wp-json\/wp\/v2\/media\/108072"}],"wp:attachment":[{"href":"https:\/\/climalife.com\/de\/wp-json\/wp\/v2\/media?parent=161517"}],"wp:term":[{"taxonomy":"countries","embeddable":true,"href":"https:\/\/climalife.com\/de\/wp-json\/wp\/v2\/countries?post=161517"},{"taxonomy":"product_brand","embeddable":true,"href":"https:\/\/climalife.com\/de\/wp-json\/wp\/v2\/product_brand?post=161517"},{"taxonomy":"product_cat","embeddable":true,"href":"https:\/\/climalife.com\/de\/wp-json\/wp\/v2\/product_cat?post=161517"},{"taxonomy":"product_tag","embeddable":true,"href":"https:\/\/climalife.com\/de\/wp-json\/wp\/v2\/product_tag?post=161517"}],"curies":[{"name":"wp","href":"https:\/\/api.w.org\/{rel}","templated":true}]}}