{"id":161537,"date":"2022-09-28T17:52:12","date_gmt":"2022-09-28T17:52:12","guid":{"rendered":"http:\/\/climalife.com\/product\/dph\/"},"modified":"2024-10-22T09:23:03","modified_gmt":"2024-10-22T09:23:03","slug":"dph","status":"publish","type":"product","link":"https:\/\/climalife.com\/de\/product\/dph\/","title":{"rendered":"DPH"},"content":{"rendered":"<p>DPH A = Aussehen + Viskosit\u00e4t + S\u00e4urewert + Feuchtigkeit + Verschlei\u00dfelemente + Additive + Kontaminierende Stoffe.<\/p>\n<p>DPH B= DPH A+ Dielektrische Festigkeit.<\/p>\n<p><span data-teams=\"true\"><span class=\"ui-provider a b c d e f g h i j k l m n o p q r s t u v w x y z ab ac ae af ag ah ai aj ak\" dir=\"ltr\">DPH G= DPH A + Gravimetrie.<\/span><\/span><\/p>\n","protected":false},"excerpt":{"rendered":"<p>Regelm\u00e4\u00dfige \u00d6ldiagnose zur Bestimmung des Schmiermittelzustands sowie zur Verschlei\u00df\u00fcberwachung der verschiedenen Anlagenkomponenten.<\/p>\n","protected":false},"featured_media":108117,"comment_status":"open","ping_status":"closed","template":"","meta":[],"countries":[4674,4709,4756,4813,4831,4862],"product_brand":[],"product_cat":[9983,9947,9938,9965,9992,13057,13092,13126,9364],"product_tag":[],"class_list":{"0":"post-161537","1":"product","2":"type-product","3":"status-publish","4":"has-post-thumbnail","6":"countries-by","7":"countries-cu","8":"countries-ir","9":"countries-kp","10":"countries-ru","11":"countries-sy","12":"product_cat-luftfahrt-raumfahrt-ruestung","13":"product_cat-gebaeude","14":"product_cat-lebensmittel","15":"product_cat-gesundheit-wellness","16":"product_cat-weitere-industrie","17":"product_cat-klimatechnik","18":"product_cat-heizung","19":"product_cat-kaeltetechnik","20":"product_cat-kaeltemaschinenoelanalyse","21":"pa_packaging-1-dose-50-ml","22":"pa_packaging-1-dose-500-ml-de-3","23":"pa_packaging-3-dosen-60-ml-de-4","25":"first","26":"instock","27":"shipping-taxable","28":"purchasable","29":"product-type-variable"},"_links":{"self":[{"href":"https:\/\/climalife.com\/de\/wp-json\/wp\/v2\/product\/161537","targetHints":{"allow":["GET"]}}],"collection":[{"href":"https:\/\/climalife.com\/de\/wp-json\/wp\/v2\/product"}],"about":[{"href":"https:\/\/climalife.com\/de\/wp-json\/wp\/v2\/types\/product"}],"replies":[{"embeddable":true,"href":"https:\/\/climalife.com\/de\/wp-json\/wp\/v2\/comments?post=161537"}],"wp:featuredmedia":[{"embeddable":true,"href":"https:\/\/climalife.com\/de\/wp-json\/wp\/v2\/media\/108117"}],"wp:attachment":[{"href":"https:\/\/climalife.com\/de\/wp-json\/wp\/v2\/media?parent=161537"}],"wp:term":[{"taxonomy":"countries","embeddable":true,"href":"https:\/\/climalife.com\/de\/wp-json\/wp\/v2\/countries?post=161537"},{"taxonomy":"product_brand","embeddable":true,"href":"https:\/\/climalife.com\/de\/wp-json\/wp\/v2\/product_brand?post=161537"},{"taxonomy":"product_cat","embeddable":true,"href":"https:\/\/climalife.com\/de\/wp-json\/wp\/v2\/product_cat?post=161537"},{"taxonomy":"product_tag","embeddable":true,"href":"https:\/\/climalife.com\/de\/wp-json\/wp\/v2\/product_tag?post=161537"}],"curies":[{"name":"wp","href":"https:\/\/api.w.org\/{rel}","templated":true}]}}