{"id":161550,"date":"2022-09-28T17:52:20","date_gmt":"2022-09-28T17:52:20","guid":{"rendered":"http:\/\/climalife.com\/product\/pauschale-analyse-fluessigkeit\/"},"modified":"2024-01-25T13:52:56","modified_gmt":"2024-01-25T13:52:56","slug":"pauschale-analyse-fluessigkeit","status":"publish","type":"product","link":"https:\/\/climalife.com\/de\/product\/pauschale-analyse-fluessigkeit\/","title":{"rendered":"Pauschale Analyse Fl\u00fcssigkeit"},"content":{"rendered":"","protected":false},"excerpt":{"rendered":"<p>Umfasst :Identifikation, Wassergehalt, \u00d6lgehalt,S\u00e4uregehalt, Aussehen.<br \/>\nF\u00fcr ND K\u00e4ltemittel wie R-11, R-113, R-123, R-141b and Facilisolv<\/p>\n","protected":false},"featured_media":108513,"comment_status":"open","ping_status":"closed","template":"","meta":[],"countries":[4674,4709,4756,4813,4831,4854,4862],"product_brand":[],"product_cat":[9956,9947,9965,13092,9247,13126,13057,9938,9983,9992],"product_tag":[],"class_list":{"0":"post-161550","1":"product","2":"type-product","3":"status-publish","4":"has-post-thumbnail","6":"countries-by","7":"countries-cu","8":"countries-ir","9":"countries-kp","10":"countries-ru","11":"countries-es","12":"countries-sy","13":"product_cat-energie","14":"product_cat-gebaeude","15":"product_cat-gesundheit-wellness","16":"product_cat-heizung","17":"product_cat-kaeltemittelanalyse","18":"product_cat-kaeltetechnik","19":"product_cat-klimatechnik","20":"product_cat-lebensmittel","21":"product_cat-luftfahrt-raumfahrt-ruestung","22":"product_cat-weitere-industrie","23":"pa_packaging-einheit-de-25","25":"first","26":"instock","27":"shipping-taxable","28":"purchasable","29":"product-type-variable"},"_links":{"self":[{"href":"https:\/\/climalife.com\/de\/wp-json\/wp\/v2\/product\/161550","targetHints":{"allow":["GET"]}}],"collection":[{"href":"https:\/\/climalife.com\/de\/wp-json\/wp\/v2\/product"}],"about":[{"href":"https:\/\/climalife.com\/de\/wp-json\/wp\/v2\/types\/product"}],"replies":[{"embeddable":true,"href":"https:\/\/climalife.com\/de\/wp-json\/wp\/v2\/comments?post=161550"}],"wp:featuredmedia":[{"embeddable":true,"href":"https:\/\/climalife.com\/de\/wp-json\/wp\/v2\/media\/108513"}],"wp:attachment":[{"href":"https:\/\/climalife.com\/de\/wp-json\/wp\/v2\/media?parent=161550"}],"wp:term":[{"taxonomy":"countries","embeddable":true,"href":"https:\/\/climalife.com\/de\/wp-json\/wp\/v2\/countries?post=161550"},{"taxonomy":"product_brand","embeddable":true,"href":"https:\/\/climalife.com\/de\/wp-json\/wp\/v2\/product_brand?post=161550"},{"taxonomy":"product_cat","embeddable":true,"href":"https:\/\/climalife.com\/de\/wp-json\/wp\/v2\/product_cat?post=161550"},{"taxonomy":"product_tag","embeddable":true,"href":"https:\/\/climalife.com\/de\/wp-json\/wp\/v2\/product_tag?post=161550"}],"curies":[{"name":"wp","href":"https:\/\/api.w.org\/{rel}","templated":true}]}}