{"id":161565,"date":"2022-09-28T17:52:28","date_gmt":"2022-09-28T17:52:28","guid":{"rendered":"http:\/\/climalife.com\/product\/hfc-227ea-fe\/"},"modified":"2024-01-25T13:52:56","modified_gmt":"2024-01-25T13:52:56","slug":"hfc-227ea-fe","status":"publish","type":"product","link":"https:\/\/climalife.com\/de\/product\/hfc-227ea-fe\/","title":{"rendered":"HFC 227ea FE"},"content":{"rendered":"<p>HFC 227ea FE ist ein Heptafluorpropan. Es ist von best\u00e4ndiger Qualit\u00e4t und erf\u00fcllt alle Anforderungen f\u00fcr den Einsatz in Feuerl\u00f6schern und Brandbek\u00e4mpfungsanlagen. Da es nicht brennbar ist, bietet es zahlreiche M\u00f6glichkeiten f\u00fcr den Einsatz in Formulierungen, die Sicherheitsanforderungen erf\u00fcllen m\u00fcssen (beh\u00f6rdliche Vorschriften, gef\u00e4hrliche Umgebung, begrenzte Umgebung).<\/p>\n<p>Seine Verwendung erfordert keine besonderen Investitionen in Sicherheitseinrichtungen (ATEX). Es hat keine Auswirkungen auf die Ozonschicht.<\/p>\n","protected":false},"excerpt":{"rendered":"<p>HFC 227ea FE ist UL-anerkannt (EX16326) als Hemmstoff f\u00fcr Feuerl\u00f6scher und Feuerunterdr\u00fcckungssysteme.<\/p>\n","protected":false},"featured_media":131319,"comment_status":"open","ping_status":"closed","template":"","meta":[],"countries":[4674,4709,4756,4813,4831,4862],"product_brand":[],"product_cat":[9974,9956,13083,9947,9394,9983,9992],"product_tag":[],"class_list":{"0":"post-161565","1":"product","2":"type-product","3":"status-publish","4":"has-post-thumbnail","6":"countries-by","7":"countries-cu","8":"countries-ir","9":"countries-kp","10":"countries-ru","11":"countries-sy","12":"product_cat-automobil-transport","13":"product_cat-energie","14":"product_cat-feuerschutz","15":"product_cat-gebaeude","16":"product_cat-h-fkw-de-94","17":"product_cat-luftfahrt-raumfahrt-ruestung","18":"product_cat-weitere-industrie","19":"pa_packaging-container-448-l-de-74","20":"pa_packaging-container-930-l-de-76","21":"pa_packaging-flasche-88-l-de-122","23":"first","24":"instock","25":"shipping-taxable","26":"purchasable","27":"product-type-variable"},"_links":{"self":[{"href":"https:\/\/climalife.com\/de\/wp-json\/wp\/v2\/product\/161565","targetHints":{"allow":["GET"]}}],"collection":[{"href":"https:\/\/climalife.com\/de\/wp-json\/wp\/v2\/product"}],"about":[{"href":"https:\/\/climalife.com\/de\/wp-json\/wp\/v2\/types\/product"}],"replies":[{"embeddable":true,"href":"https:\/\/climalife.com\/de\/wp-json\/wp\/v2\/comments?post=161565"}],"wp:featuredmedia":[{"embeddable":true,"href":"https:\/\/climalife.com\/de\/wp-json\/wp\/v2\/media\/131319"}],"wp:attachment":[{"href":"https:\/\/climalife.com\/de\/wp-json\/wp\/v2\/media?parent=161565"}],"wp:term":[{"taxonomy":"countries","embeddable":true,"href":"https:\/\/climalife.com\/de\/wp-json\/wp\/v2\/countries?post=161565"},{"taxonomy":"product_brand","embeddable":true,"href":"https:\/\/climalife.com\/de\/wp-json\/wp\/v2\/product_brand?post=161565"},{"taxonomy":"product_cat","embeddable":true,"href":"https:\/\/climalife.com\/de\/wp-json\/wp\/v2\/product_cat?post=161565"},{"taxonomy":"product_tag","embeddable":true,"href":"https:\/\/climalife.com\/de\/wp-json\/wp\/v2\/product_tag?post=161565"}],"curies":[{"name":"wp","href":"https:\/\/api.w.org\/{rel}","templated":true}]}}