{"id":161579,"date":"2022-09-28T17:52:40","date_gmt":"2022-09-28T17:52:40","guid":{"rendered":"http:\/\/climalife.com\/product\/r-454b\/"},"modified":"2024-12-20T14:14:17","modified_gmt":"2024-12-20T14:14:17","slug":"r-454b","status":"publish","type":"product","link":"https:\/\/climalife.com\/de\/product\/r-454b\/","title":{"rendered":"R-454B"},"content":{"rendered":"<p>Es ist f\u00fcr den Einsatz in neuen Klimaanlagen vorgesehen, in denen standardm\u00e4\u00dfig R-410A verwendet wird.<\/p>\n<p>Es wird f\u00fcr Klimaanlagen mit Verdr\u00e4ngungsverdichter in Wohn- und Gewerbegeb\u00e4uden, K\u00e4ltemaschinen mit Direktverdampfung und Klimaanlagen, W\u00e4rmepumpen, Monoblock- oder Split-System-Klimager\u00e4te und Kanal-Klimager\u00e4te empfohlen.<\/p>\n<p>Polyolester\u00f6l (POE) verwenden.<\/p>\n","protected":false},"excerpt":{"rendered":"<p>R-454B ist ein nicht azeotropes Gemisch aus Fluorkohlenwasserstoff (HFC) und Fluorolefin (HFO) mit niedrigem GWP.<\/p>\n","protected":false},"featured_media":190677,"comment_status":"open","ping_status":"closed","template":"","meta":[],"countries":[4674,4709,4756,4813,4831,4862],"product_brand":[],"product_cat":[9605,9947,13057],"product_tag":[],"class_list":{"0":"post-161579","1":"product","2":"type-product","3":"status-publish","4":"has-post-thumbnail","6":"countries-by","7":"countries-cu","8":"countries-ir","9":"countries-kp","10":"countries-ru","11":"countries-sy","12":"product_cat-fkw-hfo-gemische","13":"product_cat-gebaeude","14":"product_cat-klimatechnik","15":"pa_packaging-flasche-52-l-de-72","17":"first","18":"instock","19":"shipping-taxable","20":"purchasable","21":"product-type-variable"},"_links":{"self":[{"href":"https:\/\/climalife.com\/de\/wp-json\/wp\/v2\/product\/161579","targetHints":{"allow":["GET"]}}],"collection":[{"href":"https:\/\/climalife.com\/de\/wp-json\/wp\/v2\/product"}],"about":[{"href":"https:\/\/climalife.com\/de\/wp-json\/wp\/v2\/types\/product"}],"replies":[{"embeddable":true,"href":"https:\/\/climalife.com\/de\/wp-json\/wp\/v2\/comments?post=161579"}],"wp:featuredmedia":[{"embeddable":true,"href":"https:\/\/climalife.com\/de\/wp-json\/wp\/v2\/media\/190677"}],"wp:attachment":[{"href":"https:\/\/climalife.com\/de\/wp-json\/wp\/v2\/media?parent=161579"}],"wp:term":[{"taxonomy":"countries","embeddable":true,"href":"https:\/\/climalife.com\/de\/wp-json\/wp\/v2\/countries?post=161579"},{"taxonomy":"product_brand","embeddable":true,"href":"https:\/\/climalife.com\/de\/wp-json\/wp\/v2\/product_brand?post=161579"},{"taxonomy":"product_cat","embeddable":true,"href":"https:\/\/climalife.com\/de\/wp-json\/wp\/v2\/product_cat?post=161579"},{"taxonomy":"product_tag","embeddable":true,"href":"https:\/\/climalife.com\/de\/wp-json\/wp\/v2\/product_tag?post=161579"}],"curies":[{"name":"wp","href":"https:\/\/api.w.org\/{rel}","templated":true}]}}