{"id":161590,"date":"2022-09-28T17:52:49","date_gmt":"2022-09-28T17:52:49","guid":{"rendered":"http:\/\/climalife.com\/product\/pyrostop-6-iec-60376\/"},"modified":"2024-01-25T13:52:54","modified_gmt":"2024-01-25T13:52:54","slug":"pyrostop-6-iec-60376","status":"publish","type":"product","link":"https:\/\/climalife.com\/de\/product\/pyrostop-6-iec-60376\/","title":{"rendered":"Pyrostop 6 (SF6) IEC 60376"},"content":{"rendered":"<p>Pyrostop 6 (SF<sub>6<\/sub>) IEC 60376 ist ein stabiles, inertes Gas. Es \u00fcbt keinen aggressiven Einfluss auf die Materialien aus, mit denen es in Kontakt kommt.<br \/>\nPyrostop 6 (SF<sub>6<\/sub>) IEC 60376 entspricht dem Standard IEC 60376.<br \/>\nAufgrund seines hohen Erderw\u00e4rmungspotentials ist es notwendig, die Emissionen in die Luft zu reduzieren. Climalife bietet Ihnen Transfer- oder Auffanganlagen sowie ein komplettes Recycling-Angebot f\u00fcr dieses Gas.<\/p>\n","protected":false},"excerpt":{"rendered":"<p>Pyrostop 6 (SF<sub>6<\/sub>) IEC 60376 ist ein nicht toxisches, nicht entflammbares, dielektrisches inertes Gas, das zum L\u00f6schen elektrischer B\u00f6gen oder zum Vermeiden einer Magnesiumentz\u00fcndung genutzt wird. Es kann auch in den folgenden Bereichen eingesetzt werden: Hochspannungssicherungen, Teilchenbeschleuniger, Metallurgie (Magnesiumabdeckung).<\/p>\n","protected":false},"featured_media":195836,"comment_status":"open","ping_status":"closed","template":"","meta":[],"countries":[4674,4709,4756,4813,4831,4862],"product_brand":[],"product_cat":[9983,9956,9965,9992,13066,9386],"product_tag":[],"class_list":{"0":"post-161590","1":"product","2":"type-product","3":"status-publish","4":"has-post-thumbnail","6":"countries-by","7":"countries-cu","8":"countries-ir","9":"countries-kp","10":"countries-ru","11":"countries-sy","12":"product_cat-luftfahrt-raumfahrt-ruestung","13":"product_cat-energie","14":"product_cat-gesundheit-wellness","15":"product_cat-weitere-industrie","16":"product_cat-dielektrischer-schutz-sf6","17":"product_cat-schutzgas","18":"pa_packaging-container-600-l-de-359","19":"pa_packaging-container-930-l-de-76","20":"pa_packaging-fass-217-l-de-30","21":"pa_packaging-flasche-23-l-de-357","22":"pa_packaging-flasche-26-l-de-32","23":"pa_packaging-flasche-41-l-de-358","24":"pa_packaging-flasche-50-l-de-118","25":"pa_packaging-flasche-88-l-de-122","26":"pa_packaging-lose-ware-20-t-de-141","28":"first","29":"instock","30":"shipping-taxable","31":"purchasable","32":"product-type-variable"},"_links":{"self":[{"href":"https:\/\/climalife.com\/de\/wp-json\/wp\/v2\/product\/161590","targetHints":{"allow":["GET"]}}],"collection":[{"href":"https:\/\/climalife.com\/de\/wp-json\/wp\/v2\/product"}],"about":[{"href":"https:\/\/climalife.com\/de\/wp-json\/wp\/v2\/types\/product"}],"replies":[{"embeddable":true,"href":"https:\/\/climalife.com\/de\/wp-json\/wp\/v2\/comments?post=161590"}],"wp:featuredmedia":[{"embeddable":true,"href":"https:\/\/climalife.com\/de\/wp-json\/wp\/v2\/media\/195836"}],"wp:attachment":[{"href":"https:\/\/climalife.com\/de\/wp-json\/wp\/v2\/media?parent=161590"}],"wp:term":[{"taxonomy":"countries","embeddable":true,"href":"https:\/\/climalife.com\/de\/wp-json\/wp\/v2\/countries?post=161590"},{"taxonomy":"product_brand","embeddable":true,"href":"https:\/\/climalife.com\/de\/wp-json\/wp\/v2\/product_brand?post=161590"},{"taxonomy":"product_cat","embeddable":true,"href":"https:\/\/climalife.com\/de\/wp-json\/wp\/v2\/product_cat?post=161590"},{"taxonomy":"product_tag","embeddable":true,"href":"https:\/\/climalife.com\/de\/wp-json\/wp\/v2\/product_tag?post=161590"}],"curies":[{"name":"wp","href":"https:\/\/api.w.org\/{rel}","templated":true}]}}