{"id":161655,"date":"2022-09-28T17:53:28","date_gmt":"2022-09-28T17:53:28","guid":{"rendered":"http:\/\/climalife.com\/product\/novaspray-hfo-1234ze-hcfo-1233zd-80-20\/"},"modified":"2025-07-31T14:11:13","modified_gmt":"2025-07-31T14:11:13","slug":"novaspray-hfo-1234ze-hcfo-1233zd-80-20","status":"publish","type":"product","link":"https:\/\/climalife.com\/de\/product\/novaspray-hfo-1234ze-hcfo-1233zd-80-20\/","title":{"rendered":"NovaSpray\u2122 HFO 1234ze\/HCFO 1233zd (80\/20)"},"content":{"rendered":"<p>Nicht brennbar, NovaSpray HFO 1234ze\/HCFO 1233zd (80\/20) bietet viele M\u00f6glichkeiten f\u00fcr den Einsatz in Formulierungen, die Sicherheitsanforderungen (gesetzliche Vorschriften, gef\u00e4hrliche Umgebung, begrenzter Raum) erfordern. Seine Verwendung erm\u00f6glicht es, die Entflammbarkeit vieler Formulierungen so weit zu reduzieren, dass sie im Hinblick auf die Richtlinie 2008\/47\/EG nicht mehr brennbar sind.<br \/>\nIhre Umsetzung erfordert keine besonderen Investitionen in Bezug auf ATEX-Sicherheitseinrichtungen.<\/p>\n","protected":false},"excerpt":{"rendered":"<p>NovaSpray HFO 1234ze\/HCFO 1233zd (80\/20) ist eine speziell formulierte Mischung aus NovaSpray HFO 1234ze und NovaSpray HCFO 1233zd in Aerosolqualit\u00e4t. Mit konstanter Qualit\u00e4t und kontrolliertem Druck erf\u00fcllt es alle Anforderungen an ein verfl\u00fcssigtes Treibmittel.<\/p>\n","protected":false},"featured_media":126369,"comment_status":"open","ping_status":"closed","template":"","meta":[],"countries":[4674,4709,4756,4813,4831,4862],"product_brand":[],"product_cat":[9992,9758,9646],"product_tag":[],"class_list":{"0":"post-161655","1":"product","2":"type-product","3":"status-publish","4":"has-post-thumbnail","6":"countries-by","7":"countries-cu","8":"countries-ir","9":"countries-kp","10":"countries-ru","11":"countries-sy","12":"product_cat-weitere-industrie","13":"product_cat-aerosole-de","14":"product_cat-hfo-gemische","15":"pa_packaging-container-930-l-de-76","17":"first","18":"instock","19":"shipping-taxable","20":"purchasable","21":"product-type-variable"},"_links":{"self":[{"href":"https:\/\/climalife.com\/de\/wp-json\/wp\/v2\/product\/161655","targetHints":{"allow":["GET"]}}],"collection":[{"href":"https:\/\/climalife.com\/de\/wp-json\/wp\/v2\/product"}],"about":[{"href":"https:\/\/climalife.com\/de\/wp-json\/wp\/v2\/types\/product"}],"replies":[{"embeddable":true,"href":"https:\/\/climalife.com\/de\/wp-json\/wp\/v2\/comments?post=161655"}],"wp:featuredmedia":[{"embeddable":true,"href":"https:\/\/climalife.com\/de\/wp-json\/wp\/v2\/media\/126369"}],"wp:attachment":[{"href":"https:\/\/climalife.com\/de\/wp-json\/wp\/v2\/media?parent=161655"}],"wp:term":[{"taxonomy":"countries","embeddable":true,"href":"https:\/\/climalife.com\/de\/wp-json\/wp\/v2\/countries?post=161655"},{"taxonomy":"product_brand","embeddable":true,"href":"https:\/\/climalife.com\/de\/wp-json\/wp\/v2\/product_brand?post=161655"},{"taxonomy":"product_cat","embeddable":true,"href":"https:\/\/climalife.com\/de\/wp-json\/wp\/v2\/product_cat?post=161655"},{"taxonomy":"product_tag","embeddable":true,"href":"https:\/\/climalife.com\/de\/wp-json\/wp\/v2\/product_tag?post=161655"}],"curies":[{"name":"wp","href":"https:\/\/api.w.org\/{rel}","templated":true}]}}