{"id":161684,"date":"2022-09-28T17:53:47","date_gmt":"2022-09-28T17:53:47","guid":{"rendered":"http:\/\/climalife.com\/product\/gaswarnsystem-mvr-300\/"},"modified":"2024-01-25T13:52:47","modified_gmt":"2024-01-25T13:52:47","slug":"gaswarnsystem-mvr-300","status":"publish","type":"product","link":"https:\/\/climalife.com\/de\/product\/gaswarnsystem-mvr-300\/","title":{"rendered":"Gaswarnsystem MVR-300"},"content":{"rendered":"<p>MRV 300 erkennt K\u00e4ltemittel, die in gro\u00dfvolumigen K\u00fchl- und Heizsystemen wie VRF \/ VRV (variabler K\u00e4ltemittelfluss \/ variables K\u00e4ltemittelvolumen) verwendet werden.<\/p>\n<p>Der MVR-300 hat akustische und optische Alarme und per Modbus kann das Ger\u00e4t mit der Geb\u00e4udetechnik bzw. Geb\u00e4udeautomation kommunizieren.<\/p>\n<p>Die integrierte Modbus RTU-Schnittstelle liefert Echtzeitinformationen \u00fcber K\u00e4ltemittelkonzentrationen, -status und -einstellungen. Es erm\u00f6glicht au\u00dferdem die kundenspezifische Konfiguration des MVR-300 f\u00fcr beliebige spezifische Anwendungsanforderungen unter Verwendung mehrerer Modbus-Register.<\/p>\n<p>Zwei integrierte Relais k\u00f6nnen verwendet werden um Ventile zu schlie\u00dfen oder Alarm auszul\u00f6sen.<\/p>\n<p>Der MVR-300 ist f\u00fcr eine einfache Installation und einfache Wartung ausgelegt.<\/p>\n","protected":false},"excerpt":{"rendered":"<p>Der K\u00e4ltemitteldetektor MVR-300 der marke Bacharach wird zur \u00dcberwachung von Hotelzimmern,\u00a0Krankenh\u00e4usern, B\u00fcror\u00e4umen oder auch\u00a0Wohnr\u00e4umen eingesetzt.<\/p>\n","protected":false},"featured_media":122112,"comment_status":"open","ping_status":"closed","template":"","meta":[],"countries":[4674,4709,4756,4760,4804,4813,4831,4862],"product_brand":[],"product_cat":[9983,9947,9965,9992,13057,13092,9270],"product_tag":[],"class_list":{"0":"post-161684","1":"product","2":"type-product","3":"status-publish","4":"has-post-thumbnail","6":"countries-by","7":"countries-cu","8":"countries-ir","9":"countries-it","10":"countries-nl","11":"countries-kp","12":"countries-ru","13":"countries-sy","14":"product_cat-luftfahrt-raumfahrt-ruestung","15":"product_cat-gebaeude","16":"product_cat-gesundheit-wellness","17":"product_cat-weitere-industrie","18":"product_cat-klimatechnik","19":"product_cat-heizung","20":"product_cat-gaswarngeraete","22":"first","23":"instock","24":"shipping-taxable","25":"purchasable","26":"product-type-variable"},"_links":{"self":[{"href":"https:\/\/climalife.com\/de\/wp-json\/wp\/v2\/product\/161684","targetHints":{"allow":["GET"]}}],"collection":[{"href":"https:\/\/climalife.com\/de\/wp-json\/wp\/v2\/product"}],"about":[{"href":"https:\/\/climalife.com\/de\/wp-json\/wp\/v2\/types\/product"}],"replies":[{"embeddable":true,"href":"https:\/\/climalife.com\/de\/wp-json\/wp\/v2\/comments?post=161684"}],"wp:featuredmedia":[{"embeddable":true,"href":"https:\/\/climalife.com\/de\/wp-json\/wp\/v2\/media\/122112"}],"wp:attachment":[{"href":"https:\/\/climalife.com\/de\/wp-json\/wp\/v2\/media?parent=161684"}],"wp:term":[{"taxonomy":"countries","embeddable":true,"href":"https:\/\/climalife.com\/de\/wp-json\/wp\/v2\/countries?post=161684"},{"taxonomy":"product_brand","embeddable":true,"href":"https:\/\/climalife.com\/de\/wp-json\/wp\/v2\/product_brand?post=161684"},{"taxonomy":"product_cat","embeddable":true,"href":"https:\/\/climalife.com\/de\/wp-json\/wp\/v2\/product_cat?post=161684"},{"taxonomy":"product_tag","embeddable":true,"href":"https:\/\/climalife.com\/de\/wp-json\/wp\/v2\/product_tag?post=161684"}],"curies":[{"name":"wp","href":"https:\/\/api.w.org\/{rel}","templated":true}]}}