{"id":161712,"date":"2022-09-28T17:54:12","date_gmt":"2022-09-28T17:54:12","guid":{"rendered":"http:\/\/climalife.com\/product\/solstice-yf-r-1234yf\/"},"modified":"2026-02-06T08:22:49","modified_gmt":"2026-02-06T08:22:49","slug":"solstice-yf-r-1234yf","status":"publish","type":"product","link":"https:\/\/climalife.com\/de\/product\/solstice-yf-r-1234yf\/","title":{"rendered":"R-1234yf Solstice\u00ae yf"},"content":{"rendered":"<p><!-- [if gte mso 9]><xml>  <o:OfficeDocumentSettings>   <o:AllowPNG\/>   <o:PixelsPerInch>72<\/o:PixelsPerInch>   <o:TargetScreenSize>1024x768<\/o:TargetScreenSize>  <\/o:OfficeDocumentSettings> <\/xml><![endif]--><\/p>\n<p>Je nach Herstellervorschriften, kann es auch f\u00fcr weitere Anwendungen als Ersatzk\u00e4ltemittel f\u00fcr R-134a eingesetzt werden.<\/p>\n<p><!-- [if gte mso 9]><xml>  <w:WordDocument>   <w:View>Normal<\/w:View>   <w:Zoom>0<\/w:Zoom>   <w:HyphenationZone>21<\/w:HyphenationZone>   <w:PunctuationKerning\/>   <w:ValidateAgainstSchemas\/>   <w:SaveIfXMLInvalid>false<\/w:SaveIfXMLInvalid>   <w:IgnoreMixedContent>false<\/w:IgnoreMixedContent>   <w:AlwaysShowPlaceholderText>false<\/w:AlwaysShowPlaceholderText>   <w:Compatibility>    <w:BreakWrappedTables\/>    <w:SnapToGridInCell\/>    <w:WrapTextWithPunct\/>    <w:UseAsianBreakRules\/>    <w:DontGrowAutofit\/>   <\/w:Compatibility>   <w:DoNotOptimizeForBrowser\/>  <\/w:WordDocument> <\/xml><![endif]--><!-- [if gte mso 9]><xml>  <w:LatentStyles DefLockedState=\"false\" LatentStyleCount=\"156\">  <\/w:LatentStyles> <\/xml><![endif]--><!-- [if gte mso 10]>\n\n\n\n<style>  \/* Style Definitions *\/  table.MsoNormalTable \t{mso-style-name:\"Normale Tabelle\"; \tmso-tstyle-rowband-size:0; \tmso-tstyle-colband-size:0; \tmso-style-noshow:yes; \tmso-style-parent:\"\"; \tmso-padding-alt:0cm 5.4pt 0cm 5.4pt; \tmso-para-margin:0cm; \tmso-para-margin-bottom:.0001pt; \tmso-pagination:widow-orphan; \tfont-size:10.0pt; \tfont-family:\"Times New Roman\"; \tmso-ansi-language:#0400; \tmso-fareast-language:#0400; \tmso-bidi-language:#0400;} <\/style>\n\n <![endif]--><\/p>\n","protected":false},"excerpt":{"rendered":"<p>Solstice<sup>\u00ae<\/sup>yf ist ein fluoriertes Gas der Hydrofluoro-Olefin (HFO) Familie mit sehr niedrigem GWP f\u00fcr Kfz-Klimaanlagen.<\/p>\n","protected":false},"featured_media":122211,"comment_status":"open","ping_status":"closed","template":"","meta":[],"countries":[4674,4709,4756,4813,4831,4862],"product_brand":[],"product_cat":[9983,9974,9947,9956,9938,9965,9992,13057,13092,13126,9661],"product_tag":[],"class_list":{"0":"post-161712","1":"product","2":"type-product","3":"status-publish","4":"has-post-thumbnail","6":"countries-by","7":"countries-cu","8":"countries-ir","9":"countries-kp","10":"countries-ru","11":"countries-sy","12":"product_cat-luftfahrt-raumfahrt-ruestung","13":"product_cat-automobil-transport","14":"product_cat-gebaeude","15":"product_cat-energie","16":"product_cat-lebensmittel","17":"product_cat-gesundheit-wellness","18":"product_cat-weitere-industrie","19":"product_cat-klimatechnik","20":"product_cat-heizung","21":"product_cat-kaeltetechnik","22":"product_cat-hfo-de-23","23":"pa_packaging-flasche-125-l-de-214","24":"pa_packaging-flasche-52-l-de-72","26":"first","27":"instock","28":"shipping-taxable","29":"purchasable","30":"product-type-variable"},"_links":{"self":[{"href":"https:\/\/climalife.com\/de\/wp-json\/wp\/v2\/product\/161712","targetHints":{"allow":["GET"]}}],"collection":[{"href":"https:\/\/climalife.com\/de\/wp-json\/wp\/v2\/product"}],"about":[{"href":"https:\/\/climalife.com\/de\/wp-json\/wp\/v2\/types\/product"}],"replies":[{"embeddable":true,"href":"https:\/\/climalife.com\/de\/wp-json\/wp\/v2\/comments?post=161712"}],"wp:featuredmedia":[{"embeddable":true,"href":"https:\/\/climalife.com\/de\/wp-json\/wp\/v2\/media\/122211"}],"wp:attachment":[{"href":"https:\/\/climalife.com\/de\/wp-json\/wp\/v2\/media?parent=161712"}],"wp:term":[{"taxonomy":"countries","embeddable":true,"href":"https:\/\/climalife.com\/de\/wp-json\/wp\/v2\/countries?post=161712"},{"taxonomy":"product_brand","embeddable":true,"href":"https:\/\/climalife.com\/de\/wp-json\/wp\/v2\/product_brand?post=161712"},{"taxonomy":"product_cat","embeddable":true,"href":"https:\/\/climalife.com\/de\/wp-json\/wp\/v2\/product_cat?post=161712"},{"taxonomy":"product_tag","embeddable":true,"href":"https:\/\/climalife.com\/de\/wp-json\/wp\/v2\/product_tag?post=161712"}],"curies":[{"name":"wp","href":"https:\/\/api.w.org\/{rel}","templated":true}]}}