{"id":161750,"date":"2022-09-28T17:54:42","date_gmt":"2022-09-28T17:54:42","guid":{"rendered":"http:\/\/climalife.com\/product\/frionett-power-ultra-rtu\/"},"modified":"2024-01-25T13:52:44","modified_gmt":"2024-01-25T13:52:44","slug":"frionett-power-ultra-rtu","status":"publish","type":"product","link":"https:\/\/climalife.com\/de\/product\/frionett-power-ultra-rtu\/","title":{"rendered":"Frionett\u00ae Power Ultra RTU"},"content":{"rendered":"<p>Es ist ein alkalisches Produkt f\u00fcr die professionelle Reinigung von Verdampfer, Kondensator, W\u00e4rmetauscher und Ventilator der K\u00e4lte- und Klimaanlagen.<\/p>\n<p>F\u00fcr die Reinigung brauchen die Elemente nicht ausgebaut zu werden. Das Produkt wird aufgetragen und nach 5 Minuten Wirkzeit nachgesp\u00fclt.<\/p>\n<p>Der Universalreiniger reinigt und entfernt Staub, Fett und Verschmutzungen. Dadurch bleibt die W\u00e4rme\u00fcbertragung der W\u00e4rmetauscher gew\u00e4hrleistet und damit auch ihre Leistung.<\/p>\n<p><strong>Frionett\u00ae Power Ultra RTU<\/strong>: Gebrauchsfertiges Produkt<\/p>\n<p>&nbsp;<\/p>\n<p><strong>ANWENDUNG<\/strong><\/p>\n<p><strong>Frionett\u00ae Power Ultra RTU<\/strong>\u00a0 ist gebrauchsfertig. Das Produkt wird direkt auf die zu entfettende Fl\u00e4che von Unten bis Oben gespr\u00fcht. Die Fl\u00e4che sollte ganz bedeckt sein. 5 Minuten wirken lassen und anschlie\u00dfend mit Wasser sp\u00fclen.<\/p>\n<p>Vorgang wenn erforderlich wiederholen.<\/p>\n","protected":false},"excerpt":{"rendered":"<p>Frionett<sup>\u00ae<\/sup> Power Ultra\u00a0RTU ist ein duftender kraftvoller Universalentfetter f\u00fcr alle glatten Fl\u00e4chen.<\/p>\n","protected":false},"featured_media":118233,"comment_status":"open","ping_status":"closed","template":"","meta":[],"countries":[4674,4709,4756,4813,4831,4862],"product_brand":[],"product_cat":[9983,9974,9947,9938,9965,9992,13057,13092,13126,9562],"product_tag":[],"class_list":{"0":"post-161750","1":"product","2":"type-product","3":"status-publish","4":"has-post-thumbnail","6":"countries-by","7":"countries-cu","8":"countries-ir","9":"countries-kp","10":"countries-ru","11":"countries-sy","12":"product_cat-luftfahrt-raumfahrt-ruestung","13":"product_cat-automobil-transport","14":"product_cat-gebaeude","15":"product_cat-lebensmittel","16":"product_cat-gesundheit-wellness","17":"product_cat-weitere-industrie","18":"product_cat-klimatechnik","19":"product_cat-heizung","20":"product_cat-kaeltetechnik","21":"product_cat-externe-reinigung-der-thermischen-anlagen","22":"pa_packaging-spray-750-ml-gebrauchsfertig-de-231","24":"first","25":"instock","26":"shipping-taxable","27":"purchasable","28":"product-type-variable"},"_links":{"self":[{"href":"https:\/\/climalife.com\/de\/wp-json\/wp\/v2\/product\/161750","targetHints":{"allow":["GET"]}}],"collection":[{"href":"https:\/\/climalife.com\/de\/wp-json\/wp\/v2\/product"}],"about":[{"href":"https:\/\/climalife.com\/de\/wp-json\/wp\/v2\/types\/product"}],"replies":[{"embeddable":true,"href":"https:\/\/climalife.com\/de\/wp-json\/wp\/v2\/comments?post=161750"}],"wp:featuredmedia":[{"embeddable":true,"href":"https:\/\/climalife.com\/de\/wp-json\/wp\/v2\/media\/118233"}],"wp:attachment":[{"href":"https:\/\/climalife.com\/de\/wp-json\/wp\/v2\/media?parent=161750"}],"wp:term":[{"taxonomy":"countries","embeddable":true,"href":"https:\/\/climalife.com\/de\/wp-json\/wp\/v2\/countries?post=161750"},{"taxonomy":"product_brand","embeddable":true,"href":"https:\/\/climalife.com\/de\/wp-json\/wp\/v2\/product_brand?post=161750"},{"taxonomy":"product_cat","embeddable":true,"href":"https:\/\/climalife.com\/de\/wp-json\/wp\/v2\/product_cat?post=161750"},{"taxonomy":"product_tag","embeddable":true,"href":"https:\/\/climalife.com\/de\/wp-json\/wp\/v2\/product_tag?post=161750"}],"curies":[{"name":"wp","href":"https:\/\/api.w.org\/{rel}","templated":true}]}}