{"id":161759,"date":"2022-09-28T17:54:51","date_gmt":"2022-09-28T17:54:51","guid":{"rendered":"http:\/\/climalife.com\/product\/frionett-power-ultra\/"},"modified":"2024-01-25T13:52:42","modified_gmt":"2024-01-25T13:52:42","slug":"frionett-power-ultra","status":"publish","type":"product","link":"https:\/\/climalife.com\/de\/product\/frionett-power-ultra\/","title":{"rendered":"Frionett\u00ae Power Ultra"},"content":{"rendered":"<p><!-- [if gte mso 9]><xml>  <w:WordDocument>   <w:View>Normal<\/w:View>   <w:Zoom>0<\/w:Zoom>   <w:HyphenationZone>21<\/w:HyphenationZone>   <w:PunctuationKerning\/>   <w:ValidateAgainstSchemas\/>   <w:SaveIfXMLInvalid>false<\/w:SaveIfXMLInvalid>   <w:IgnoreMixedContent>false<\/w:IgnoreMixedContent>   <w:AlwaysShowPlaceholderText>false<\/w:AlwaysShowPlaceholderText>   <w:Compatibility>    <w:BreakWrappedTables\/>    <w:SnapToGridInCell\/>    <w:WrapTextWithPunct\/>    <w:UseAsianBreakRules\/>    <w:DontGrowAutofit\/>   <\/w:Compatibility>   <w:BrowserLevel>MicrosoftInternetExplorer4<\/w:BrowserLevel>  <\/w:WordDocument> <\/xml><![endif]--><!-- [if gte mso 9]><xml>  <w:LatentStyles DefLockedState=\"false\" LatentStyleCount=\"156\">  <\/w:LatentStyles> <\/xml><![endif]--><!-- [if gte mso 10]>\n\n\n\n<style>  \/* Style Definitions *\/  table.MsoNormalTable \t{mso-style-name:\"Normale Tabelle\"; \tmso-tstyle-rowband-size:0; \tmso-tstyle-colband-size:0; \tmso-style-noshow:yes; \tmso-style-parent:\"\"; \tmso-padding-alt:0cm 5.4pt 0cm 5.4pt; \tmso-para-margin:0cm; \tmso-para-margin-bottom:.0001pt; \tmso-pagination:widow-orphan; \tfont-size:10.0pt; \tfont-family:\"Times New Roman\"; \tmso-ansi-language:#0400; \tmso-fareast-language:#0400; \tmso-bidi-language:#0400;} <\/style>\n\n <![endif]--><\/p>\n<p>Es ist ein alkalisches Produkt f\u00fcr die professionelle Reinigung von Verdampfer, Kondensator, W\u00e4rmetauscher und Ventilator der K\u00e4lte- und Klimaanlagen.<\/p>\n<p>F\u00fcr die Reinigung brauchen die Elemente nicht ausgebaut zu werden. Das Produkt wird aufgetragen, nach 5 Minuten Wirkzeit nachgesp\u00fclt.<\/p>\n<p>Der Universalreiniger reinigt und entfernt Staub, Fett und Verschmutzungen. Dadurch bleibt die W\u00e4rme\u00fcbertragung der W\u00e4rmetauscher gew\u00e4hrleistet und damit auch ihre Leistung.<\/p>\n<p><strong>Frionett\u00ae Power Ultra:<\/strong> Konzentrat zum Verd\u00fcnnen<\/p>\n<p>&nbsp;<\/p>\n<p><strong>ANWENDUNG<\/strong><\/p>\n<p><strong>Frionett\u00ae Power Ultra<\/strong>\u00a0wird im Verh\u00e4ltnis 1 zu 5 in Wasser gel\u00f6st verwendet.<\/p>\n<p>Das fertiggemischte Produkt von Unten nach Oben aufspr\u00fchen oder auftragen, 5 Minuten wirken lassen und anschlie\u00dfend mit Wasser absp\u00fclen. Wenn erforderlich Vorgang wiederholen.<\/p>\n<p>&nbsp;<\/p>\n","protected":false},"excerpt":{"rendered":"<p>Frionett<sup>\u00ae<\/sup> Power Ultra ist ein duftender kraftvoller Universalentfetter f\u00fcr alle glatten Fl\u00e4chen.<\/p>\n","protected":false},"featured_media":118242,"comment_status":"open","ping_status":"closed","template":"","meta":[],"countries":[4674,4709,4756,4813,4831,4862],"product_brand":[],"product_cat":[9983,9974,9947,9938,9965,9992,13057,13092,13126,9562],"product_tag":[],"class_list":{"0":"post-161759","1":"product","2":"type-product","3":"status-publish","4":"has-post-thumbnail","6":"countries-by","7":"countries-cu","8":"countries-ir","9":"countries-kp","10":"countries-ru","11":"countries-sy","12":"product_cat-luftfahrt-raumfahrt-ruestung","13":"product_cat-automobil-transport","14":"product_cat-gebaeude","15":"product_cat-lebensmittel","16":"product_cat-gesundheit-wellness","17":"product_cat-weitere-industrie","18":"product_cat-klimatechnik","19":"product_cat-heizung","20":"product_cat-kaeltetechnik","21":"product_cat-externe-reinigung-der-thermischen-anlagen","22":"pa_packaging-kanister-konzentrat-5-l-de-230","24":"first","25":"instock","26":"shipping-taxable","27":"purchasable","28":"product-type-variable"},"_links":{"self":[{"href":"https:\/\/climalife.com\/de\/wp-json\/wp\/v2\/product\/161759","targetHints":{"allow":["GET"]}}],"collection":[{"href":"https:\/\/climalife.com\/de\/wp-json\/wp\/v2\/product"}],"about":[{"href":"https:\/\/climalife.com\/de\/wp-json\/wp\/v2\/types\/product"}],"replies":[{"embeddable":true,"href":"https:\/\/climalife.com\/de\/wp-json\/wp\/v2\/comments?post=161759"}],"wp:featuredmedia":[{"embeddable":true,"href":"https:\/\/climalife.com\/de\/wp-json\/wp\/v2\/media\/118242"}],"wp:attachment":[{"href":"https:\/\/climalife.com\/de\/wp-json\/wp\/v2\/media?parent=161759"}],"wp:term":[{"taxonomy":"countries","embeddable":true,"href":"https:\/\/climalife.com\/de\/wp-json\/wp\/v2\/countries?post=161759"},{"taxonomy":"product_brand","embeddable":true,"href":"https:\/\/climalife.com\/de\/wp-json\/wp\/v2\/product_brand?post=161759"},{"taxonomy":"product_cat","embeddable":true,"href":"https:\/\/climalife.com\/de\/wp-json\/wp\/v2\/product_cat?post=161759"},{"taxonomy":"product_tag","embeddable":true,"href":"https:\/\/climalife.com\/de\/wp-json\/wp\/v2\/product_tag?post=161759"}],"curies":[{"name":"wp","href":"https:\/\/api.w.org\/{rel}","templated":true}]}}