{"id":161769,"date":"2022-09-28T17:54:59","date_gmt":"2022-09-28T17:54:59","guid":{"rendered":"http:\/\/climalife.com\/product\/neutragel-neo-konzentrat\/"},"modified":"2026-04-15T15:49:23","modified_gmt":"2026-04-15T15:49:23","slug":"neutragel-neo-konzentrat","status":"publish","type":"product","link":"https:\/\/climalife.com\/de\/product\/neutragel-neo-konzentrat\/","title":{"rendered":"Neutragel\u00ae Neo Konzentrat"},"content":{"rendered":"<p>Nach der Verd\u00fcnnung mit Wasser bietet <strong>NEUTRAGEL<sup>\u00ae<\/sup> NEO<\/strong> einen hervorragenden Schutz gegen Frost und einen zunehmenden Schutz gegen Metallkorrosion in alten oder neuen Heizkreisl\u00e4ufen (Stahl, Aluminium, Kupfer etc..). Dieser Schutz wurde in verschiedenen statischen oder dynamischen W\u00e4rmetests best\u00e4tigt.<\/p>\n<p>Die Formel von <strong>NEUTRAGEL<sup>\u00ae<\/sup> NEO<\/strong> enth\u00e4lt kein Borax, ein gem\u00e4\u00df der 30. europ\u00e4ischen ATP (Adaptation to Technical Progress) als toxisch eingestuftes Additiv.<\/p>\n<p>Die f\u00fcr <strong>NEUTRAGEL<sup>\u00ae<\/sup> NEO<\/strong> verwendete Technologie zum Schutz vor Korrosion ist organisch, basiert auf neutralisierter Carbons\u00e4ure und ist frei von Phosphat, Nitrit und Aminen. Die Antikorrosionsmittel sch\u00fctzen langanhaltend vor Korrosion.<\/p>\n","protected":false},"excerpt":{"rendered":"<p>NEUTRAGEL<sup>\u00ae<\/sup> NEO, ist ein Frostschutzmittel auf der Basis von Monoethylenglykol veredelt mit Korrosionsinhibitoren, das f\u00fcr die Kreisl\u00e4ufe von industriellen Niedrigtemperaturk\u00e4lteanlagen und Klimaanlagen entwickelt wurde. Es ist nicht f\u00fcr Anlagen zur Brauchwassererzeugung im einfachen Austausch zugelassen.<\/p>\n","protected":false},"featured_media":198415,"comment_status":"open","ping_status":"closed","template":"","meta":[],"countries":[4674,4709,4756,4813,4831,4862],"product_brand":[],"product_cat":[9983,9947,9956,9938,9965,9992,13057,13083,13126,13526],"product_tag":[],"class_list":{"0":"post-161769","1":"product","2":"type-product","3":"status-publish","4":"has-post-thumbnail","6":"countries-by","7":"countries-cu","8":"countries-ir","9":"countries-kp","10":"countries-ru","11":"countries-sy","12":"product_cat-luftfahrt-raumfahrt-ruestung","13":"product_cat-gebaeude","14":"product_cat-energie","15":"product_cat-lebensmittel","16":"product_cat-gesundheit-wellness","17":"product_cat-weitere-industrie","18":"product_cat-klimatechnik","19":"product_cat-feuerschutz","20":"product_cat-kaeltetechnik","21":"product_cat-meg-de","22":"pa_packaging-kanister-20-l-de-36","23":"pa_packaging-container-1000-kg-de-139","24":"pa_packaging-fass-210-l-de-28","25":"pa_packaging-lose-ware-10-t-de-140","26":"pa_packaging-lose-ware-20-t-de-141","28":"first","29":"instock","30":"shipping-taxable","31":"purchasable","32":"product-type-variable"},"_links":{"self":[{"href":"https:\/\/climalife.com\/de\/wp-json\/wp\/v2\/product\/161769","targetHints":{"allow":["GET"]}}],"collection":[{"href":"https:\/\/climalife.com\/de\/wp-json\/wp\/v2\/product"}],"about":[{"href":"https:\/\/climalife.com\/de\/wp-json\/wp\/v2\/types\/product"}],"replies":[{"embeddable":true,"href":"https:\/\/climalife.com\/de\/wp-json\/wp\/v2\/comments?post=161769"}],"wp:featuredmedia":[{"embeddable":true,"href":"https:\/\/climalife.com\/de\/wp-json\/wp\/v2\/media\/198415"}],"wp:attachment":[{"href":"https:\/\/climalife.com\/de\/wp-json\/wp\/v2\/media?parent=161769"}],"wp:term":[{"taxonomy":"countries","embeddable":true,"href":"https:\/\/climalife.com\/de\/wp-json\/wp\/v2\/countries?post=161769"},{"taxonomy":"product_brand","embeddable":true,"href":"https:\/\/climalife.com\/de\/wp-json\/wp\/v2\/product_brand?post=161769"},{"taxonomy":"product_cat","embeddable":true,"href":"https:\/\/climalife.com\/de\/wp-json\/wp\/v2\/product_cat?post=161769"},{"taxonomy":"product_tag","embeddable":true,"href":"https:\/\/climalife.com\/de\/wp-json\/wp\/v2\/product_tag?post=161769"}],"curies":[{"name":"wp","href":"https:\/\/api.w.org\/{rel}","templated":true}]}}