{"id":161797,"date":"2022-09-28T17:55:24","date_gmt":"2022-09-28T17:55:24","guid":{"rendered":"http:\/\/climalife.com\/product\/r-134a\/"},"modified":"2024-12-20T11:28:04","modified_gmt":"2024-12-20T11:28:04","slug":"r-134a","status":"publish","type":"product","link":"https:\/\/climalife.com\/de\/product\/r-134a\/","title":{"rendered":"R-134a"},"content":{"rendered":"<p>R-134a ist das von den Herstellern von Klimaanlagen f\u00fcr PKW und Landmaschinen eingesetzte K\u00e4ltemittel. Dieses K\u00e4ltemittel kann unter Einhaltung einer bestimmten Verfahrensweise auch an Stelle von R-12 in vorhandenen Anlagen verwendet werden.<\/p>\n","protected":false},"excerpt":{"rendered":"<p>R-134a ist ein hydrierter Fluorkohlenwasserstoff (H-FKW), der im Wesentlichen in Haushalts-, gewerblichen und industriellen Tiefk\u00fchlanwendungen sowie in Klimaanlagen und bei der K\u00fchlung von Fl\u00fcssigkeiten und W\u00e4rmepumpen bestimmt ist.<\/p>\n","protected":false},"featured_media":108972,"comment_status":"open","ping_status":"closed","template":"","meta":[],"countries":[4674,4709,4756,4813,4831,4862],"product_brand":[],"product_cat":[9974,9956,9947,9965,9445,13092,13126,13057,9938,9983,13110,9992],"product_tag":[],"class_list":{"0":"post-161797","1":"product","2":"type-product","3":"status-publish","4":"has-post-thumbnail","6":"countries-by","7":"countries-cu","8":"countries-ir","9":"countries-kp","10":"countries-ru","11":"countries-sy","12":"product_cat-automobil-transport","13":"product_cat-energie","14":"product_cat-gebaeude","15":"product_cat-gesundheit-wellness","16":"product_cat-h-fkw-de-33","17":"product_cat-heizung","18":"product_cat-kaeltetechnik","19":"product_cat-klimatechnik","20":"product_cat-lebensmittel","21":"product_cat-luftfahrt-raumfahrt-ruestung","22":"product_cat-orc-organischer-rankin-zyklus","23":"product_cat-weitere-industrie","24":"pa_packaging-container-448-l-de-74","25":"pa_packaging-container-930-l-de-76","26":"pa_packaging-cubikool","27":"pa_packaging-flasche-52-l-de-72","28":"pa_packaging-friostar-de-69","30":"first","31":"instock","32":"shipping-taxable","33":"purchasable","34":"product-type-variable"},"_links":{"self":[{"href":"https:\/\/climalife.com\/de\/wp-json\/wp\/v2\/product\/161797","targetHints":{"allow":["GET"]}}],"collection":[{"href":"https:\/\/climalife.com\/de\/wp-json\/wp\/v2\/product"}],"about":[{"href":"https:\/\/climalife.com\/de\/wp-json\/wp\/v2\/types\/product"}],"replies":[{"embeddable":true,"href":"https:\/\/climalife.com\/de\/wp-json\/wp\/v2\/comments?post=161797"}],"wp:featuredmedia":[{"embeddable":true,"href":"https:\/\/climalife.com\/de\/wp-json\/wp\/v2\/media\/108972"}],"wp:attachment":[{"href":"https:\/\/climalife.com\/de\/wp-json\/wp\/v2\/media?parent=161797"}],"wp:term":[{"taxonomy":"countries","embeddable":true,"href":"https:\/\/climalife.com\/de\/wp-json\/wp\/v2\/countries?post=161797"},{"taxonomy":"product_brand","embeddable":true,"href":"https:\/\/climalife.com\/de\/wp-json\/wp\/v2\/product_brand?post=161797"},{"taxonomy":"product_cat","embeddable":true,"href":"https:\/\/climalife.com\/de\/wp-json\/wp\/v2\/product_cat?post=161797"},{"taxonomy":"product_tag","embeddable":true,"href":"https:\/\/climalife.com\/de\/wp-json\/wp\/v2\/product_tag?post=161797"}],"curies":[{"name":"wp","href":"https:\/\/api.w.org\/{rel}","templated":true}]}}