{"id":161910,"date":"2022-09-28T17:56:55","date_gmt":"2022-09-28T17:56:55","guid":{"rendered":"http:\/\/climalife.com\/product\/mobil-gargoyle-arctic\/"},"modified":"2024-01-25T13:52:36","modified_gmt":"2024-01-25T13:52:36","slug":"mobil-gargoyle-arctic","status":"publish","type":"product","link":"https:\/\/climalife.com\/de\/product\/mobil-gargoyle-arctic\/","title":{"rendered":"Mobil Gargoyle Arctic"},"content":{"rendered":"","protected":false},"excerpt":{"rendered":"<p>Naphtenische Mineral\u00f6le speziell f\u00fcr die Schmierung von K\u00e4ltemittelverdichtern.<\/p>\n","protected":false},"featured_media":210749,"comment_status":"open","ping_status":"closed","template":"","meta":[],"countries":[4674,4709,4756,4813,4831,4862],"product_brand":[],"product_cat":[9983,9974,9947,9956,9938,9965,9992,13057,13092,13126,9346],"product_tag":[],"class_list":{"0":"post-161910","1":"product","2":"type-product","3":"status-publish","4":"has-post-thumbnail","6":"countries-by","7":"countries-cu","8":"countries-ir","9":"countries-kp","10":"countries-ru","11":"countries-sy","12":"product_cat-luftfahrt-raumfahrt-ruestung","13":"product_cat-automobil-transport","14":"product_cat-gebaeude","15":"product_cat-energie","16":"product_cat-lebensmittel","17":"product_cat-gesundheit-wellness","18":"product_cat-weitere-industrie","19":"product_cat-klimatechnik","20":"product_cat-heizung","21":"product_cat-kaeltetechnik","22":"product_cat-mineraloele","23":"pa_packaging-kanister-20-l-de-36","24":"pa_packaging-fass-208-l-de-49","26":"first","27":"instock","28":"shipping-taxable","29":"purchasable","30":"product-type-variable"},"_links":{"self":[{"href":"https:\/\/climalife.com\/de\/wp-json\/wp\/v2\/product\/161910","targetHints":{"allow":["GET"]}}],"collection":[{"href":"https:\/\/climalife.com\/de\/wp-json\/wp\/v2\/product"}],"about":[{"href":"https:\/\/climalife.com\/de\/wp-json\/wp\/v2\/types\/product"}],"replies":[{"embeddable":true,"href":"https:\/\/climalife.com\/de\/wp-json\/wp\/v2\/comments?post=161910"}],"wp:featuredmedia":[{"embeddable":true,"href":"https:\/\/climalife.com\/de\/wp-json\/wp\/v2\/media\/210749"}],"wp:attachment":[{"href":"https:\/\/climalife.com\/de\/wp-json\/wp\/v2\/media?parent=161910"}],"wp:term":[{"taxonomy":"countries","embeddable":true,"href":"https:\/\/climalife.com\/de\/wp-json\/wp\/v2\/countries?post=161910"},{"taxonomy":"product_brand","embeddable":true,"href":"https:\/\/climalife.com\/de\/wp-json\/wp\/v2\/product_brand?post=161910"},{"taxonomy":"product_cat","embeddable":true,"href":"https:\/\/climalife.com\/de\/wp-json\/wp\/v2\/product_cat?post=161910"},{"taxonomy":"product_tag","embeddable":true,"href":"https:\/\/climalife.com\/de\/wp-json\/wp\/v2\/product_tag?post=161910"}],"curies":[{"name":"wp","href":"https:\/\/api.w.org\/{rel}","templated":true}]}}