{"id":161965,"date":"2022-09-28T17:57:34","date_gmt":"2022-09-28T17:57:34","guid":{"rendered":"http:\/\/climalife.com\/product\/novaspray-hfo-1234ze-dme-60-40\/"},"modified":"2024-10-11T09:06:03","modified_gmt":"2024-10-11T09:06:03","slug":"novaspray-hfo-1234ze-dme-60-40","status":"publish","type":"product","link":"https:\/\/climalife.com\/de\/product\/novaspray-hfo-1234ze-dme-60-40\/","title":{"rendered":"NovaSpray\u2122 HFO 1234ze\/DME (60\/40)"},"content":{"rendered":"<p>Novaspray HFO 1234ze\/DME (60\/40) ist eine Mischung, die auf der 4. Generation von fluorierten Produkten basiert. Es erf\u00fcllt die Umweltvorschriften zum Ersatz von HFCs.<\/p>\n<p>Er hat keine Auswirkungen auf die Ozonschicht und sein Einfluss auf den Treibhauseffekt ist sehr gering (GWP = 4,6). Daher ist es von F-Gas I (Verordnung 842\/2006\/EG) und F-Gas II (Verordnung 517\/2014\/EG) nicht betroffen.<\/p>\n","protected":false},"excerpt":{"rendered":"<p>Das NovaSpray HFO 1234ze\/DME (60\/40) ist eine Mischung aus NovaSpray HFO 1234ze und NovaSpray DME. Mit einer konstanten Qualit\u00e4t und unter kontrolliertem Druck erf\u00fcllt es alle Anforderungen an ein verfl\u00fcssigtes Treibmittel.<\/p>\n","protected":false},"featured_media":126369,"comment_status":"open","ping_status":"closed","template":"","meta":[],"countries":[4674,4709,4756,4813,4831,4862],"product_brand":[],"product_cat":[9965,9992,9758,9646],"product_tag":[],"class_list":{"0":"post-161965","1":"product","2":"type-product","3":"status-publish","4":"has-post-thumbnail","6":"countries-by","7":"countries-cu","8":"countries-ir","9":"countries-kp","10":"countries-ru","11":"countries-sy","12":"product_cat-gesundheit-wellness","13":"product_cat-weitere-industrie","14":"product_cat-aerosole-de","15":"product_cat-hfo-gemische","16":"pa_packaging-flasche-88-l-de-122","18":"first","19":"instock","20":"shipping-taxable","21":"purchasable","22":"product-type-variable"},"_links":{"self":[{"href":"https:\/\/climalife.com\/de\/wp-json\/wp\/v2\/product\/161965","targetHints":{"allow":["GET"]}}],"collection":[{"href":"https:\/\/climalife.com\/de\/wp-json\/wp\/v2\/product"}],"about":[{"href":"https:\/\/climalife.com\/de\/wp-json\/wp\/v2\/types\/product"}],"replies":[{"embeddable":true,"href":"https:\/\/climalife.com\/de\/wp-json\/wp\/v2\/comments?post=161965"}],"wp:featuredmedia":[{"embeddable":true,"href":"https:\/\/climalife.com\/de\/wp-json\/wp\/v2\/media\/126369"}],"wp:attachment":[{"href":"https:\/\/climalife.com\/de\/wp-json\/wp\/v2\/media?parent=161965"}],"wp:term":[{"taxonomy":"countries","embeddable":true,"href":"https:\/\/climalife.com\/de\/wp-json\/wp\/v2\/countries?post=161965"},{"taxonomy":"product_brand","embeddable":true,"href":"https:\/\/climalife.com\/de\/wp-json\/wp\/v2\/product_brand?post=161965"},{"taxonomy":"product_cat","embeddable":true,"href":"https:\/\/climalife.com\/de\/wp-json\/wp\/v2\/product_cat?post=161965"},{"taxonomy":"product_tag","embeddable":true,"href":"https:\/\/climalife.com\/de\/wp-json\/wp\/v2\/product_tag?post=161965"}],"curies":[{"name":"wp","href":"https:\/\/api.w.org\/{rel}","templated":true}]}}