{"id":161975,"date":"2022-09-28T17:57:41","date_gmt":"2022-09-28T17:57:41","guid":{"rendered":"http:\/\/climalife.com\/product\/pyrostop-n37\/"},"modified":"2024-01-25T13:52:32","modified_gmt":"2024-01-25T13:52:32","slug":"pyrostop-37","status":"publish","type":"product","link":"https:\/\/climalife.com\/de\/product\/pyrostop-37\/","title":{"rendered":"Pyrostop 37"},"content":{"rendered":"<p>PYROSTOP 37\u00a0ist ein stabiles, inertes Gas. Es \u00fcbt keinen aggressiven Einfluss auf die Materialien aus, mit denen es in Kontakt kommt.<br \/>\nPYROSTOP 37\u00a0entspricht dem Standard IEC 60376.<br \/>\nAufgrund seines hohen Erderw\u00e4rmungspotentials ist es notwendig, die Emissionen in die Luft zu reduzieren. Climalife bietet Ihnen Transfer- oder Auffanganlagen sowie ein komplettes Recycling-Angebot f\u00fcr dieses Gas. Die Lieferung von SF<sub>6<\/sub>, die Wiederverwertung des gebrauchten Produkts, die Ausr\u00fcstung f\u00fcr den Transfer dieses Gases sowie die Analyseger\u00e4te (Reinheit, S\u00e4uregehalt, Hygrometrie usw.).<\/p>\n","protected":false},"excerpt":{"rendered":"<p>PYROSTOP 37 ist ein nicht toxisches, nicht entflammbares, dielektrisches inertes Gas, das zum L\u00f6schen elektrischer B\u00f6gen oder zum Vermeiden einer Magnesiumentz\u00fcndung genutzt wird. Es kann auch in den folgenden Bereichen eingesetzt werden: Hochspannungssicherungen, Teilchenbeschleuniger, Metallurgie (Magnesiumabdeckung).<\/p>\n","protected":false},"featured_media":127413,"comment_status":"open","ping_status":"closed","template":"","meta":[],"countries":[4674,4709,4756,4813,4831,4862],"product_brand":[],"product_cat":[13066,9956,9965,9983,9386,9992],"product_tag":[],"class_list":{"0":"post-161975","1":"product","2":"type-product","3":"status-publish","4":"has-post-thumbnail","6":"countries-by","7":"countries-cu","8":"countries-ir","9":"countries-kp","10":"countries-ru","11":"countries-sy","12":"product_cat-dielektrischer-schutz-sf6","13":"product_cat-energie","14":"product_cat-gesundheit-wellness","15":"product_cat-luftfahrt-raumfahrt-ruestung","16":"product_cat-schutzgas","17":"product_cat-weitere-industrie","18":"pa_packaging-container-600-l-de-359","19":"pa_packaging-flasche-23-l-de-357","20":"pa_packaging-flasche-41-l-de-358","21":"pa_packaging-flasche-50-l-de-118","23":"first","24":"instock","25":"shipping-taxable","26":"purchasable","27":"product-type-variable"},"_links":{"self":[{"href":"https:\/\/climalife.com\/de\/wp-json\/wp\/v2\/product\/161975","targetHints":{"allow":["GET"]}}],"collection":[{"href":"https:\/\/climalife.com\/de\/wp-json\/wp\/v2\/product"}],"about":[{"href":"https:\/\/climalife.com\/de\/wp-json\/wp\/v2\/types\/product"}],"replies":[{"embeddable":true,"href":"https:\/\/climalife.com\/de\/wp-json\/wp\/v2\/comments?post=161975"}],"wp:featuredmedia":[{"embeddable":true,"href":"https:\/\/climalife.com\/de\/wp-json\/wp\/v2\/media\/127413"}],"wp:attachment":[{"href":"https:\/\/climalife.com\/de\/wp-json\/wp\/v2\/media?parent=161975"}],"wp:term":[{"taxonomy":"countries","embeddable":true,"href":"https:\/\/climalife.com\/de\/wp-json\/wp\/v2\/countries?post=161975"},{"taxonomy":"product_brand","embeddable":true,"href":"https:\/\/climalife.com\/de\/wp-json\/wp\/v2\/product_brand?post=161975"},{"taxonomy":"product_cat","embeddable":true,"href":"https:\/\/climalife.com\/de\/wp-json\/wp\/v2\/product_cat?post=161975"},{"taxonomy":"product_tag","embeddable":true,"href":"https:\/\/climalife.com\/de\/wp-json\/wp\/v2\/product_tag?post=161975"}],"curies":[{"name":"wp","href":"https:\/\/api.w.org\/{rel}","templated":true}]}}