{"id":161984,"date":"2022-09-28T17:57:48","date_gmt":"2022-09-28T17:57:48","guid":{"rendered":"http:\/\/climalife.com\/product\/novexpans-cyclopentan-isopentan-70-30\/"},"modified":"2025-07-31T11:44:28","modified_gmt":"2025-07-31T11:44:28","slug":"novexpans-cyclopentan-isopentan-70-30","status":"publish","type":"product","link":"https:\/\/climalife.com\/de\/product\/novexpans-cyclopentan-isopentan-70-30\/","title":{"rendered":"NOVEXPANS\u2122 cyclopentan\/isopentan (70\/30)"},"content":{"rendered":"<p>Seine H225-Klassifikation ist ein + bei der Erf\u00fcllung der Gesetzgebung zur Lagerung brennbarer Produkte.<br \/>\nWirtschaftlich und unsch\u00e4dlich f\u00fcr die Ozonschicht, es eignet sich besonders f\u00fcr die Herstellung von D\u00e4mmplatten.<\/p>\n","protected":false},"excerpt":{"rendered":"<p>NOVEXPANS\u2122 Cyclopentan\/Isopentan (70\/30) ist eine Mischung aus Cyclopentan und Isopentan mit garantierten Spezifikationen und wird als Expansionsmittel bei der Expansion steifer Polyurethan-Sch\u00e4ume eingesetzt. Diese Mischung ist der ideale Kompromiss zwischen den mechanischen und thermischen Widerst\u00e4nden des hergestellten Schaums.<\/p>\n","protected":false},"featured_media":200116,"comment_status":"open","ping_status":"closed","template":"","meta":[],"countries":[4674,4709,4756,4813,4831,4862],"product_brand":[],"product_cat":[9974,9947,9938,9992,13101,9511],"product_tag":[],"class_list":{"0":"post-161984","1":"product","2":"type-product","3":"status-publish","4":"has-post-thumbnail","6":"countries-by","7":"countries-cu","8":"countries-ir","9":"countries-kp","10":"countries-ru","11":"countries-sy","12":"product_cat-automobil-transport","13":"product_cat-gebaeude","14":"product_cat-lebensmittel","15":"product_cat-weitere-industrie","16":"product_cat-daemmung","17":"product_cat-kohlenwasserstoffe","18":"pa_packaging-container-930-l-de-76","19":"pa_packaging-fass-217-l-de-30","20":"pa_packaging-fass-30-l-de-26","21":"pa_packaging-flasche-88-l-de-122","22":"pa_packaging-lose-ware-de-168","24":"first","25":"instock","26":"shipping-taxable","27":"purchasable","28":"product-type-variable"},"_links":{"self":[{"href":"https:\/\/climalife.com\/de\/wp-json\/wp\/v2\/product\/161984","targetHints":{"allow":["GET"]}}],"collection":[{"href":"https:\/\/climalife.com\/de\/wp-json\/wp\/v2\/product"}],"about":[{"href":"https:\/\/climalife.com\/de\/wp-json\/wp\/v2\/types\/product"}],"replies":[{"embeddable":true,"href":"https:\/\/climalife.com\/de\/wp-json\/wp\/v2\/comments?post=161984"}],"wp:featuredmedia":[{"embeddable":true,"href":"https:\/\/climalife.com\/de\/wp-json\/wp\/v2\/media\/200116"}],"wp:attachment":[{"href":"https:\/\/climalife.com\/de\/wp-json\/wp\/v2\/media?parent=161984"}],"wp:term":[{"taxonomy":"countries","embeddable":true,"href":"https:\/\/climalife.com\/de\/wp-json\/wp\/v2\/countries?post=161984"},{"taxonomy":"product_brand","embeddable":true,"href":"https:\/\/climalife.com\/de\/wp-json\/wp\/v2\/product_brand?post=161984"},{"taxonomy":"product_cat","embeddable":true,"href":"https:\/\/climalife.com\/de\/wp-json\/wp\/v2\/product_cat?post=161984"},{"taxonomy":"product_tag","embeddable":true,"href":"https:\/\/climalife.com\/de\/wp-json\/wp\/v2\/product_tag?post=161984"}],"curies":[{"name":"wp","href":"https:\/\/api.w.org\/{rel}","templated":true}]}}