{"id":162043,"date":"2022-09-28T17:58:33","date_gmt":"2022-09-28T17:58:33","guid":{"rendered":"http:\/\/climalife.com\/product\/solstice-zd-r-1233zd\/"},"modified":"2025-02-19T12:13:07","modified_gmt":"2025-02-19T12:13:07","slug":"solstice-zd-r-1233zd","status":"publish","type":"product","link":"https:\/\/climalife.com\/de\/product\/solstice-zd-r-1233zd\/","title":{"rendered":"R-1233zd Solstice\u00ae zd"},"content":{"rendered":"<p>Polyolester\u00f6l verwenden (POE).<\/p>\n","protected":false},"excerpt":{"rendered":"<p>R-1233zd ist ein fluoriertes Gas der Familie Hydrofluorolefin (HFO) mit sehr niedrigen GWP- und Niederdruck. Es wird bei der Klimatisierung von Industrieluft und in Geb\u00e4udeklimaanlagen f\u00fcr die K\u00fchlung von Wasser und Zwischenmedien, sowie in Hochleistungsanlagen mit (ein- oder mehrstufigen) Turboverdichtern, als Ersatz des R-123 in Neuanlagen eingesetzt.<\/p>\n","protected":false},"featured_media":117432,"comment_status":"open","ping_status":"closed","template":"","meta":[],"countries":[4674,4709,4756,4813,4831,4862],"product_brand":[],"product_cat":[9983,9947,9956,9938,9965,9992,13057,13092,13110,13126,9661],"product_tag":[],"class_list":{"0":"post-162043","1":"product","2":"type-product","3":"status-publish","4":"has-post-thumbnail","6":"countries-by","7":"countries-cu","8":"countries-ir","9":"countries-kp","10":"countries-ru","11":"countries-sy","12":"product_cat-luftfahrt-raumfahrt-ruestung","13":"product_cat-gebaeude","14":"product_cat-energie","15":"product_cat-lebensmittel","16":"product_cat-gesundheit-wellness","17":"product_cat-weitere-industrie","18":"product_cat-klimatechnik","19":"product_cat-heizung","20":"product_cat-orc-organischer-rankin-zyklus","21":"product_cat-kaeltetechnik","22":"product_cat-hfo-de-23","23":"pa_packaging-container-448-l-de-74","24":"pa_packaging-container-930-l-de-76","25":"pa_packaging-cubikool","26":"pa_packaging-flasche-52-l-de-72","28":"first","29":"instock","30":"shipping-taxable","31":"purchasable","32":"product-type-variable"},"_links":{"self":[{"href":"https:\/\/climalife.com\/de\/wp-json\/wp\/v2\/product\/162043","targetHints":{"allow":["GET"]}}],"collection":[{"href":"https:\/\/climalife.com\/de\/wp-json\/wp\/v2\/product"}],"about":[{"href":"https:\/\/climalife.com\/de\/wp-json\/wp\/v2\/types\/product"}],"replies":[{"embeddable":true,"href":"https:\/\/climalife.com\/de\/wp-json\/wp\/v2\/comments?post=162043"}],"wp:featuredmedia":[{"embeddable":true,"href":"https:\/\/climalife.com\/de\/wp-json\/wp\/v2\/media\/117432"}],"wp:attachment":[{"href":"https:\/\/climalife.com\/de\/wp-json\/wp\/v2\/media?parent=162043"}],"wp:term":[{"taxonomy":"countries","embeddable":true,"href":"https:\/\/climalife.com\/de\/wp-json\/wp\/v2\/countries?post=162043"},{"taxonomy":"product_brand","embeddable":true,"href":"https:\/\/climalife.com\/de\/wp-json\/wp\/v2\/product_brand?post=162043"},{"taxonomy":"product_cat","embeddable":true,"href":"https:\/\/climalife.com\/de\/wp-json\/wp\/v2\/product_cat?post=162043"},{"taxonomy":"product_tag","embeddable":true,"href":"https:\/\/climalife.com\/de\/wp-json\/wp\/v2\/product_tag?post=162043"}],"curies":[{"name":"wp","href":"https:\/\/api.w.org\/{rel}","templated":true}]}}