{"id":162056,"date":"2022-09-28T17:58:42","date_gmt":"2022-09-28T17:58:42","guid":{"rendered":"http:\/\/climalife.com\/product\/solstice-n40-r-448a\/"},"modified":"2024-12-20T13:54:18","modified_gmt":"2024-12-20T13:54:18","slug":"solstice-n40-r-448a","status":"publish","type":"product","link":"https:\/\/climalife.com\/de\/product\/solstice-n40-r-448a\/","title":{"rendered":"R-448A Solstice\u00ae N40"},"content":{"rendered":"<p>Es wird bevorzugt bei K\u00fchlzentralen von Superm\u00e4rkten und Einkaufszentren, K\u00fchllagerh\u00e4usern, Anlagen zur Tiefk\u00fchlung von Lebensmitteln sowie K\u00fchlm\u00f6beln f\u00fcr die Aufbewahrung von tiefgefrorenen Lebensmitteln und f\u00fcr K\u00fchllastwagen verwendet.<\/p>\n<p>Polyolester\u00f6l verwenden (POE).<\/p>\n<p>&nbsp;<\/p>\n","protected":false},"excerpt":{"rendered":"<p>R-448A ist ein nichtazeotropes Gemisch aus FKW und HFO mit niedrigem GWP, das als Ersatz f\u00fcr R-404A in neuen oder bestehenden Anlagen f\u00fcr gewerbliche und industrielle K\u00e4lteanwendungen eingesetzt wird.<\/p>\n","protected":false},"featured_media":116442,"comment_status":"open","ping_status":"closed","template":"","meta":[],"countries":[4674,4709,4756,4813,4831,4862],"product_brand":[],"product_cat":[9983,9974,9938,9965,9992,13126,9605],"product_tag":[],"class_list":{"0":"post-162056","1":"product","2":"type-product","3":"status-publish","4":"has-post-thumbnail","6":"countries-by","7":"countries-cu","8":"countries-ir","9":"countries-kp","10":"countries-ru","11":"countries-sy","12":"product_cat-luftfahrt-raumfahrt-ruestung","13":"product_cat-automobil-transport","14":"product_cat-lebensmittel","15":"product_cat-gesundheit-wellness","16":"product_cat-weitere-industrie","17":"product_cat-kaeltetechnik","18":"product_cat-fkw-hfo-gemische","19":"pa_packaging-container-448-l-de-74","20":"pa_packaging-container-930-l-de-76","21":"pa_packaging-cubikool","22":"pa_packaging-flasche-52-l-de-72","24":"first","25":"instock","26":"shipping-taxable","27":"purchasable","28":"product-type-variable"},"_links":{"self":[{"href":"https:\/\/climalife.com\/de\/wp-json\/wp\/v2\/product\/162056","targetHints":{"allow":["GET"]}}],"collection":[{"href":"https:\/\/climalife.com\/de\/wp-json\/wp\/v2\/product"}],"about":[{"href":"https:\/\/climalife.com\/de\/wp-json\/wp\/v2\/types\/product"}],"replies":[{"embeddable":true,"href":"https:\/\/climalife.com\/de\/wp-json\/wp\/v2\/comments?post=162056"}],"wp:featuredmedia":[{"embeddable":true,"href":"https:\/\/climalife.com\/de\/wp-json\/wp\/v2\/media\/116442"}],"wp:attachment":[{"href":"https:\/\/climalife.com\/de\/wp-json\/wp\/v2\/media?parent=162056"}],"wp:term":[{"taxonomy":"countries","embeddable":true,"href":"https:\/\/climalife.com\/de\/wp-json\/wp\/v2\/countries?post=162056"},{"taxonomy":"product_brand","embeddable":true,"href":"https:\/\/climalife.com\/de\/wp-json\/wp\/v2\/product_brand?post=162056"},{"taxonomy":"product_cat","embeddable":true,"href":"https:\/\/climalife.com\/de\/wp-json\/wp\/v2\/product_cat?post=162056"},{"taxonomy":"product_tag","embeddable":true,"href":"https:\/\/climalife.com\/de\/wp-json\/wp\/v2\/product_tag?post=162056"}],"curies":[{"name":"wp","href":"https:\/\/api.w.org\/{rel}","templated":true}]}}