{"id":162131,"date":"2022-09-28T17:59:32","date_gmt":"2022-09-28T17:59:32","guid":{"rendered":"http:\/\/climalife.com\/product\/neutraguard-neo\/"},"modified":"2026-04-15T16:11:45","modified_gmt":"2026-04-15T16:11:45","slug":"neutraguard-neo","status":"publish","type":"product","link":"https:\/\/climalife.com\/de\/product\/neutraguard-neo\/","title":{"rendered":"Neutraguard\u00ae Neo"},"content":{"rendered":"<p>Nach der Verd\u00fcnnung mit Wasser bietet <strong>NEUTRAGUARD<sup>\u00ae<\/sup> NEO<\/strong> einen hervorragenden Schutz gegen Frost und einen zunehmenden Schutz gegen Metallkorrosion in alten oder neuen Heizkreisl\u00e4ufen (Stahl, Aluminium, Kupfer etc..). Dieser Schutz wurde in verschiedenen statischen oder dynamischen W\u00e4rmetests best\u00e4tigt.<\/p>\n<p>&nbsp;<\/p>\n","protected":false},"excerpt":{"rendered":"<p>NEUTRAGUARD<sup>\u00ae<\/sup> NEO, auf Basis von Monopropylenglykol und Inhibitoren, ist ein konzentrierter frostsch\u00fctzender W\u00e4rmetr\u00e4ger. Dieses Produkt ist geeignet f\u00fcr Zentralheizungskreisl\u00e4ufe mit Wasserzirkulation, Fu\u00dfbodenheizungen, Solaranlagen und in der Geothermie.<\/p>\n","protected":false},"featured_media":196561,"comment_status":"open","ping_status":"closed","template":"","meta":[],"countries":[4674,4709,4756,4813,4831,4862],"product_brand":[],"product_cat":[9956,9947,13092,13534,9992],"product_tag":[],"class_list":{"0":"post-162131","1":"product","2":"type-product","3":"status-publish","4":"has-post-thumbnail","6":"countries-by","7":"countries-cu","8":"countries-ir","9":"countries-kp","10":"countries-ru","11":"countries-sy","12":"product_cat-energie","13":"product_cat-gebaeude","14":"product_cat-heizung","15":"product_cat-mpg-de","16":"product_cat-weitere-industrie","17":"pa_packaging-kanister-20-l-de-36","18":"pa_packaging-container-1000-kg-de-139","19":"pa_packaging-fass-210-l-de-28","21":"first","22":"instock","23":"shipping-taxable","24":"purchasable","25":"product-type-variable"},"_links":{"self":[{"href":"https:\/\/climalife.com\/de\/wp-json\/wp\/v2\/product\/162131","targetHints":{"allow":["GET"]}}],"collection":[{"href":"https:\/\/climalife.com\/de\/wp-json\/wp\/v2\/product"}],"about":[{"href":"https:\/\/climalife.com\/de\/wp-json\/wp\/v2\/types\/product"}],"replies":[{"embeddable":true,"href":"https:\/\/climalife.com\/de\/wp-json\/wp\/v2\/comments?post=162131"}],"wp:featuredmedia":[{"embeddable":true,"href":"https:\/\/climalife.com\/de\/wp-json\/wp\/v2\/media\/196561"}],"wp:attachment":[{"href":"https:\/\/climalife.com\/de\/wp-json\/wp\/v2\/media?parent=162131"}],"wp:term":[{"taxonomy":"countries","embeddable":true,"href":"https:\/\/climalife.com\/de\/wp-json\/wp\/v2\/countries?post=162131"},{"taxonomy":"product_brand","embeddable":true,"href":"https:\/\/climalife.com\/de\/wp-json\/wp\/v2\/product_brand?post=162131"},{"taxonomy":"product_cat","embeddable":true,"href":"https:\/\/climalife.com\/de\/wp-json\/wp\/v2\/product_cat?post=162131"},{"taxonomy":"product_tag","embeddable":true,"href":"https:\/\/climalife.com\/de\/wp-json\/wp\/v2\/product_tag?post=162131"}],"curies":[{"name":"wp","href":"https:\/\/api.w.org\/{rel}","templated":true}]}}