{"id":162140,"date":"2022-09-28T17:59:41","date_gmt":"2022-09-28T17:59:41","guid":{"rendered":"http:\/\/climalife.com\/product\/fertiggemischtes-neutragel-neo\/"},"modified":"2026-04-15T15:48:22","modified_gmt":"2026-04-15T15:48:22","slug":"fertiggemischtes-neutragel-neo","status":"publish","type":"product","link":"https:\/\/climalife.com\/de\/product\/fertiggemischtes-neutragel-neo\/","title":{"rendered":"Fertiggemischtes Neutragel\u00ae Neo"},"content":{"rendered":"<p><strong>NEUTRAGEL<sup>\u00ae<\/sup> NEO<\/strong> bietet einen hervorragenden Schutz gegen Frost und einen zunehmenden Schutz gegen Metallkorrosion in alten oder neuen Heizkreisl\u00e4ufen (Stahl, Aluminium, Kupfer etc..). Dieser Schutz wurde in verschiedenen statischen oder dynamischen W\u00e4rmetests best\u00e4tigt.<\/p>\n","protected":false},"excerpt":{"rendered":"<p>Fertiggemischtes NEUTRAGEL<sup>\u00ae<\/sup> NEO, ist ein Frostschutzmittel auf der Basis von Monoethylenglykol veredelt mit Korrosionsinhibitoren, das f\u00fcr die Kreisl\u00e4ufe von industriellen Niedrigtemperaturk\u00e4lteanlagen und Klimaanlagen entwickelt wurde. Es ist nicht f\u00fcr Anlagen zur Brauchwassererzeugung im einfachen Austausch zugelassen.<\/p>\n","protected":false},"featured_media":198419,"comment_status":"open","ping_status":"closed","template":"","meta":[],"countries":[4674,4709,4756,4813,4831,4862],"product_brand":[],"product_cat":[9983,9947,9956,9938,9965,9992,13057,13083,13126,13526],"product_tag":[],"class_list":{"0":"post-162140","1":"product","2":"type-product","3":"status-publish","4":"has-post-thumbnail","6":"countries-by","7":"countries-cu","8":"countries-ir","9":"countries-kp","10":"countries-ru","11":"countries-sy","12":"product_cat-luftfahrt-raumfahrt-ruestung","13":"product_cat-gebaeude","14":"product_cat-energie","15":"product_cat-lebensmittel","16":"product_cat-gesundheit-wellness","17":"product_cat-weitere-industrie","18":"product_cat-klimatechnik","19":"product_cat-feuerschutz","20":"product_cat-kaeltetechnik","21":"product_cat-meg-de","22":"pa_packaging-container-1000-kg-de-139","23":"pa_packaging-fass-210-l-de-28","24":"pa_packaging-lose-ware-10-t-de-140","25":"pa_packaging-lose-ware-20-t-de-141","26":"pa_packaging-lose-ware-5-t-de-144","27":"pa_protection-13-c-de-151","28":"pa_protection-16c-de-152","29":"pa_protection-18c-de-145","30":"pa_protection-20c-de-146","31":"pa_protection-27c-de-153","32":"pa_protection-32c-de-154","33":"pa_protection-39c-de-155","35":"first","36":"instock","37":"shipping-taxable","38":"purchasable","39":"product-type-variable"},"_links":{"self":[{"href":"https:\/\/climalife.com\/de\/wp-json\/wp\/v2\/product\/162140","targetHints":{"allow":["GET"]}}],"collection":[{"href":"https:\/\/climalife.com\/de\/wp-json\/wp\/v2\/product"}],"about":[{"href":"https:\/\/climalife.com\/de\/wp-json\/wp\/v2\/types\/product"}],"replies":[{"embeddable":true,"href":"https:\/\/climalife.com\/de\/wp-json\/wp\/v2\/comments?post=162140"}],"wp:featuredmedia":[{"embeddable":true,"href":"https:\/\/climalife.com\/de\/wp-json\/wp\/v2\/media\/198419"}],"wp:attachment":[{"href":"https:\/\/climalife.com\/de\/wp-json\/wp\/v2\/media?parent=162140"}],"wp:term":[{"taxonomy":"countries","embeddable":true,"href":"https:\/\/climalife.com\/de\/wp-json\/wp\/v2\/countries?post=162140"},{"taxonomy":"product_brand","embeddable":true,"href":"https:\/\/climalife.com\/de\/wp-json\/wp\/v2\/product_brand?post=162140"},{"taxonomy":"product_cat","embeddable":true,"href":"https:\/\/climalife.com\/de\/wp-json\/wp\/v2\/product_cat?post=162140"},{"taxonomy":"product_tag","embeddable":true,"href":"https:\/\/climalife.com\/de\/wp-json\/wp\/v2\/product_tag?post=162140"}],"curies":[{"name":"wp","href":"https:\/\/api.w.org\/{rel}","templated":true}]}}