{"id":162160,"date":"2022-09-28T17:59:57","date_gmt":"2022-09-28T17:59:57","guid":{"rendered":"http:\/\/climalife.com\/product\/anlagenflasche\/"},"modified":"2024-01-25T13:52:21","modified_gmt":"2024-01-25T13:52:21","slug":"anlagenflasche","status":"publish","type":"product","link":"https:\/\/climalife.com\/de\/product\/anlagenflasche\/","title":{"rendered":"Anlagenflasche"},"content":{"rendered":"<p>Unsere Anlagenverpackungen werden gereinigt und vakuumentleert geliefert. So gew\u00e4hrleisten wir die Reinheit Ihrer K\u00e4ltemittel und k\u00f6nnen dann nach der Wartung wieder in die Anlage umgef\u00fcllt werden.<\/p>\n<p>Verpackungsgr\u00f6\u00dfen sowie Verf\u00fcgbarkeiten k\u00f6nnen je nach Land abweichen.<\/p>\n","protected":false},"excerpt":{"rendered":"<p>Bereitstellung. F\u00fcr die zeitweilige Entleerung der Systeme vor dem erneuten Bef\u00fcllen der Anlagen mit K\u00e4ltemittel.<\/p>\n","protected":false},"featured_media":108711,"comment_status":"open","ping_status":"closed","template":"","meta":[],"countries":[4674,4709,4756,4813,4831,4862],"product_brand":[],"product_cat":[9983,9974,9947,9956,9938,9965,9992,13057,13092,13110,13126,13135,13256],"product_tag":[],"class_list":{"0":"post-162160","1":"product","2":"type-product","3":"status-publish","4":"has-post-thumbnail","6":"countries-by","7":"countries-cu","8":"countries-ir","9":"countries-kp","10":"countries-ru","11":"countries-sy","12":"product_cat-luftfahrt-raumfahrt-ruestung","13":"product_cat-automobil-transport","14":"product_cat-gebaeude","15":"product_cat-energie","16":"product_cat-lebensmittel","17":"product_cat-gesundheit-wellness","18":"product_cat-weitere-industrie","19":"product_cat-klimatechnik","20":"product_cat-heizung","21":"product_cat-orc-organischer-rankin-zyklus","22":"product_cat-kaeltetechnik","23":"product_cat-erneuerbare-energie","24":"product_cat-ruckgewinnung-kaltemittel","25":"pa_packaging-12-l-en-132","26":"pa_packaging-88-l-en-126","27":"pa_packaging-flasche-26-l-de-32","28":"pa_pressure-42-bar-de-242","30":"first","31":"instock","32":"shipping-taxable","33":"purchasable","34":"product-type-variable"},"_links":{"self":[{"href":"https:\/\/climalife.com\/de\/wp-json\/wp\/v2\/product\/162160","targetHints":{"allow":["GET"]}}],"collection":[{"href":"https:\/\/climalife.com\/de\/wp-json\/wp\/v2\/product"}],"about":[{"href":"https:\/\/climalife.com\/de\/wp-json\/wp\/v2\/types\/product"}],"replies":[{"embeddable":true,"href":"https:\/\/climalife.com\/de\/wp-json\/wp\/v2\/comments?post=162160"}],"wp:featuredmedia":[{"embeddable":true,"href":"https:\/\/climalife.com\/de\/wp-json\/wp\/v2\/media\/108711"}],"wp:attachment":[{"href":"https:\/\/climalife.com\/de\/wp-json\/wp\/v2\/media?parent=162160"}],"wp:term":[{"taxonomy":"countries","embeddable":true,"href":"https:\/\/climalife.com\/de\/wp-json\/wp\/v2\/countries?post=162160"},{"taxonomy":"product_brand","embeddable":true,"href":"https:\/\/climalife.com\/de\/wp-json\/wp\/v2\/product_brand?post=162160"},{"taxonomy":"product_cat","embeddable":true,"href":"https:\/\/climalife.com\/de\/wp-json\/wp\/v2\/product_cat?post=162160"},{"taxonomy":"product_tag","embeddable":true,"href":"https:\/\/climalife.com\/de\/wp-json\/wp\/v2\/product_tag?post=162160"}],"curies":[{"name":"wp","href":"https:\/\/api.w.org\/{rel}","templated":true}]}}